{"id":1182,"date":"2019-07-22T23:30:47","date_gmt":"2019-07-22T23:30:47","guid":{"rendered":"http:\/\/lacmcgregorlake.ca\/?page_id=1182"},"modified":"2019-07-23T01:33:26","modified_gmt":"2019-07-23T01:33:26","slug":"proces-verbal-de-laga-2018-agm-minutes","status":"publish","type":"page","link":"https:\/\/lacmcgregorlake.ca\/fr\/association\/proces-verbal-de-laga-2018-agm-minutes\/","title":{"rendered":"Proc\u00e8s-verbal de l\u2019AGA ~ 2018 ~ AGM Minutes"},"content":{"rendered":"<h2 style=\"text-align: center;\">Proc\u00e8s-verbal de l\u2019Assembl\u00e9e g\u00e9n\u00e9rale annuelle (AGA) de l\u2019Association du Lac McGregor<\/h2>\n<h3 style=\"text-align: center;\">Le samedi 9 juin 2018<\/h3>\n<p><em>(English follows)<\/em><\/p>\n<p><strong>Pr\u00e9sents :<\/strong><br \/>\nGary Anka. Miranda Baniulus, Peter Barton, Mary Carman, John Fripp (Membre honoraire), Jennifer Garland, Karen George, Bob Kerr, Robert Lafleur, Elizabeth Logue, William Metz, Deena Ryan, H\u00e9l\u00e8ne Valin, Paul White.<\/p>\n<p><strong>Absents :<\/strong><br \/>\nSue Featherstone, Deborah Morrisson<\/p>\n<p><strong>Invit\u00e9s:<\/strong> M. le Maire Jacques Laurin<br \/>\nM. le Conseiller Claude Bergeron<br \/>\n_____________________________________________________<br \/>\n<em>L\u2019assembl\u00e9e commence \u00e0 10h10 et est pr\u00e9sid\u00e9e par Peter Barton.<\/em><\/p>\n<p><strong>1. Approbation de l\u2019Ordre du jour<\/strong><br \/>\nPropos\u00e9 par Robert Lafleur, second\u00e9 par Paul White. <em><strong>Approuv\u00e9<\/strong><\/em><\/p>\n<p><strong>2. Mot de bienvenue et introduction<\/strong><br \/>\nPeter Barton ouvre la r\u00e9union en remerciant tous les participants et souhaite la bienvenue au maire Jacques Laurin et au conseiller Claude Bergeron. Il mentionne les points forts suivants: le lancement du nouveau site Web aujourd&#8217;hui; nouvelle marchandise disponible; la nouvelle tr\u00e9sori\u00e8re Deborah Morrison succ\u00e8de \u00e0 la tr\u00e9sori\u00e8re actuelle Mary Carman; Elizabeth Logue et sa famille reprennent le programme d&#8217;\u00e9chantillonnage de l&#8217;eau, mais ont toujours besoin de b\u00e9n\u00e9voles; Gary Anka \u00e9tait tr\u00e8s impliqu\u00e9 dans la F\u00e9d\u00e9ration des lacs et Deena Ryan est maintenant la repr\u00e9sentante de l\u2019Association. Peter encourage tout le monde \u00e0 assister \u00e0 une r\u00e9union de consultation publique et \/ ou \u00e0 envoyer des commentaires \u00e9crits.<\/p>\n<p><strong>3. Mot du Maire et du Conseiller<\/strong><br \/>\n&#8211; Le maire commence par remercier tout le monde pour leur soutien lors des \u00e9lections de l&#8217;automne dernier. Il est heureux d&#8217;\u00eatre \u00e0 la r\u00e9union pour partager des pr\u00e9occupations communes. Il y a actuellement des consultations publiques sur le bassin versant et il invite tout le monde \u00e0 assister \u00e0 ces r\u00e9unions ou \u00e0 transmettre ses pr\u00e9occupations \u00e9crites aux consultations. Des inqui\u00e9tudes subsistent quant aux rampes d\u2019acc\u00e8s priv\u00e9es au lac et il faut y rem\u00e9dier. En raison de la r\u00e9glementation en vigueur concernant les rampes d&#8217;acc\u00e8s, certains propri\u00e9taires priv\u00e9s autorisent l&#8217;acc\u00e8s par l&#8217;interm\u00e9diaire de leur propri\u00e9t\u00e9. De plus, certains d\u00e9veloppeurs fournissent un acc\u00e8s et nous devons trouver des solutions. Il est \u00e9galement n\u00e9cessaire d&#8217;\u00e9duquer les gens sur les bonnes pratiques de navigation de plaisance. Le maire Laurin a \u00e9galement parl\u00e9 du programme de compostage en cours et souligne que 1500 composteurs avaient d\u00e9j\u00e0 \u00e9t\u00e9 livr\u00e9s. Avec une augmentation de 500 foyers l\u2019ann\u00e9e derni\u00e8re, tous doivent essayer de r\u00e9duire les d\u00e9chets, dont 40% sont compostables. La r\u00e9glementation provinciale stipule que nous devons r\u00e9duire les d\u00e9chets de 40%. Il mentionne \u00e9galement que la municipalit\u00e9 organise deux fois par an des journ\u00e9es sp\u00e9ciales pour le recyclage de produits dangereux (peinture, produits chimiques, etc.).<br \/>\n&#8211; Claude Bergeron mentionne que la s\u00e9curit\u00e9 de la navigation de plaisance est une priorit\u00e9 et qu&#8217;il a rencontr\u00e9 la MRC pour discuter avec les chefs de la possibilit\u00e9 de patrouiller davantage le lac les week-ends. En ce qui concerne les installations de lavage des bateaux, il est mentionn\u00e9 qu&#8217;il est assez co\u00fbteux de trouver une place et qu&#8217;en raison des restrictions budg\u00e9taires, il n&#8217;\u00e9tait plus envisag\u00e9. Les consultations publiques sur la gestion des bassins versants pourraient avoir pour priorit\u00e9 de r\u00e9gler ce probl\u00e8me. Il d\u00e9clare que le service d&#8217;incendie est disponible 24 heures sur 24, 7 jours sur 7, ce qui a permis de r\u00e9duire de moiti\u00e9 les d\u00e9lais d&#8217;intervention. Il souligne qu&#8217;il est important que les routes priv\u00e9es soient accessibles \u00e0 tout moment en cas d&#8217;urgence.<br \/>\n&#8211; Le maire Laurin et le conseiller Bergeron abordent alors des questions dont le lavage des bateaux, l&#8217;inspection des installations septiques ainsi que des moyens d\u2019emp\u00eacher des propri\u00e9taires de rampes d\u2019acc\u00e8s priv\u00e9es de donner la permission aux membres du public d\u2019acc\u00e9der au lac.<\/p>\n<p><strong>4. Adoption du proc\u00e8s-verbal de l\u2019AGA de 2017<\/strong><br \/>\nPropos\u00e9 par Hania Grabowski, second\u00e9 par Paul White. <em><strong>Approuv\u00e9<\/strong><\/em><\/p>\n<p><strong>5. Rapport du Pr\u00e9sident<\/strong><br \/>\nPeter Barton remercie Marie-Jos\u00e9e Lafleur et Ryan Smith pour leurs efforts et leur travail acharn\u00e9 dans la mise en place d&#8217;un nouveau site Web.<br \/>\nFacebook continue d&#8217;\u00eatre une excellente ressource pour rester en contact et signaler toute nouvelle importante telle que les quais flottants, comme on l&#8217;a vu l&#8217;automne dernier. Marie-Jos\u00e9e organise \u00e9galement des concours et publie les images sur Facebook.<\/p>\n<p><strong>6. Consultations du bassin versant<\/strong>\u2028 Peter explique l&#8217;importance de l&#8217;\u00e9tude sur le bassin versant et mentionne que l&#8217;Association a pr\u00e9sent\u00e9 un m\u00e9moire lors d&#8217;une r\u00e9union r\u00e9cente et a soulev\u00e9 de nombreuses ques tions, notamment en ce qui concerne le d\u00e9veloppement r\u00e9sidentiel et l&#8217;acc\u00e8s sans entrave au lac \u00e0 l&#8217;aide de rampes priv\u00e9es.<\/p>\n<p><strong>7. \u00c9tats financiers<\/strong><br \/>\n&#8211; Mary Carman rend compte du rapport financier mis \u00e0 la disposition des membres. Les 149 membres actuels sont en baisse par rapport aux 172 membres de l\u2019ann\u00e9e derni\u00e8re, ce qui est le r\u00e9sultat des efforts de Jean-Pierre Sarault en mati\u00e8re de diffusion de l\u2019information porte \u00e0 porte.<br \/>\n&#8211; Les d\u00e9penses de la r\u00e9gate ont \u00e9t\u00e9 r\u00e9duites gr\u00e2ce aux efforts de Deena Ryan.<br \/>\n&#8211; Une r\u00e9serve de 3 000,00 $ doit \u00eatre utilis\u00e9e pour des activit\u00e9s sp\u00e9cifiques r\u00e9sultant du plan de gestion. Le conseil \u00e9valuera les meilleures options.<br \/>\n&#8211; Suite \u00e0 la r\u00e9solution de l\u2019ann\u00e9e derni\u00e8re, les dossiers des anciens membres de l\u2019association ont \u00e9t\u00e9 purg\u00e9s, mais tous ceux ayant une valeur historique ont \u00e9t\u00e9 conserv\u00e9s.<br \/>\n&#8211; <strong>Premi\u00e8re motion pour approuver le rapport financier avec une erreur de 16,72 $<\/strong><br \/>\n&#8211; Propos\u00e9 par Robert Lafleur et appuy\u00e9 par David Younger que le rapport soit accept\u00e9 tel que pr\u00e9sent\u00e9. Le rapport a \u00e9t\u00e9 vot\u00e9.<em><strong> Tous en faveur.<\/strong><\/em><br \/>\n&#8211; <strong>Deuxi\u00e8me motion pour confirmer les signataires \u00e0 la suite du nouveau tr\u00e9sorier<\/strong>: Peter Barton; Bob Kerr; Deborah Morrison et Mary Carman.<br \/>\nPropos\u00e9 par Roseanne Emard et appuy\u00e9 par Louise Lafleur que le rapport soit<br \/>\naccept\u00e9 tel que pr\u00e9sent\u00e9. Le rapport a \u00e9t\u00e9 vot\u00e9. <em><strong>Tous en faveur.<\/strong><\/em><br \/>\n&#8211; Peter remercie Mary pour sa grande contribution et son implications dans le pass\u00e9 et Bill pour son appui continu.<\/p>\n<p><strong>8. Rapport des comit\u00e9s<\/strong><br \/>\n&#8211; <em>Site Web:<\/em> Marie-Jos\u00e9e Lafleur a pr\u00e9sent\u00e9 les nouveaux \u00e9l\u00e9ments du site Web. De nombreuses heures de travail ont \u00e9t\u00e9 consacr\u00e9es \u00e0 l\u2019am\u00e9lioration du site Web. Il convient de f\u00e9liciter Marie-Jos\u00e9e et Ryan Smith d\u2019avoir mis au point un site Web bilingue convivial et tr\u00e8s instructif pour tous les membres qui peuvent acc\u00e9der aux R\u00e8glements, nouvelles, r\u00e9sultats des \u00e9chantillonnages de l\u2019eau et bien plus encore.<br \/>\n&#8211; <em>Facebook:<\/em> excellente participation des membres.<br \/>\n&#8211; <em>Adh\u00e9sion:<\/em> les renouvellements sont disponibles via Paypal (vous n&#8217;avez pas besoin d&#8217;un compte) ou \u00e0 la r\u00e9gate. Nous examinerons le transfert \u00e9lectronique, mais cela est plus laborieux pour les associations. Nous demanderons aux membres de partager la livraison des autocollants de bateau. Peter invite tout le monde \u00e0 inviter les voisins \u00e0 discuter des avantages d\u2019adh\u00e9rer \u00e0 l\u2019Association. Louise Lafleur sugg\u00e8re un pourcentage possible de r\u00e9duction dans certaines entreprises pour les membres de l\u2019Association. Deena a sugg\u00e9r\u00e9 que si vous apportez un ami, vous pourriez recevoir un t-shirt.<br \/>\n&#8211; <em>R\u00e9gate:<\/em> la date cette ann\u00e9e sera le 14 juillet au camping MgGregor. Un sauveteur a \u00e9t\u00e9 embauch\u00e9 conform\u00e9ment \u00e0 la r\u00e9glementation. Deena Ryan s\u2019occupera une fois de plus de la nourriture et des boissons. Des b\u00e9n\u00e9voles sont requis.<\/p>\n<p><strong>9. Mise en candidature et \u00c9lection des Administrateurs<\/strong><br \/>\n&#8211; Marie-Jos\u00e9e Lafleur accepte de prendre la rel\u00e8ve du poste de secr\u00e9taire de H\u00e9l\u00e8ne Valin. Propos\u00e9 par Deena Ryan et second\u00e9 par Elizabeth Logue. <em><strong>Nomination accept\u00e9e.<\/strong><\/em><br \/>\n&#8211; Confirmation des membres actuels du Comit\u00e9 d\u2019administration par Michael Scott et second\u00e9 par David Younger.<\/p>\n<p><strong>10. Affaires nouvelles<\/strong><br \/>\nLouise Lafleur mentionne la nouvelle disponibilit\u00e9 du WIFI Digicon. Mary Carman demande s&#8217;il existe une r\u00e9glementation concernant la longueur des quais. Le maire Laurin indique qu&#8217;ils ne peuvent pas interf\u00e9rer avec la navigation mais qu&#8217;il faudrait v\u00e9rifier s&#8217;il y a des limites de longueur. Il mentionne que la F\u00e9d\u00e9ration des lacs doit \u00eatre f\u00e9licit\u00e9e pour son excellent travail.<\/p>\n<p><strong>11. Fin de la s\u00e9ance<\/strong><br \/>\nPeter Barton remercie le Maire et le conseiller Claude Bergeron pour leur participation.<br \/>\nPropos\u00e9 par Louise Lafleur et second\u00e9 par Karen George que l\u2019Assembl\u00e9e soit lev\u00e9e \u00e0 11h55 AM. <em><strong>Approuv\u00e9<\/strong><\/em><\/p>\n<p><em>Date de la prochaine assembl\u00e9e \u00e0 \u00eatre d\u00e9termin\u00e9e.<\/em><\/p>\n<p><em>Veuillez cliquer <a href=\"https:\/\/lacmcgregorlake.ca\/fr\/association\/2017-agm-minutes\/\"><span style=\"color: #008000;\"><strong>su<\/strong><\/span><\/a><\/em><em><span style=\"color: #008000;\"><strong>r ce lien<\/strong><\/span> pour le proc\u00e8s-verbal de l\u2019AGA 2017.<\/em><\/p>\n<h3 style=\"text-align: center;\"><span style=\"color: #008000;\">***************************<\/span><\/h3>\n<h2 style=\"text-align: center;\">McGregor Lake Association Annual General Meeting (AGM) Minutes<\/h2>\n<h3 style=\"text-align: center;\">Saturday, June 9, 2018<\/h3>\n<p><strong>Board of Directors Present:<\/strong><br \/>\nGary Anka. Miranda Baniulus, Peter Barton, Mary Carman, John Fripp (Honorary member), Jennifer Garland, Karen George, Bob Kerr, Robert Lafleur, Elizabeth Logue, William Metz, Deena Ryan, H\u00e9l\u00e8ne Valin, Paul White<\/p>\n<p><strong>Board of Directors Absent:<\/strong><br \/>\nSue Featherstone, Deborah Morrisson,<\/p>\n<p><strong>Guest Attendees:<\/strong> Mayor Jacques Laurin<br \/>\nCounsellor District 3: Claude Bergeron<br \/>\n___________________________________________________<\/p>\n<p><em>Meeting is called to order at 10:10 am by Peter Barton.<\/em><\/p>\n<p><strong>1. Approval of Agenda<\/strong><br \/>\nMoved by Robert Lafleur, seconded by Paul White that the Agenda be approved. <em><strong>Approved<\/strong><\/em><\/p>\n<p><strong>2. Welcome and Introductions<\/strong><br \/>\nPeter Barton opened the meeting by thanking everyone for attending and welcomes Mayor Jacques Laurin and counsellor Claude Bergeron. He mentions the following highlights: new website launch today; new merchandise available; new Treasurer Deborah Morrison takes over from current treasurer Mary Carman; Elizabeth Logue and family taking over the water sampling program, but still require volunteers; Gary Anka was quite involved in the Federation of Lakes and Deena Ryan is now the Association representative. Peter encourages all to attend a public consultation meeting and or to send written comments.<\/p>\n<p><strong>3. Words from the VDM Mayor and Councillor<\/strong><br \/>\n&#8211; The Mayor starts by thanking everyone for their support last Fall in the elections. He is happy to be at the meeting to share common concerns. There are currently public consultations on the Watershed and he invites everyone to attend these meetings or forward written concerns to the Consultations. There remains concern about private access ramps to the lake and this needs to be addressed. Because the public ramps regulations are in place, some private owners are allowing access through their property. Also some developers are providing access, and we must find solutions. There is also a need to educate people on good boating practices. Mayor Laurin also talked about the composting program being launched and mentioned that 1500 composters had already been delivered. With an increase of 500 homes last year, all must try to reduce waste of which 40% is compostable. Provincial regulations stipulate that we must reduce waste by 40%. He also mentions that the Municipality has special recycling days twice a year for hazardous materials such as paint, chemicals, etc.<br \/>\n&#8211; Claude Bergeron mentions that boating security is a priority and that he had met with the MRC to discuss with the chiefs about greater patrolling of the lake on weekends. As for the installation of boat washing facilities, it is mentioned that it is quite expensive to find a place and that due to budget cuts, it was no longer being considered. The public consultations on the watershed management may have this as a priority to be addressed. He states that the Fire department has 24-7 standby and that has reduced response times by half. He mentions that it is important for private roads to be accessible at all times for emergency purposes.<br \/>\n&#8211; Mayor Laurin and Counsellor Bergeron address questions from the members related to boat washing, septic systems inspections and the need to find ways to stop the practice of private launch ramps that provide access to the public.<\/p>\n<p><strong>4. Approval of 2017 AGM Minutes<\/strong><br \/>\nMoved by Hania Grabowski and seconded by Paul White that the minutes be approved. <em><strong>Approved<\/strong><\/em><\/p>\n<p><strong>5. Report from the President and Business Arising from 2017 AGM<\/strong><br \/>\nPeter Barton thanks Marie-Jos\u00e9e Lafleur and Ryan Smith for their efforts and hard work in setting up a new website.<br \/>\nFacebook continues to be a great resource for keeping in touch and reporting key developments such as floating docks as was seen last Fall. There are also great pictures and Marie-Jos\u00e9e also set up photo contests and publishing the main pictures on Facebook.<\/p>\n<p><strong>6. Watershed Consultations<\/strong><br \/>\nPeter Barton explains the importance of the Watershed study and mentions that the Association presented a brief at a recent meeting and raised many issues including concerns with residential development and unfettered access to the lake using private boat ramps.<\/p>\n<p><strong>7. Financial Report<\/strong><br \/>\n&#8211; Mary Carman reports on the financial report which is available to members. Current 149 members are down from last years number of 172 which was a result of Jean-Pierre Sarault\u2019s efforts to go door to door to hand out MLA information.<br \/>\n&#8211; The regatta expenses were reduced thanks to Deena Ryan\u2019s efforts.<br \/>\n&#8211; There is a $3000.00 reserve to be used towards specific activities resulting from the Management plan. The Board will be assessing best options.<br \/>\n&#8211; Following last year\u2019s resolution, many of the old association files were purged, but all those of historical value were retained.<br \/>\n&#8211; <strong>First motion to approve the financial report with a $16.72 error.<\/strong><br \/>\nMoved by Robert Lafleur and seconded by David Younger that the report be accepted as presented. Report was voted. <em><strong>All in favour<\/strong><\/em><br \/>\n&#8211; <strong>Second Motion to confirm signatories as a result of the new Treasurer:<\/strong> Peter Barton; Bob Kerr; Deborah Morrison and Mary Carman.<br \/>\nMoved by Roseanne Emard and seconded by Louise Lafleur that the report be accepted as presented. Report was voted. <em><strong>All in favour<\/strong><\/em><br \/>\n&#8211; Peter thanks Mary for her tremendous past dedication and involvement as well as Bill for his ongoing support.<\/p>\n<p><strong>8. Report from Committee Chairs<\/strong><br \/>\n&#8211; <em>Website:<\/em> Marie-Jos\u00e9e Lafleur made a very informative presentation to highlight new elements of the website which was being launched. Many hours of work have gone into improving the website and Marie-Jos\u00e9e and Ryan Smith are to be congratulated on developing a bilingual user friendly and very informative website for all members. Access to the By-laws, Regulations, News, Water analysis results and much more are all available.<br \/>\n&#8211; <em>Facebook:<\/em> ongoing great participation from membership.<br \/>\n&#8211; <em>Membership:<\/em> Renewals are available through Paypal (you do not need an account) or at the Regatta. We will look at e-transfer but this is more laborious for associations. We will be asking members to share in the delivery of boat stickers. Peter invites all to invite neighbours to discuss advantages of joining the Association. Louise Lafleur suggests possible % reduction at some businesses for Association members. Deanna suggested that an incentive, such as a free t-shirt, could be offered if you bring a friend.<br \/>\n&#8211; <em>Regatta:<\/em> The Regatta this year will be on July 14 at the MgGregor Camping. A lifeguard has been hired as per regulations. Deena Ryan will once again look after food and drinks. Volunteers are required.<\/p>\n<p><strong>9. Nominations and Election of Officers<\/strong><br \/>\n&#8211; Marie-Jos\u00e9e Lafleur is the new Secretary replacing the outgoing secretary H\u00e9l\u00e8ne Valin. Moved by Deena Ryan and seconded by Elizabeth Logue. <strong><em>Nomination accepted.<\/em><\/strong><br \/>\n&#8211; Confirmation of current board members by Michael Scott and seconded by David Younger<\/p>\n<p><strong>10. New Business<\/strong><br \/>\nLouise Lafleur mentions the new Digicon WIFI availability. Several members enquire whether there are regulations as to the length of docks. Mayor Laurin indicates that they cannot interfere with navigation but that hey would need to check whether there are length limitations. He mentions that the Federation of Lakes needs to be commended for their great job!<\/p>\n<p><strong>11. Adjournment<\/strong><br \/>\nPeter Barton thanks The Mayor and Councillor Claude Bergeron for their participation.<br \/>\nMoved by Louise Lafleur and seconded by Karen George that the AGM Meeting be adjourned at 11:55 AM. <em><strong>Approved<\/strong><\/em><\/p>\n<p><em>Next meeting date of the AGM to be confirmed.<\/em><\/p>\n<p><em>Click on <strong><span style=\"color: #008000;\"><a style=\"color: #008000;\" href=\"https:\/\/lacmcgregorlake.ca\/fr\/association\/2017-agm-minutes\/\">ce lien<\/a> <\/span><\/strong>for the Minutes of the 2017 AGM<\/em><em>.<\/em><\/p>","protected":false},"excerpt":{"rendered":"<p>Proc\u00e8s-verbal de l\u2019Assembl\u00e9e g\u00e9n\u00e9rale annuelle (AGA) de l\u2019Association du Lac McGregor Le samedi 9 juin 2018 (English follows) Pr\u00e9sents : Gary Anka. Miranda Baniulus, Peter Barton, Mary Carman, John Fripp (Membre honoraire), Jennifer Garland, Karen George, Bob Kerr, Robert Lafleur, Elizabeth Logue, William Metz, Deena Ryan, H\u00e9l\u00e8ne Valin, Paul White. Absents : Sue Featherstone, Deborah [&hellip;]<\/p>","protected":false},"author":2,"featured_media":653,"parent":187,"menu_order":0,"comment_status":"closed","ping_status":"closed","template":"","meta":[],"_links":{"self":[{"href":"https:\/\/lacmcgregorlake.ca\/fr\/wp-json\/wp\/v2\/pages\/1182"}],"collection":[{"href":"https:\/\/lacmcgregorlake.ca\/fr\/wp-json\/wp\/v2\/pages"}],"about":[{"href":"https:\/\/lacmcgregorlake.ca\/fr\/wp-json\/wp\/v2\/types\/page"}],"author":[{"embeddable":true,"href":"https:\/\/lacmcgregorlake.ca\/fr\/wp-json\/wp\/v2\/users\/2"}],"replies":[{"embeddable":true,"href":"https:\/\/lacmcgregorlake.ca\/fr\/wp-json\/wp\/v2\/comments?post=1182"}],"version-history":[{"count":4,"href":"https:\/\/lacmcgregorlake.ca\/fr\/wp-json\/wp\/v2\/pages\/1182\/revisions"}],"predecessor-version":[{"id":1192,"href":"https:\/\/lacmcgregorlake.ca\/fr\/wp-json\/wp\/v2\/pages\/1182\/revisions\/1192"}],"up":[{"embeddable":true,"href":"https:\/\/lacmcgregorlake.ca\/fr\/wp-json\/wp\/v2\/pages\/187"}],"wp:featuredmedia":[{"embeddable":true,"href":"https:\/\/lacmcgregorlake.ca\/fr\/wp-json\/wp\/v2\/media\/653"}],"wp:attachment":[{"href":"https:\/\/lacmcgregorlake.ca\/fr\/wp-json\/wp\/v2\/media?parent=1182"}],"curies":[{"name":"wp","href":"https:\/\/api.w.org\/{rel}","templated":true}]}}