{"id":1429,"date":"2021-08-06T16:51:42","date_gmt":"2021-08-06T16:51:42","guid":{"rendered":"https:\/\/lacmcgregorlake.ca\/?page_id=1429"},"modified":"2024-05-15T18:59:19","modified_gmt":"2024-05-15T18:59:19","slug":"2021-aga-agm-documents","status":"publish","type":"page","link":"https:\/\/lacmcgregorlake.ca\/fr\/association\/annual-general-meetings-agm\/2021-aga-agm-documents\/","title":{"rendered":"2021 AGA | AGM Documents"},"content":{"rendered":"<p><strong>L'AGA de 2021 de l'Association du lac McGregor<\/strong> <strong>est pr\u00e9vue de 10h \u00e0 12h le samedi 14 ao\u00fbt 2021 au pavillon du Camping Lac McGregor, 19 chemin des Bourgeons<\/strong>.<\/p>\n\n\n\n<p>Note : une copie papier de l'ordre du jour et des documents de l'AGA ne sera pas fournie lors de la r\u00e9union :<\/p>\n\n\n\n<ul class=\"has-vivid-cyan-blue-color has-text-color\"><li><a href=\"https:\/\/lacmcgregorlake.ca\/wp-content\/uploads\/2021\/08\/2021-Ordre-du-jour-de-lAGA-AGM-AGENDA.pdf\"><span class=\"has-inline-color has-vivid-cyan-blue-color\">Ordre du jour de l\u2019AGA \u2013 2021 \u2013 AGM Agenda (EN|FR)<\/span><\/a><\/li><li><a href=\"https:\/\/lacmcgregorlake.ca\/wp-content\/uploads\/2021\/05\/Proce\u0300s-verbal-de-lAGA-8-aou\u0302t-2020.pdf\"><span class=\"has-inline-color has-vivid-cyan-blue-color\">Proc\u00e8s-verbal de l\u2019AGA 2020 (FR)<\/span><\/a><\/li><li><a href=\"https:\/\/lacmcgregorlake.ca\/wp-content\/uploads\/2021\/05\/MLA-AGM-Minutes-of-Meeting-August-8-2020.pdf\"><span class=\"has-inline-color has-vivid-cyan-blue-color\">MLA AGM 2020 Record of Discussion (EN)<\/span><\/a><\/li><li><a href=\"https:\/\/lacmcgregorlake.ca\/wp-content\/uploads\/2021\/08\/2020-E\u0301tats-Financiers-de-lALM-MLA-Financial-Statement.pdf\"><span class=\"has-inline-color has-vivid-cyan-blue-color\">2020 \u00c9tats Financiers &#8211; Financial Statements (EN|FR)<\/span><\/a><\/li><\/ul>\n\n\n\n<p>Cliquez ci-dessous pour acc\u00e9der \u00e0 l'invitation Eventbrite pour obtenir les d\u00e9tails et les billets :<\/p>\n\n\n\n<p class=\"has-vivid-cyan-blue-color has-text-color\"><a href=\"https:\/\/www.eventbrite.ca\/e\/2021-aga-de-lassociation-du-lac-mcgregor-association-agm-tickets-164917603993\"><span class=\"has-inline-color has-vivid-cyan-blue-color\">https:\/\/www.eventbrite.ca\/e\/2021-aga-de-lassociation-du-lac-mcgregor-association-agm-tickets-164917603993<\/span><\/a><\/p>\n\n\n\n<p>L'Association est aussi \u00e0 la recherche de personnes int\u00e9ress\u00e9es \u00e0 se joindre au Conseil.  Les personnes int\u00e9ress\u00e9es sont invit\u00e9es \u00e0 consulter le <strong><a href=\"https:\/\/lacmcgregorlake.ca\/fr\/association\/\"><span class=\"has-inline-color has-vivid-cyan-blue-color\">mandat<\/span><\/a><\/strong> de l'Association et \u00e0 consid\u00e9rer les obligations suivantes :<\/p>\n\n\n\n<ul><li>agir au profit de l'adh\u00e9sion dans la poursuite du mandat<\/li><li>participer activement aux r\u00e9unions du Conseil<\/li><li>contribuer aux responsabilit\u00e9s de l'Association et du Conseil telles que : participer comme membres \u00e0 des comit\u00e9s et postes de direction (tr\u00e9sorier, membres, analyse de la qualit\u00e9 de l'eau, myriophylle, etc.); repr\u00e9senter l'Association aux r\u00e9unions municipales, y compris la surveillance ou la participation aux r\u00e9unions r\u00e9guli\u00e8res du conseil; repr\u00e9senter l'Association aux r\u00e9unions de la F\u00e9d\u00e9ration des lacs; organiser des \u00e9v\u00e9nements tels que la r\u00e9gate ou l'AGA, etc.<\/li><\/ul>\n\n\n\n<p>Si vous \u00eates int\u00e9ress\u00e9 par ce travail b\u00e9n\u00e9vole, veuillez contacter M. Bob Kerr \u00e0 <strong><a href=\"mailto:lacmcgregorlake@gmail.com\"><span class=\"has-inline-color has-vivid-cyan-blue-color\">lacmcgregorlake@gmail.com<\/span><\/a><\/strong> ou vous pr\u00e9senter \u00e0 l'AGA. Seuls les membres actifs en r\u00e8gle peuvent \u00eatre nomm\u00e9s au conseil.<\/p>\n\n\n\n<h2>Proc\u00e8s-verbal de l'AGA 2021<\/h2>\n\n\n\n<ul><li><a rel=\"noreferrer noopener\" href=\"https:\/\/lacmcgregorlake.ca\/wp-content\/uploads\/2022\/07\/AGA-ALM-Proce\u0300s-verbal-14-Aou\u0302t-2021.pdf\" data-type=\"URL\" data-id=\"https:\/\/lacmcgregorlake.ca\/wp-content\/uploads\/2022\/07\/AGA-ALM-Proce\u0300s-verbal-14-Aou\u0302t-2021.pdf\" target=\"_blank\"><span class=\"has-inline-color has-vivid-cyan-blue-color\"><strong>FR \u2013 Proc\u00e8s-verbal de l\u2019AGA 2021<\/strong><\/span><\/a><\/li><\/ul>\n\n\n\n<ul><li><a rel=\"noreferrer noopener\" href=\"https:\/\/lacmcgregorlake.ca\/wp-content\/uploads\/2022\/07\/MLA-AGM-Minutes-of-Meeting-August-14-2021.pdf\" data-type=\"URL\" data-id=\"https:\/\/lacmcgregorlake.ca\/wp-content\/uploads\/2022\/07\/MLA-AGM-Minutes-of-Meeting-August-14-2021.pdf\" target=\"_blank\"><span class=\"has-inline-color has-vivid-cyan-blue-color\"><strong>EN \u2013 2021 AGM Minutes<\/strong><\/span><\/a><\/li><\/ul>\n\n\n\n<p><\/p>","protected":false},"excerpt":{"rendered":"<p>The 2021 AGM of the McGregor Lake Association is scheduled for 10am to noon on Saturday, August 14, 2021 in the pavilion of the Camping Lac McGregor, 19 chemin des Bourgeons. Note: a hard copy of the following AGM agenda &amp; documents will not be provided at the meeting: Ordre du jour de l&#8217;AGA &#8211; [&hellip;]<\/p>","protected":false},"author":2,"featured_media":1433,"parent":1737,"menu_order":5,"comment_status":"closed","ping_status":"closed","template":"","meta":[],"_links":{"self":[{"href":"https:\/\/lacmcgregorlake.ca\/fr\/wp-json\/wp\/v2\/pages\/1429"}],"collection":[{"href":"https:\/\/lacmcgregorlake.ca\/fr\/wp-json\/wp\/v2\/pages"}],"about":[{"href":"https:\/\/lacmcgregorlake.ca\/fr\/wp-json\/wp\/v2\/types\/page"}],"author":[{"embeddable":true,"href":"https:\/\/lacmcgregorlake.ca\/fr\/wp-json\/wp\/v2\/users\/2"}],"replies":[{"embeddable":true,"href":"https:\/\/lacmcgregorlake.ca\/fr\/wp-json\/wp\/v2\/comments?post=1429"}],"version-history":[{"count":11,"href":"https:\/\/lacmcgregorlake.ca\/fr\/wp-json\/wp\/v2\/pages\/1429\/revisions"}],"predecessor-version":[{"id":1813,"href":"https:\/\/lacmcgregorlake.ca\/fr\/wp-json\/wp\/v2\/pages\/1429\/revisions\/1813"}],"up":[{"embeddable":true,"href":"https:\/\/lacmcgregorlake.ca\/fr\/wp-json\/wp\/v2\/pages\/1737"}],"wp:featuredmedia":[{"embeddable":true,"href":"https:\/\/lacmcgregorlake.ca\/fr\/wp-json\/wp\/v2\/media\/1433"}],"wp:attachment":[{"href":"https:\/\/lacmcgregorlake.ca\/fr\/wp-json\/wp\/v2\/media?parent=1429"}],"curies":[{"name":"wp","href":"https:\/\/api.w.org\/{rel}","templated":true}]}}