{"id":145,"date":"2018-01-03T16:23:42","date_gmt":"2018-01-03T16:23:42","guid":{"rendered":"http:\/\/mcgregorlake.piceadesigns.com\/?page_id=145"},"modified":"2022-01-15T15:15:28","modified_gmt":"2022-01-15T15:15:28","slug":"photo-gallery-3","status":"publish","type":"page","link":"https:\/\/lacmcgregorlake.ca\/fr\/photo-gallery-3\/","title":{"rendered":"Nos photos"},"content":{"rendered":"<h2>Nous serions ravis d'afficher vos photos du lac McGregor. Partagez vos souvenirs ou \u00e9v\u00e9nements en nous montrant pourquoi vous aimez le lac!<\/h2>\n<p>Si vous souhaitez soumettre des photos pour le site Web, veuillez les envoyer par courrier \u00e9lectronique \u00e0 <a href=\"mailto:lacmcgregorlake@gmail.com\"><strong><span style=\"color: #008000;\">lacmcgregorlake@gmail.com<\/span><\/strong><\/a>. Veuillez inclure votre nom (initiale de votre pr\u00e9nom, nom de famille complet) car nous vous attribuerons la photo. Les photos soumises doivent \u00eatre en haute r\u00e9solution. Veuillez noter que vous pouvez \u00e9galement soumettre vos photos directement sur le <a href=\"https:\/\/www.facebook.com\/groups\/mcgregorlakeassociation\/\"><strong><span style=\"color: #008000;\">la page Facebook de l'Association du lac McGregor<\/span><\/strong><\/a>. Vous devez \u00eatre membre du groupe Facebook pour publier des photos ou des informations sur ce site.<\/p>\n<h3><span style=\"color: #008000;\"><em><strong>Pour voir les images, cliquez sur la photo et celle-ci s'ouvrira en version plein \u00e9cran.<\/strong> <\/em><\/span><\/h3>\n<div id='gallery-1' class='gallery galleryid-145 gallery-columns-3 gallery-size-thumbnail'><figure class='gallery-item'>\n\t\t\t<div class='gallery-icon landscape'>\n\t\t\t\t<a href='https:\/\/lacmcgregorlake.ca\/fr\/photo-gallery-3\/r-mehta-screenshot_20180406-181546\/'><img width=\"150\" height=\"150\" src=\"https:\/\/lacmcgregorlake.ca\/wp-content\/uploads\/2018\/05\/R-Mehta-Screenshot_20180406-181546-150x150.jpg\" class=\"attachment-thumbnail size-thumbnail\" alt=\"\" loading=\"lazy\" aria-describedby=\"gallery-1-722\" srcset=\"https:\/\/lacmcgregorlake.ca\/wp-content\/uploads\/2018\/05\/R-Mehta-Screenshot_20180406-181546-150x150.jpg 150w, https:\/\/lacmcgregorlake.ca\/wp-content\/uploads\/2018\/05\/R-Mehta-Screenshot_20180406-181546-180x180.jpg 180w, https:\/\/lacmcgregorlake.ca\/wp-content\/uploads\/2018\/05\/R-Mehta-Screenshot_20180406-181546-300x300.jpg 300w, https:\/\/lacmcgregorlake.ca\/wp-content\/uploads\/2018\/05\/R-Mehta-Screenshot_20180406-181546-600x600.jpg 600w\" sizes=\"(max-width: 150px) 100vw, 150px\" \/><\/a>\n\t\t\t<\/div>\n\t\t\t\t<figcaption class='wp-caption-text gallery-caption' id='gallery-1-722'>\n\t\t\t\tPhoto de\/by: R. Mehta\n\t\t\t\t<\/figcaption><\/figure><figure class='gallery-item'>\n\t\t\t<div class='gallery-icon landscape'>\n\t\t\t\t<a href='https:\/\/lacmcgregorlake.ca\/fr\/photo-gallery-3\/l-blanchard-img_2780\/'><img width=\"150\" height=\"150\" src=\"https:\/\/lacmcgregorlake.ca\/wp-content\/uploads\/2018\/05\/L-Blanchard-IMG_2780-150x150.jpg\" class=\"attachment-thumbnail size-thumbnail\" alt=\"\" loading=\"lazy\" aria-describedby=\"gallery-1-723\" srcset=\"https:\/\/lacmcgregorlake.ca\/wp-content\/uploads\/2018\/05\/L-Blanchard-IMG_2780-150x150.jpg 150w, https:\/\/lacmcgregorlake.ca\/wp-content\/uploads\/2018\/05\/L-Blanchard-IMG_2780-180x180.jpg 180w, https:\/\/lacmcgregorlake.ca\/wp-content\/uploads\/2018\/05\/L-Blanchard-IMG_2780-300x300.jpg 300w, https:\/\/lacmcgregorlake.ca\/wp-content\/uploads\/2018\/05\/L-Blanchard-IMG_2780-600x600.jpg 600w\" sizes=\"(max-width: 150px) 100vw, 150px\" \/><\/a>\n\t\t\t<\/div>\n\t\t\t\t<figcaption class='wp-caption-text gallery-caption' id='gallery-1-723'>\n\t\t\t\tPhoto de\/by: L. Blanchard\n\t\t\t\t<\/figcaption><\/figure><figure class='gallery-item'>\n\t\t\t<div class='gallery-icon landscape'>\n\t\t\t\t<a href='https:\/\/lacmcgregorlake.ca\/fr\/photo-gallery-3\/j-kass-img_5220\/'><img width=\"150\" height=\"150\" src=\"https:\/\/lacmcgregorlake.ca\/wp-content\/uploads\/2018\/05\/J-Kass-IMG_5220-150x150.jpg\" class=\"attachment-thumbnail size-thumbnail\" alt=\"\" loading=\"lazy\" aria-describedby=\"gallery-1-724\" srcset=\"https:\/\/lacmcgregorlake.ca\/wp-content\/uploads\/2018\/05\/J-Kass-IMG_5220-150x150.jpg 150w, https:\/\/lacmcgregorlake.ca\/wp-content\/uploads\/2018\/05\/J-Kass-IMG_5220-180x180.jpg 180w, https:\/\/lacmcgregorlake.ca\/wp-content\/uploads\/2018\/05\/J-Kass-IMG_5220-300x300.jpg 300w\" sizes=\"(max-width: 150px) 100vw, 150px\" \/><\/a>\n\t\t\t<\/div>\n\t\t\t\t<figcaption class='wp-caption-text gallery-caption' id='gallery-1-724'>\n\t\t\t\tPhoto de\/by: J. Kass\n\t\t\t\t<\/figcaption><\/figure><figure class='gallery-item'>\n\t\t\t<div class='gallery-icon landscape'>\n\t\t\t\t<a href='https:\/\/lacmcgregorlake.ca\/fr\/photo-gallery-3\/d-co%cc%82te-image1\/'><img width=\"150\" height=\"150\" src=\"https:\/\/lacmcgregorlake.ca\/wp-content\/uploads\/2018\/05\/D-Co\u0302te\u0301-image1-150x150.jpeg\" class=\"attachment-thumbnail size-thumbnail\" alt=\"\" loading=\"lazy\" aria-describedby=\"gallery-1-725\" srcset=\"https:\/\/lacmcgregorlake.ca\/wp-content\/uploads\/2018\/05\/D-Co\u0302te\u0301-image1-150x150.jpeg 150w, https:\/\/lacmcgregorlake.ca\/wp-content\/uploads\/2018\/05\/D-Co\u0302te\u0301-image1-180x180.jpeg 180w, https:\/\/lacmcgregorlake.ca\/wp-content\/uploads\/2018\/05\/D-Co\u0302te\u0301-image1-300x300.jpeg 300w, https:\/\/lacmcgregorlake.ca\/wp-content\/uploads\/2018\/05\/D-Co\u0302te\u0301-image1-600x600.jpeg 600w\" sizes=\"(max-width: 150px) 100vw, 150px\" \/><\/a>\n\t\t\t<\/div>\n\t\t\t\t<figcaption class='wp-caption-text gallery-caption' id='gallery-1-725'>\n\t\t\t\tPhoto de\/by: D. Co\u0302te\u0301\n\t\t\t\t<\/figcaption><\/figure><figure class='gallery-item'>\n\t\t\t<div class='gallery-icon landscape'>\n\t\t\t\t<a href='https:\/\/lacmcgregorlake.ca\/fr\/photo-gallery-3\/j-f-co%cc%82te-img_4494\/'><img width=\"150\" height=\"150\" src=\"https:\/\/lacmcgregorlake.ca\/wp-content\/uploads\/2018\/05\/J.F.-Co\u0302te\u0301-IMG_4494-150x150.jpg\" class=\"attachment-thumbnail size-thumbnail\" alt=\"\" loading=\"lazy\" aria-describedby=\"gallery-1-726\" srcset=\"https:\/\/lacmcgregorlake.ca\/wp-content\/uploads\/2018\/05\/J.F.-Co\u0302te\u0301-IMG_4494-150x150.jpg 150w, https:\/\/lacmcgregorlake.ca\/wp-content\/uploads\/2018\/05\/J.F.-Co\u0302te\u0301-IMG_4494-180x180.jpg 180w, https:\/\/lacmcgregorlake.ca\/wp-content\/uploads\/2018\/05\/J.F.-Co\u0302te\u0301-IMG_4494-300x300.jpg 300w, https:\/\/lacmcgregorlake.ca\/wp-content\/uploads\/2018\/05\/J.F.-Co\u0302te\u0301-IMG_4494-600x600.jpg 600w\" sizes=\"(max-width: 150px) 100vw, 150px\" \/><\/a>\n\t\t\t<\/div>\n\t\t\t\t<figcaption class='wp-caption-text gallery-caption' id='gallery-1-726'>\n\t\t\t\tPhoto de\/by: J.F. Co\u0302te\u0301\n\t\t\t\t<\/figcaption><\/figure><figure class='gallery-item'>\n\t\t\t<div class='gallery-icon landscape'>\n\t\t\t\t<a href='https:\/\/lacmcgregorlake.ca\/fr\/photo-gallery-3\/j-kass-img_5246\/'><img width=\"150\" height=\"150\" src=\"https:\/\/lacmcgregorlake.ca\/wp-content\/uploads\/2018\/05\/J-Kass-IMG_5246-150x150.jpg\" class=\"attachment-thumbnail size-thumbnail\" alt=\"\" loading=\"lazy\" aria-describedby=\"gallery-1-727\" srcset=\"https:\/\/lacmcgregorlake.ca\/wp-content\/uploads\/2018\/05\/J-Kass-IMG_5246-150x150.jpg 150w, https:\/\/lacmcgregorlake.ca\/wp-content\/uploads\/2018\/05\/J-Kass-IMG_5246-180x180.jpg 180w, https:\/\/lacmcgregorlake.ca\/wp-content\/uploads\/2018\/05\/J-Kass-IMG_5246-300x300.jpg 300w\" sizes=\"(max-width: 150px) 100vw, 150px\" \/><\/a>\n\t\t\t<\/div>\n\t\t\t\t<figcaption class='wp-caption-text gallery-caption' id='gallery-1-727'>\n\t\t\t\tPhoto de\/by: J. Kass\n\t\t\t\t<\/figcaption><\/figure><figure class='gallery-item'>\n\t\t\t<div class='gallery-icon landscape'>\n\t\t\t\t<a href='https:\/\/lacmcgregorlake.ca\/fr\/photo-gallery-3\/j-kass-img_5243\/'><img width=\"150\" height=\"150\" src=\"https:\/\/lacmcgregorlake.ca\/wp-content\/uploads\/2018\/05\/J-Kass-IMG_5243-150x150.jpg\" class=\"attachment-thumbnail size-thumbnail\" alt=\"\" loading=\"lazy\" aria-describedby=\"gallery-1-728\" srcset=\"https:\/\/lacmcgregorlake.ca\/wp-content\/uploads\/2018\/05\/J-Kass-IMG_5243-150x150.jpg 150w, https:\/\/lacmcgregorlake.ca\/wp-content\/uploads\/2018\/05\/J-Kass-IMG_5243-180x180.jpg 180w, https:\/\/lacmcgregorlake.ca\/wp-content\/uploads\/2018\/05\/J-Kass-IMG_5243-300x300.jpg 300w\" sizes=\"(max-width: 150px) 100vw, 150px\" \/><\/a>\n\t\t\t<\/div>\n\t\t\t\t<figcaption class='wp-caption-text gallery-caption' id='gallery-1-728'>\n\t\t\t\tPhoto de\/by: J. Kass\n\t\t\t\t<\/figcaption><\/figure><figure class='gallery-item'>\n\t\t\t<div class='gallery-icon landscape'>\n\t\t\t\t<a href='https:\/\/lacmcgregorlake.ca\/fr\/photo-gallery-3\/gall2sm-1\/'><img width=\"120\" height=\"67\" src=\"https:\/\/lacmcgregorlake.ca\/wp-content\/uploads\/2018\/05\/gall2sm-1.jpg\" class=\"attachment-thumbnail size-thumbnail\" alt=\"\" loading=\"lazy\" aria-describedby=\"gallery-1-801\" \/><\/a>\n\t\t\t<\/div>\n\t\t\t\t<figcaption class='wp-caption-text gallery-caption' id='gallery-1-801'>\n\t\t\t\tPhoto de\/by: M. Carman\n\t\t\t\t<\/figcaption><\/figure><figure class='gallery-item'>\n\t\t\t<div class='gallery-icon landscape'>\n\t\t\t\t<a href='https:\/\/lacmcgregorlake.ca\/fr\/photo-gallery-3\/gall3-4\/'><img width=\"150\" height=\"150\" src=\"https:\/\/lacmcgregorlake.ca\/wp-content\/uploads\/2018\/05\/gall3-3-150x150.jpg\" class=\"attachment-thumbnail size-thumbnail\" alt=\"\" loading=\"lazy\" aria-describedby=\"gallery-1-802\" srcset=\"https:\/\/lacmcgregorlake.ca\/wp-content\/uploads\/2018\/05\/gall3-3-150x150.jpg 150w, https:\/\/lacmcgregorlake.ca\/wp-content\/uploads\/2018\/05\/gall3-3-180x180.jpg 180w, https:\/\/lacmcgregorlake.ca\/wp-content\/uploads\/2018\/05\/gall3-3-300x300.jpg 300w\" sizes=\"(max-width: 150px) 100vw, 150px\" \/><\/a>\n\t\t\t<\/div>\n\t\t\t\t<figcaption class='wp-caption-text gallery-caption' id='gallery-1-802'>\n\t\t\t\tFaites-le-nous savoir si c'est votre photo!\n\t\t\t\t<\/figcaption><\/figure><figure class='gallery-item'>\n\t\t\t<div class='gallery-icon landscape'>\n\t\t\t\t<a href='https:\/\/lacmcgregorlake.ca\/fr\/photo-gallery-3\/gall1-4\/'><img width=\"150\" height=\"150\" src=\"https:\/\/lacmcgregorlake.ca\/wp-content\/uploads\/2018\/05\/gall1-3-150x150.jpg\" class=\"attachment-thumbnail size-thumbnail\" alt=\"\" loading=\"lazy\" aria-describedby=\"gallery-1-803\" srcset=\"https:\/\/lacmcgregorlake.ca\/wp-content\/uploads\/2018\/05\/gall1-3-150x150.jpg 150w, https:\/\/lacmcgregorlake.ca\/wp-content\/uploads\/2018\/05\/gall1-3-180x180.jpg 180w, https:\/\/lacmcgregorlake.ca\/wp-content\/uploads\/2018\/05\/gall1-3-300x300.jpg 300w\" sizes=\"(max-width: 150px) 100vw, 150px\" \/><\/a>\n\t\t\t<\/div>\n\t\t\t\t<figcaption class='wp-caption-text gallery-caption' id='gallery-1-803'>\n\t\t\t\tPhoto de\/by: M. Carman\n\t\t\t\t<\/figcaption><\/figure><figure class='gallery-item'>\n\t\t\t<div class='gallery-icon landscape'>\n\t\t\t\t<a href='https:\/\/lacmcgregorlake.ca\/fr\/photo-gallery-3\/gall4-4\/'><img width=\"150\" height=\"150\" src=\"https:\/\/lacmcgregorlake.ca\/wp-content\/uploads\/2018\/05\/gall4-3-150x150.jpg\" class=\"attachment-thumbnail size-thumbnail\" alt=\"\" loading=\"lazy\" aria-describedby=\"gallery-1-804\" srcset=\"https:\/\/lacmcgregorlake.ca\/wp-content\/uploads\/2018\/05\/gall4-3-150x150.jpg 150w, https:\/\/lacmcgregorlake.ca\/wp-content\/uploads\/2018\/05\/gall4-3-180x180.jpg 180w, https:\/\/lacmcgregorlake.ca\/wp-content\/uploads\/2018\/05\/gall4-3-300x300.jpg 300w\" sizes=\"(max-width: 150px) 100vw, 150px\" \/><\/a>\n\t\t\t<\/div>\n\t\t\t\t<figcaption class='wp-caption-text gallery-caption' id='gallery-1-804'>\n\t\t\t\tFaites-le-nous savoir si c'est votre photo!\n\t\t\t\t<\/figcaption><\/figure><figure class='gallery-item'>\n\t\t\t<div class='gallery-icon landscape'>\n\t\t\t\t<a href='https:\/\/lacmcgregorlake.ca\/fr\/photo-gallery-3\/fullsizer\/'><img width=\"150\" height=\"150\" src=\"https:\/\/lacmcgregorlake.ca\/wp-content\/uploads\/2018\/06\/FullSizeR-150x150.jpg\" class=\"attachment-thumbnail size-thumbnail\" alt=\"\" loading=\"lazy\" aria-describedby=\"gallery-1-935\" srcset=\"https:\/\/lacmcgregorlake.ca\/wp-content\/uploads\/2018\/06\/FullSizeR-150x150.jpg 150w, https:\/\/lacmcgregorlake.ca\/wp-content\/uploads\/2018\/06\/FullSizeR-180x180.jpg 180w, https:\/\/lacmcgregorlake.ca\/wp-content\/uploads\/2018\/06\/FullSizeR-300x300.jpg 300w, https:\/\/lacmcgregorlake.ca\/wp-content\/uploads\/2018\/06\/FullSizeR-600x600.jpg 600w\" sizes=\"(max-width: 150px) 100vw, 150px\" \/><\/a>\n\t\t\t<\/div>\n\t\t\t\t<figcaption class='wp-caption-text gallery-caption' id='gallery-1-935'>\n\t\t\t\tPhoto de\/by: C. Kornel\n\t\t\t\t<\/figcaption><\/figure><figure class='gallery-item'>\n\t\t\t<div class='gallery-icon portrait'>\n\t\t\t\t<a href='https:\/\/lacmcgregorlake.ca\/fr\/photo-gallery-3\/fullsizer001002003004005006\/'><img width=\"150\" height=\"150\" src=\"https:\/\/lacmcgregorlake.ca\/wp-content\/uploads\/2018\/06\/FullSizeR001002003004005006-150x150.jpg\" class=\"attachment-thumbnail size-thumbnail\" alt=\"\" loading=\"lazy\" aria-describedby=\"gallery-1-936\" srcset=\"https:\/\/lacmcgregorlake.ca\/wp-content\/uploads\/2018\/06\/FullSizeR001002003004005006-150x150.jpg 150w, https:\/\/lacmcgregorlake.ca\/wp-content\/uploads\/2018\/06\/FullSizeR001002003004005006-180x180.jpg 180w, https:\/\/lacmcgregorlake.ca\/wp-content\/uploads\/2018\/06\/FullSizeR001002003004005006-300x300.jpg 300w, https:\/\/lacmcgregorlake.ca\/wp-content\/uploads\/2018\/06\/FullSizeR001002003004005006-600x600.jpg 600w\" sizes=\"(max-width: 150px) 100vw, 150px\" \/><\/a>\n\t\t\t<\/div>\n\t\t\t\t<figcaption class='wp-caption-text gallery-caption' id='gallery-1-936'>\n\t\t\t\tPhoto de\/by: C. Kornel\n\t\t\t\t<\/figcaption><\/figure><figure class='gallery-item'>\n\t\t\t<div class='gallery-icon landscape'>\n\t\t\t\t<a href='https:\/\/lacmcgregorlake.ca\/fr\/photo-gallery-3\/fullsizer001\/'><img width=\"150\" height=\"150\" src=\"https:\/\/lacmcgregorlake.ca\/wp-content\/uploads\/2018\/06\/FullSizeR001-150x150.jpg\" class=\"attachment-thumbnail size-thumbnail\" alt=\"\" loading=\"lazy\" aria-describedby=\"gallery-1-938\" srcset=\"https:\/\/lacmcgregorlake.ca\/wp-content\/uploads\/2018\/06\/FullSizeR001-150x150.jpg 150w, https:\/\/lacmcgregorlake.ca\/wp-content\/uploads\/2018\/06\/FullSizeR001-180x180.jpg 180w, https:\/\/lacmcgregorlake.ca\/wp-content\/uploads\/2018\/06\/FullSizeR001-300x300.jpg 300w, https:\/\/lacmcgregorlake.ca\/wp-content\/uploads\/2018\/06\/FullSizeR001-600x600.jpg 600w\" sizes=\"(max-width: 150px) 100vw, 150px\" \/><\/a>\n\t\t\t<\/div>\n\t\t\t\t<figcaption class='wp-caption-text gallery-caption' id='gallery-1-938'>\n\t\t\t\tPhoto de\/by: C. Kornel\n\t\t\t\t<\/figcaption><\/figure><figure class='gallery-item'>\n\t\t\t<div class='gallery-icon landscape'>\n\t\t\t\t<a href='https:\/\/lacmcgregorlake.ca\/fr\/photo-gallery-3\/fullsizer001002\/'><img width=\"150\" height=\"150\" src=\"https:\/\/lacmcgregorlake.ca\/wp-content\/uploads\/2018\/06\/FullSizeR001002-150x150.jpg\" class=\"attachment-thumbnail size-thumbnail\" alt=\"\" loading=\"lazy\" aria-describedby=\"gallery-1-939\" srcset=\"https:\/\/lacmcgregorlake.ca\/wp-content\/uploads\/2018\/06\/FullSizeR001002-150x150.jpg 150w, https:\/\/lacmcgregorlake.ca\/wp-content\/uploads\/2018\/06\/FullSizeR001002-180x180.jpg 180w, https:\/\/lacmcgregorlake.ca\/wp-content\/uploads\/2018\/06\/FullSizeR001002-300x300.jpg 300w, https:\/\/lacmcgregorlake.ca\/wp-content\/uploads\/2018\/06\/FullSizeR001002-600x600.jpg 600w\" sizes=\"(max-width: 150px) 100vw, 150px\" \/><\/a>\n\t\t\t<\/div>\n\t\t\t\t<figcaption class='wp-caption-text gallery-caption' id='gallery-1-939'>\n\t\t\t\tPhoto de\/by: C. Kornel\n\t\t\t\t<\/figcaption><\/figure><figure class='gallery-item'>\n\t\t\t<div class='gallery-icon landscape'>\n\t\t\t\t<a href='https:\/\/lacmcgregorlake.ca\/fr\/photo-gallery-3\/fullsizer001002003\/'><img width=\"150\" height=\"150\" src=\"https:\/\/lacmcgregorlake.ca\/wp-content\/uploads\/2018\/06\/FullSizeR001002003-150x150.jpg\" class=\"attachment-thumbnail size-thumbnail\" alt=\"\" loading=\"lazy\" aria-describedby=\"gallery-1-940\" srcset=\"https:\/\/lacmcgregorlake.ca\/wp-content\/uploads\/2018\/06\/FullSizeR001002003-150x150.jpg 150w, https:\/\/lacmcgregorlake.ca\/wp-content\/uploads\/2018\/06\/FullSizeR001002003-180x180.jpg 180w, https:\/\/lacmcgregorlake.ca\/wp-content\/uploads\/2018\/06\/FullSizeR001002003-300x300.jpg 300w, https:\/\/lacmcgregorlake.ca\/wp-content\/uploads\/2018\/06\/FullSizeR001002003-600x600.jpg 600w\" sizes=\"(max-width: 150px) 100vw, 150px\" \/><\/a>\n\t\t\t<\/div>\n\t\t\t\t<figcaption class='wp-caption-text gallery-caption' id='gallery-1-940'>\n\t\t\t\tPhoto de\/by: C. Kornel\n\t\t\t\t<\/figcaption><\/figure><figure class='gallery-item'>\n\t\t\t<div class='gallery-icon landscape'>\n\t\t\t\t<a href='https:\/\/lacmcgregorlake.ca\/fr\/photo-gallery-3\/fullsizer001002003004005\/'><img width=\"150\" height=\"150\" src=\"https:\/\/lacmcgregorlake.ca\/wp-content\/uploads\/2018\/06\/FullSizeR001002003004005-150x150.jpg\" class=\"attachment-thumbnail size-thumbnail\" alt=\"\" loading=\"lazy\" aria-describedby=\"gallery-1-941\" srcset=\"https:\/\/lacmcgregorlake.ca\/wp-content\/uploads\/2018\/06\/FullSizeR001002003004005-150x150.jpg 150w, https:\/\/lacmcgregorlake.ca\/wp-content\/uploads\/2018\/06\/FullSizeR001002003004005-180x180.jpg 180w, https:\/\/lacmcgregorlake.ca\/wp-content\/uploads\/2018\/06\/FullSizeR001002003004005-300x300.jpg 300w, https:\/\/lacmcgregorlake.ca\/wp-content\/uploads\/2018\/06\/FullSizeR001002003004005-600x600.jpg 600w\" sizes=\"(max-width: 150px) 100vw, 150px\" \/><\/a>\n\t\t\t<\/div>\n\t\t\t\t<figcaption class='wp-caption-text gallery-caption' id='gallery-1-941'>\n\t\t\t\tPhoto de\/by: C. Kornel\n\t\t\t\t<\/figcaption><\/figure><figure class='gallery-item'>\n\t\t\t<div class='gallery-icon landscape'>\n\t\t\t\t<a href='https:\/\/lacmcgregorlake.ca\/fr\/photo-gallery-3\/b-hillary-aug-2018\/'><img width=\"150\" height=\"150\" src=\"https:\/\/lacmcgregorlake.ca\/wp-content\/uploads\/2018\/08\/B-Hillary-Aug-2018--150x150.jpeg\" class=\"attachment-thumbnail size-thumbnail\" alt=\"\" loading=\"lazy\" aria-describedby=\"gallery-1-1018\" srcset=\"https:\/\/lacmcgregorlake.ca\/wp-content\/uploads\/2018\/08\/B-Hillary-Aug-2018--150x150.jpeg 150w, https:\/\/lacmcgregorlake.ca\/wp-content\/uploads\/2018\/08\/B-Hillary-Aug-2018--180x180.jpeg 180w, https:\/\/lacmcgregorlake.ca\/wp-content\/uploads\/2018\/08\/B-Hillary-Aug-2018--300x300.jpeg 300w\" sizes=\"(max-width: 150px) 100vw, 150px\" \/><\/a>\n\t\t\t<\/div>\n\t\t\t\t<figcaption class='wp-caption-text gallery-caption' id='gallery-1-1018'>\n\t\t\t\tPhoto de\/by: B. Hillary\n\t\t\t\t<\/figcaption><\/figure>\n\t\t<\/div>\n\n\n\n<p>Photo a\u00e9rienne du lac McGregor (page principale) par : Fran\u00e7ois Badaan (2021)<\/p>","protected":false},"excerpt":{"rendered":"<p>We&#8217;d love to post your photos of McGregor Lake. Share your memories or events, showing us what you love about the lake! If you&#8217;d like to submit photos for the website, please send them by email to lacmcgregorlake@gmail.com. Please include your name (first name initial, full last name) as we will attribute the photo to [&hellip;]<\/p>","protected":false},"author":2,"featured_media":1510,"parent":0,"menu_order":0,"comment_status":"closed","ping_status":"closed","template":"","meta":[],"_links":{"self":[{"href":"https:\/\/lacmcgregorlake.ca\/fr\/wp-json\/wp\/v2\/pages\/145"}],"collection":[{"href":"https:\/\/lacmcgregorlake.ca\/fr\/wp-json\/wp\/v2\/pages"}],"about":[{"href":"https:\/\/lacmcgregorlake.ca\/fr\/wp-json\/wp\/v2\/types\/page"}],"author":[{"embeddable":true,"href":"https:\/\/lacmcgregorlake.ca\/fr\/wp-json\/wp\/v2\/users\/2"}],"replies":[{"embeddable":true,"href":"https:\/\/lacmcgregorlake.ca\/fr\/wp-json\/wp\/v2\/comments?post=145"}],"version-history":[{"count":17,"href":"https:\/\/lacmcgregorlake.ca\/fr\/wp-json\/wp\/v2\/pages\/145\/revisions"}],"predecessor-version":[{"id":1678,"href":"https:\/\/lacmcgregorlake.ca\/fr\/wp-json\/wp\/v2\/pages\/145\/revisions\/1678"}],"wp:featuredmedia":[{"embeddable":true,"href":"https:\/\/lacmcgregorlake.ca\/fr\/wp-json\/wp\/v2\/media\/1510"}],"wp:attachment":[{"href":"https:\/\/lacmcgregorlake.ca\/fr\/wp-json\/wp\/v2\/media?parent=145"}],"curies":[{"name":"wp","href":"https:\/\/api.w.org\/{rel}","templated":true}]}}