{"id":1573,"date":"2022-01-15T02:31:13","date_gmt":"2022-01-15T02:31:13","guid":{"rendered":"https:\/\/lacmcgregorlake.ca\/?page_id=1573"},"modified":"2026-04-01T01:43:00","modified_gmt":"2026-04-01T01:43:00","slug":"calendar-of-events-key-info","status":"publish","type":"page","link":"https:\/\/lacmcgregorlake.ca\/fr\/calendar-of-events-key-info\/","title":{"rendered":"Informations cl\u00e9s et calendrier d'\u00e9v\u00e9nements"},"content":{"rendered":"<div class=\"wp-block-columns\">\n<div class=\"wp-block-column\" style=\"flex-basis:33.33%\">\n<p><\/p>\n\n\n\n<h1 class=\"has-text-align-center\">\u00c9v\u00e9nements<\/h1>\n\n\n\n<p><em>(Note : Les dates sp\u00e9cifiques sont ajout\u00e9es sur la page \u00ab<a href=\"https:\/\/lacmcgregorlake.ca\/fr\/news-events\/\" data-type=\"page\" data-id=\"70\"><strong><span class=\"has-inline-color has-vivid-cyan-blue-color\">Annonces et \u00e9v\u00e9nements annuels<\/span><\/strong><\/a>\u00bb , chaque ann\u00e9e, une fois confirm\u00e9es).<\/em><\/p>\n\n\n\n<h2>Janvier<\/h2>\n\n\n\n<p>Vous \u00eates invit\u00e9s \u00e0 renouveler vos <a rel=\"noreferrer noopener\" href=\"https:\/\/lacmcgregorlake.ca\/fr\/become-a-member\/\" data-type=\"page\" data-id=\"408\" target=\"_blank\"><strong><span class=\"has-inline-color has-vivid-cyan-blue-color\">frais d'adh\u00e9sion annuels<\/span><\/strong><\/a>!<\/p>\n\n\n\n<p>Vous aimez faire du ski de fond et\/ou de la raquette? Visitez <a rel=\"noreferrer noopener\" href=\"http:\/\/nakkertok.ca\/trails-facilities\/\" data-type=\"URL\" data-id=\"http:\/\/nakkertok.ca\/trails-facilities\/\" target=\"_blank\"><strong><span class=\"has-inline-color has-vivid-cyan-blue-color\">Nakkertok Val-des-Monts<\/span><\/strong><\/a> \u00e0 quelques minutes du lac pour de superbes sentiers entretenus par des b\u00e9n\u00e9voles. <\/p>\n\n\n\n<h2>F\u00e9vrier<\/h2>\n\n\n\n<p>C'est le moment id\u00e9al pour patiner, skier, faire de la raquette ou de la motoneige sur le lac, mais assurez-vous que la glace est s\u00e9curitaire et suffisamment \u00e9paisse.<\/p>\n\n\n\n<h2>Mars<\/h2>\n\n\n\n<p>Avez-vous de grands \u00e9rables sur votre propri\u00e9t\u00e9 ? Pourquoi ne pas essayer de fabriquer votre propre sirop d'\u00e9rable?<\/p>\n\n\n\n<h2>Avril<\/h2>\n\n\n\n<p><strong>Le 23 avril<\/strong> - Ouverture de la rampe de mise \u00e0 l'eau au Parc P\u00e9lissier.<\/p>\n\n\n\n<p>D\u00e9but de la saison de p\u00eache - V\u00e9rifiez les p\u00e9riodes de p\u00eache, les limites et les exceptions pour la <a rel=\"noreferrer noopener\" href=\"https:\/\/peche.faune.gouv.qc.ca\/regpec\/fr\/Info\/Reglements?id_zone=10&amp;id_endro=2900&amp;id_saisn=120&amp;courantes=False&amp;resultats=True\" data-type=\"URL\" data-id=\"https:\/\/peche.faune.gouv.qc.ca\/regpec\/en\/Info\/Reglements?id_zone=10&amp;id_endro=2900&amp;id_saisn=120&amp;courantes=False&amp;resultats=True\" target=\"_blank\"><strong><span class=\"has-inline-color has-vivid-cyan-blue-color\">zone 10 pour le lac McGregor<\/span><\/strong><\/a>! Visitez ce <a rel=\"noreferrer noopener\" href=\"https:\/\/www.quebec.ca\/tourisme-et-loisirs\/activites-sportives-et-de-plein-air\/peche-sportive\/permis\" target=\"_blank\"><strong><span class=\"has-inline-color has-vivid-cyan-blue-color\">lien<\/span><\/strong><\/a> pour des informations sur les permis et les endroits o\u00f9 vous pouvez <strong><a href=\"https:\/\/www.quebec.ca\/tourisme-et-loisirs\/activites-sportives-et-de-plein-air\/peche-sportive\/permis#c21702\" data-type=\"URL\" target=\"_blank\" rel=\"noreferrer noopener\"><span class=\"has-inline-color has-vivid-cyan-blue-color\">acheter votre permis<\/span><\/a><\/strong>.<\/p>\n\n\n\n<p>Aidez nos abeilles ! Attendez que les temp\u00e9ratures soient constamment sup\u00e9rieures \u00e0 10\u00b0C pour ratisser vos feuilles. Nos abeilles et autres pollinisateurs vous en remercieront. <\/p>\n\n\n\n<p>Passionn\u00e9 de potager? Il est temps de d\u00e9marrer vos semis.<\/p>\n\n\n\n<h2>Mai<\/h2>\n\n\n\n<p>Votre embarcation a visit\u00e9 d'autres plans d'eau? Ne prenez pas de chance de contaminer le lac avec une esp\u00e8ce exotique envahissante, et lavez votre embarcation <a rel=\"noreferrer noopener\" target=\"_blank\" href=\"https:\/\/www.val-des-monts.net\/loisirs\/rampes-de-mise-a-leau-val-des-monts\/\"><strong><span class=\"has-inline-color has-vivid-cyan-blue-color\">\u00e0 l'une des stations de lavage gratuites de la municipalit\u00e9.<\/span><\/strong><\/a><\/p>\n\n\n\n<p>Les bou\u00e9es de marquage sont plac\u00e9es dans le lac par des b\u00e9n\u00e9voles de l'ALM afin d'assurer que les plaisanciers \u00e9vitent les hauts-fonds rocheux.<\/p>\n\n\n\n<p><\/p>\n\n\n\n<h2>Juin<\/h2>\n\n\n\n<p><strong>L'Assembl\u00e9e g\u00e9n\u00e9rale annuelle (AGA) de l'Association aura lieu le samedi 6 juin 2026. <a href=\"https:\/\/lacmcgregorlake.ca\/fr\/association\/annual-general-meetings-agm\/\" data-type=\"URL\"><span style=\"color:#3f92dd\" class=\"has-inline-color\">Plus de d\u00e9tails \u00e0 suivre.<\/span><\/a><\/strong><\/p>\n\n\n\n<p><span class=\"has-inline-color has-luminous-vivid-amber-color\"><strong>Feux d'artifice:<\/strong><\/span> Avant d'acheter vos feux d'artifice, n'oubliez pas de demander votre permis aupr\u00e8s de la municipalit\u00e9.  Veuillez consulter <a href=\"https:\/\/www.val-des-monts.net\/citoyens\/securite-incendie\/feux-dartifice-permis\/\"><strong><span class=\"has-inline-color has-vivid-cyan-blue-color\">la demande de permis.<\/span><\/strong><\/a><\/p>\n\n\n\n<p>1\u00e8re <a rel=\"noreferrer noopener\" href=\"https:\/\/lacmcgregorlake.ca\/fr\/loon-watch\/\" data-type=\"post\" data-id=\"337\" target=\"_blank\"><strong><span class=\"has-inline-color has-vivid-cyan-blue-color\">Surveillance des huards<\/span><\/strong><\/a> de la saison. <\/p>\n\n\n\n<h2>Juillet<\/h2>\n\n\n\n<p><strong>NOTEZ LE CHANGEMENT DE DATE:<\/strong> Notre \u00e9v\u00e9nement annuel, <a href=\"https:\/\/lacmcgregorlake.ca\/fr\/annual-regatta\/\"><strong><span style=\"color:#3f92dd\" class=\"has-inline-color\">le Pique-nique et jeux,<\/span><\/strong><\/a> aura lieu le samedi 25 juillet 2026.<em>&nbsp;<\/em><\/p>\n\n\n\n<p>Vous pouvez acheter de la <a rel=\"noreferrer noopener\" href=\"https:\/\/lacmcgregorlake.ca\/fr\/our-shop\/\" data-type=\"page\" data-id=\"834\" target=\"_blank\"><strong><span class=\"has-inline-color has-vivid-cyan-blue-color\">marchandise du lac McGregor<\/span><\/strong><\/a> \u00e0 la r\u00e9gate.<\/p>\n\n\n\n<p><a rel=\"noreferrer noopener\" href=\"https:\/\/lacmcgregorlake.ca\/fr\/water-quality\/\" data-type=\"page\" data-id=\"76\" target=\"_blank\"><strong><span class=\"has-inline-color has-vivid-cyan-blue-color\">Des analyses d'eau<\/span><\/strong><\/a> pour l'E-coli sont effectu\u00e9es par des b\u00e9n\u00e9voles de l'ALM. La municipalit\u00e9 de Val-des-Monts effectue \u00e9galement des analyses d'eau pour le bassin versant de la Rivi\u00e8re Blanche, y compris le lac McGregor.<\/p>\n\n\n\n<h2>Ao\u00fbt<\/h2>\n\n\n\n<p>2i\u00e8me <a rel=\"noreferrer noopener\" href=\"https:\/\/lacmcgregorlake.ca\/fr\/loon-watch\/\" data-type=\"post\" data-id=\"337\" target=\"_blank\"><strong><span class=\"has-inline-color has-vivid-cyan-blue-color\">Surveillance des huards<\/span><\/strong><\/a> de la saison. <\/p>\n\n\n\n<p>Moins d'insectes, c'est donc le moment id\u00e9al pour faire une randonn\u00e9e sur les sentiers de Nakkertok ! Les <a rel=\"noreferrer noopener\" href=\"http:\/\/nakkertok.ca\/wp-content\/uploads\/2021\/07\/Summer-map-2021.pdf\" data-type=\"URL\" data-id=\"http:\/\/nakkertok.ca\/wp-content\/uploads\/2021\/07\/Summer-map-2021.pdf\" target=\"_blank\"><strong><span class=\"has-inline-color has-vivid-cyan-blue-color\">beaux sentiers<\/span><\/strong><\/a> sont libres d'acc\u00e8s pour les randonn\u00e9es et l'observation des oiseaux pendant les mois d'\u00e9t\u00e9 et d'automne.<\/p>\n\n\n\n<h2>Septembre<\/h2>\n\n\n\n<p>Les nuits se rafra\u00eechissent, l'\u00e9cole commence, il est temps de pr\u00e9parer votre quai pour l'hiver ! <\/p>\n\n\n\n<h2>Octobre<\/h2>\n\n\n\n<p>Le 31 octobre - la rampe de mise \u00e0 l'eau P\u00e9lissier est ferm\u00e9e pour la saison.<\/p>\n\n\n\n<p>C'est le moment id\u00e9al pour aller voir les couleurs d'automne \u00e0 Nakkertok! <\/p>\n\n\n\n<h2>Novembre<\/h2>\n\n\n\n<p>Il est temps de pr\u00e9parer votre r\u00e9sidence pour l'hiver.<\/p>\n\n\n\n<h2>D\u00e9cembre<\/h2>\n\n\n\n<p><strong><a href=\"https:\/\/lacmcgregorlake.ca\/fr\/christmas-bird-count-2018\/\" data-type=\"post\" data-id=\"1059\"><span class=\"has-inline-color has-vivid-cyan-blue-color\">Recensement d'oiseaux de No\u00ebl<\/span><\/a><span class=\"has-inline-color has-vivid-cyan-blue-color\"> <\/span><\/strong>a lieu. Comme la date est fix\u00e9e pour l'ensemble de la r\u00e9gion, elle pourrait est report\u00e9e en d\u00e9but d'ann\u00e9e.<\/p>\n<\/div>\n\n\n\n<div class=\"wp-block-column\" style=\"flex-basis:66.66%\">\n<p><\/p>\n\n\n\n<h1 class=\"has-text-align-center\">Informations cl\u00e9s<\/h1>\n\n\n\n<p><strong><span class=\"has-inline-color has-vivid-red-color\">L'Association du lac McGregor f\u00eate ses 80 ans en 2026! Plus de d\u00e9tails sur cet \u00e9v\u00e9nement sont \u00e0 venir.<\/span><\/strong><\/p>\n\n\n\n<h2 class=\"has-text-align-right\"><span class=\"has-inline-color has-vivid-red-color\">Adh\u00e9sion<\/span><\/h2>\n\n\n\n<p>Les membres peuvent renouveler leurs frais d'adh\u00e9sion annuels par transfert Interac, PayPal, ou par ch\u00e8que. Plus de d\u00e9tails \u00e0 ce <strong><a rel=\"noreferrer noopener\" href=\"https:\/\/lacmcgregorlake.ca\/fr\/become-a-member\/\" target=\"_blank\"><span class=\"has-inline-color has-vivid-cyan-blue-color\">lien<\/span><\/a><\/strong>.<\/p>\n\n\n\n<p>Vous n'\u00eates pas membre? Vous n'avez qu'\u00e0 cliquer <a rel=\"noreferrer noopener\" href=\"https:\/\/lacmcgregorlake.ca\/fr\/become-a-member\/\" target=\"_blank\"><strong><span class=\"has-inline-color has-vivid-cyan-blue-color\">ici<\/span><\/strong><\/a> pour compl\u00e9ter votre adh\u00e9sion. L'Association compte sur les frais d'adh\u00e9sion annuels des membres pour aider \u00e0 d\u00e9frayer les co\u00fbts li\u00e9s aux analyses annuelles de la qualit\u00e9 de l'eau, au placement de quelques marqueurs de haut-fond sur le lac, \u00e0 la r\u00e9gate annuelle, ainsi qu'\u00e0 la d\u00e9fense des int\u00e9r\u00eats des r\u00e9sidents du lac quant aux enjeux environmentaux aupr\u00e8s de la municipalit\u00e9. L'Association aide \u00e9galement \u00e0 partager des renseignements portant sur les r\u00e8glements relatifs \u00e0 l'environnement, \u00e0 la navigation de plaisance et aux fosses septiques avec les r\u00e9sidents du lac.<\/p>\n\n\n\n<h2 class=\"has-text-align-right\"><span class=\"has-inline-color has-vivid-red-color\">Rampe de mise \u00e0 l'eau<\/span><\/h2>\n\n\n\n<p><strong>Prot\u00e9ger le lac : nettoyer les embarcations<\/strong><\/p>\n\n\n\n<p>Un rappel que le lavage de bateaux est obligatoire avant de le mettre \u00e0 l'eau et qu'un inspection visuelle sera effectu\u00e9e par le personnel \u00e0 la rampe. Pour plus de renseignements sur les 3 stations de lavage gratuites, veuillez consulter le <a href=\"https:\/\/www.val-des-monts.net\/loisirs\/rampes-de-mise-a-leau-val-des-monts\/?fbclid=IwZXh0bgNhZW0CMTEAAR1bkDwKyuyZqm4B5ElAjANvrmONsgD4EbQEyCQCG7Hz1Gv8F3pdHe1g09M_aem_AXwKaMu10bTpguGK9iqOPq1z51XB_DsFQONKBmMU_tauNvmkVNnT-B4VpnqNLjVITnNlNpoFErnLMe_a9B6yNLWz\"><span class=\"has-inline-color has-vivid-cyan-blue-color\">SITE WEB<\/span><\/a> de la municipalit\u00e9.<\/p>\n\n\n\n<p><strong>Les r\u00e9sidents du lac qui disposent d\u2019une rampe de mise \u00e0 l\u2019eau priv\u00e9e<\/strong> et qui utilisent leur embarcation sur d\u2019autres plans d\u2019eau \u2014 ou qui permettent \u00e0 des visiteurs d\u2019y mettre leur bateau \u00e0 l\u2019eau \u2014 sont fortement encourag\u00e9s \u00e0 s\u2019assurer que toute embarcation soit soigneusement nettoy\u00e9e avant d\u2019\u00eatre mise \u00e0 l\u2019eau dans le lac McGregor.<\/p>\n\n\n\n<p><strong>Un nettoyage ad\u00e9quat comprend notamment :<\/strong><\/p>\n\n\n\n<p><strong>Nettoyer<\/strong> l\u2019embarcation et la remorque, \u00e0 l\u2019int\u00e9rieur comme \u00e0 l\u2019ext\u00e9rieur<br><strong>Vider <\/strong>toute eau pouvant se trouver dans le moteur, les ballasts, les viviers (puits de poisson), les glaci\u00e8res et les compartiments<br><strong>S\u00e9cher<\/strong> l\u2019embarcation et l\u2019\u00e9quipement autant que possible avant la mise \u00e0 l\u2019eau<\/p>\n\n\n\n<p>Ces gestes simples sont parmi les moyens les plus efficaces de pr\u00e9venir l\u2019introduction et la propagation d\u2019esp\u00e8ces aquatiques envahissantes et contribuent directement \u00e0 pr\u00e9server la qualit\u00e9 exceptionnelle de notre lac.<\/p>\n\n\n\n<p><span class=\"has-inline-color has-luminous-vivid-orange-color\"><strong> <\/strong><\/span><strong>Tarifs pous les r\u00e9sidents et contribuables :<\/strong><\/p>\n\n\n\n<p>- Embarcation non motoris\u00e9e : GRATUIT<br>- Bateaux \u00e0 moteur : Tarif s'\u00e9chelonne entre <em>5 $ et 60 $ pour la saison<\/em> (bas\u00e9 sur la grosseur et puissance du moteur)<\/p>\n\n\n\n<h5><strong>Tarifs pour les non r\u00e9sidents :<\/strong><\/h5>\n\n\n\n<p>- Embarcation non motoris\u00e9e : GRATUIT<br>- Bateaux \u00e0 moteur : Tarif s'\u00e9chelonne entre <em>10 $ et 120 $ par jour<\/em> (bas\u00e9 sur la grosseur et puissance du moteur)<\/p>\n\n\n\n<h2 class=\"has-text-align-right\"><span class=\"has-inline-color has-vivid-red-color\">Feux d'artifice<\/span><\/h2>\n\n\n\n<p><strong>Pour faire l\u2019usage de feux d\u2019artifice, vous devez en faire la demande aupr\u00e8s de la Municipalit\u00e9.<\/strong> Le service de la S\u00e9curit\u00e9 Publique vous transmettra des informations importantes concernant l\u2019utilisation des feux d\u2019artifice et sera ainsi au courant de vos activit\u00e9s au cas o\u00f9 il devait intervenir.<\/p>\n\n\n\n<p>Vous \u00eates pri\u00e9s de remplir une<strong> <a href=\"https:\/\/www.val-des-monts.net\/citoyens\/securite-incendie\/feux-dartifice-permis\/\"><span class=\"has-inline-color has-vivid-cyan-blue-color\">demande<\/span><\/a><span class=\"has-inline-color has-vivid-cyan-blue-color\"><a href=\"https:\/\/www.val-des-monts.net\/citoyens\/securite-incendie\/feux-dartifice-permis\/\"> <\/a><\/span><\/strong>disponible sur la page web de la municipalit\u00e9.<\/p>\n\n\n\n<h2 class=\"has-text-align-right\"><span class=\"has-inline-color has-vivid-red-color\">Le myriophylle \u00e0 \u00e9pi<\/span><\/h2>\n\n\n\n<p>Durant l'\u00e9t\u00e9 2019, l'ALM a inform\u00e9 les membres de la menace croissante du myriophylle \u00e0 \u00e9pi. L\u2019Agence de Bassin Versant des 7 (AVB7) a \u00e9t\u00e9 charg\u00e9e de mettre \u00e0 jour leur \u00e9tude de 2012 sur le lac McGregor pour obtenir une meilleure image des progr\u00e8s du myriophylle \u00e0 \u00e9pi dans le lac en g\u00e9n\u00e9ral, pour identifier les zones de pr\u00e9occupation prioritaires, et pour formuler des recommandations pour g\u00e9rer ce probl\u00e8me. L'\u00e9tude a \u00e9t\u00e9 termin\u00e9e \u00e0 l'automne 2019 et le rapport (<em>en fran\u00e7ais seulement<\/em>) ainsi qu'un r\u00e9sum\u00e9 (<em>en anglais et fran\u00e7ais<\/em>) sont disponibles sur notre <a href=\"https:\/\/lacmcgregorlake.ca\/fr\/eurasian-watermilfoil\/\" target=\"_blank\" rel=\"noreferrer noopener\"><strong><span class=\"has-inline-color has-vivid-cyan-blue-color\">page Web Myriophylle \u00e0 \u00e9pi<\/span><\/strong><\/a>.<\/p>\n\n\n\n<p>En 2020, l'ALM a organis\u00e9 deux (2) sessions d'information pour discuter de notre plan de trois (3) ans pour faire face \u00e0 la menace du myriophylle \u00e0 \u00e9pi dans notre lac. Les habitants des zones les plus touch\u00e9es ont \u00e9t\u00e9 invit\u00e9s \u00e0 participer \u00e0 ces s\u00e9ances via Zoom. Les r\u00e9sidents ont exprim\u00e9 leurs pr\u00e9occupations et ont partag\u00e9 leurs id\u00e9es sur la meilleure fa\u00e7on d'atteindre notre objectif commun, \u00e0 savoir maintenir le lac McGregor en bonne sant\u00e9 et exempt d'esp\u00e8ces envahissantes.<\/p>\n\n\n\n<p>Malgr\u00e9 les difficult\u00e9s li\u00e9es au financement essentiel et \u00e0 Covid19 , l'ALM a r\u00e9ussi \u00e0 pr\u00e9parer des ancres et des bou\u00e9es \u00e0 placer dans les sites touch\u00e9s et \u00e0 faire avancer notre plan. \u00c0 l'horizon, gr\u00e2ce \u00e0 diverses activit\u00e9s de collecte de fonds et d'\u00e9ducation, l'accent sera mis sur une plus grande sensibilisation \u00e0 cette menace et sur l'\u00e9largissement de la base de membres parmi les r\u00e9sidents et les utilisateurs du lac, afin de collecter des revenus indispensables pour poursuivre notre lutte contre cette esp\u00e8ce envahissante.<\/p>\n\n\n\n<p>Nous nous r\u00e9jouirons d'accueillir de nombreux autres membres et partisans de notre mission de protection de cette magnifique merveille naturelle qu'est le lac MGregor pour aujourd'hui et pour de nombreuses ann\u00e9es \u00e0 venir.<\/p>\n\n\n\n<h2 class=\"has-text-align-right\"><span class=\"has-inline-color has-vivid-red-color\">Gestion des d\u00e9chets et compostage<\/span><\/h2>\n\n\n\n<p>Depuis le 1er mai 2018, le compostage \u00e0 domicile est devenu obligatoire et les ordures m\u00e9nag\u00e8res sont maintenant ramass\u00e9es aux deux semaines, en alternance avec les mati\u00e8res recyclables, et ce, tout au long de l'ann\u00e9e.<\/p>\n\n\n\n<p>La Municipalit\u00e9 de Val-des-Monts a \u00e9mis un <span class=\"has-inline-color has-black-color\">Communiqu\u00e9 \u2013 Press release <\/span>le 13 juillet 2018 concernant la gestion environnementale de nos <strong>d\u00e9chets<\/strong>. En r\u00e9sum\u00e9, les bacs acceptables doivent avoir une capacit\u00e9 maximale de 360 \u200b\u200blitres, \u00eatre rectangulaires, avoir des roues, ne pas \u00eatre de couleur \u00abbleue\u00bb et \u00eatre muni d'un syst\u00e8me permettant la collecte automatis\u00e9e. Vous pouvez vous en procurer un dans une quincaillerie ou bien la municipalit\u00e9 offre un service de vente et de livraison \u00e0 domicile (80 $ taxes et livraison incluses). Un seul bac est autoris\u00e9 par foyer. Ceci est afin d'aider \u00e0 atteindre les objectifs environnementaux fix\u00e9s par le gouvernement du Qu\u00e9bec.<\/p>\n\n\n\n<p>De plus, une semaine par mois, la municipalit\u00e9 collectera <strong>des d\u00e9chets encombrants<\/strong>. Pour de plus amples renseignements, y compris l'horaire, veuillez cliquer sur <strong><a rel=\"noreferrer noopener\" href=\"https:\/\/www.val-des-monts.net\/citoyens\/collectes-val-des-monts\/\" target=\"_blank\"><span class=\"has-inline-color has-vivid-cyan-blue-color\">lien<\/span><\/a><\/strong> .<\/p>\n\n\n\n<p>Saviez-vous que les compostables repr\u00e9sentent 35-40% de nos d\u00e9chets? <strong>Le compostage<\/strong> est une m\u00e9thode naturelle pour transformer nos d\u00e9chets organiques de cuisine et de jardin en compost riche et fertile qui peut ensuite \u00eatre utilis\u00e9 pour fournir des nutriments essentiels \u00e0 nos plates-bandes, jardins, potagers, plantes d'int\u00e9rieur, etc. La Municipalit\u00e9 de Val-des-Monts a distribu\u00e9 quelques 5 600 composteurs domestiques. Ceci comprend le bac \u00e0 compost, le bac de cuisine, l'a\u00e9rateur et la porte de ceuillette du compost. Un petit guide y est \u00e9galement inclus. Pour de plus amples renseignements, ainsi qu'un vid\u00e9o qui explique le compostage domestique, veuillez visiter ce<strong><span class=\"has-inline-color has-vivid-cyan-blue-color\"> <\/span><a rel=\"noreferrer noopener\" href=\"https:\/\/www.val-des-monts.net\/citoyens\/compost-compostage\/\" target=\"_blank\"><span class=\"has-inline-color has-vivid-cyan-blue-color\">lien<\/span><\/a>&nbsp;<\/strong>.<\/p>\n\n\n\n<h2 class=\"has-text-align-right\"><span class=\"has-inline-color has-vivid-red-color\">Risque de feu de for\u00eat ? V\u00e9rifiez les restrictions en place<\/span><\/h2>\n\n\n\n<p>Saviez-vous qu'il y a environ 460 feux de for\u00eat au Qu\u00e9bec chaque ann\u00e9e ? L'activit\u00e9 humaine est responsable de 70 % de ces incendies. Nous avons ajout\u00e9 un nouveau widget au bas de la page qui indique le niveau de risque des feux de for\u00eat dans la r\u00e9gion. Pour rester inform\u00e9 des restrictions en vigueur (telles que l'interdiction des feux d'artifice et des feux \u00e0 ciel ouverts, etc.) visitez le site Web de la <a rel=\"noreferrer noopener\" href=\"https:\/\/sopfeu.qc.ca\/cartes\/\" target=\"_blank\"><strong><span class=\"has-inline-color has-vivid-cyan-blue-color\">Soci\u00e9t\u00e9 de protection des for\u00eats contre le feu<\/span><\/strong><\/a> (ajouter \"Val-des-Monts\" dans l'outil de recherche des cartes pour obtenir des mises \u00e0 jour plus sp\u00e9cifiques pour le lac McGregor).<\/p>\n<\/div>\n<\/div>\n\n\n\n<h2>Impliquez-vous !<\/h2>\n\n\n\n<h4><strong>\u00c0 LA RECHERCHE DE B\u00c9N\u00c9VOLES ET DE MEMBRES DU CONSEIL<\/strong><\/h4>\n\n\n\n<p>L'Association est toujours \u00e0 la recherche de personnes int\u00e9ress\u00e9es \u00e0 se joindre au Conseil. Les personnes int\u00e9ress\u00e9es sont invit\u00e9es \u00e0 consulter le <strong><a rel=\"noreferrer noopener\" href=\"https:\/\/lacmcgregorlake.ca\/fr\/association\/\" target=\"_blank\"><span class=\"has-inline-color has-vivid-cyan-blue-color\">mandat<\/span><\/a><\/strong> de l'Association et \u00e0 consid\u00e9rer les obligations suivantes :<\/p>\n\n\n\n<ul><li>agir au profit de l'adh\u00e9sion dans la poursuite du mandat<\/li><li>participer activement aux r\u00e9unions du Conseil<\/li><li>contribuer aux responsabilit\u00e9s de l'Association et du Conseil telles que : participer comme membres \u00e0 des comit\u00e9s et postes de direction (tr\u00e9sorier, membres, analyse de la qualit\u00e9 de l'eau, myriophylle, etc.); repr\u00e9senter l'Association aux r\u00e9unions municipales, y compris la surveillance ou la participation aux r\u00e9unions r\u00e9guli\u00e8res du conseil; repr\u00e9senter l'Association aux r\u00e9unions de la F\u00e9d\u00e9ration des lacs; organiser des \u00e9v\u00e9nements tels que la r\u00e9gate ou l'AGA, etc.<\/li><\/ul>\n\n\n\n<p>Si vous \u00eates int\u00e9ress\u00e9 par ce travail b\u00e9n\u00e9vole - ou vous voulez participer \u00e0, ou aider \u00e0 organiser, des \u00e9v\u00e9nements de l'Association - veuillez nous contacter (<strong><a rel=\"noreferrer noopener\" href=\"mailto:lacmcgregorlake@gmail.com\" target=\"_blank\"><span class=\"has-inline-color has-vivid-cyan-blue-color\">lacmcgregorlake<\/span><\/a><a href=\"mailto:lacmcgregorlake@gmail.com\"><span class=\"has-inline-color has-vivid-cyan-blue-color\">@gmail.com<\/span><\/a><\/strong>). Seuls les membres actifs en r\u00e8gle peuvent \u00eatre nomm\u00e9s au conseil.<\/p>\n\n\n\n<h4><strong>OBJETS PERDUS ET TROUV\u00c9S<\/strong><\/h4>\n\n\n\n<p>Un rappel que vous pouvez poster des objets perdus et trouv\u00e9s (tels que les quais!), ainsi que d'autres articles d'int\u00e9r\u00eat aux r\u00e9sidents du lac McGregor sur notre <strong><a rel=\"noreferrer noopener\" href=\"https:\/\/www.facebook.com\/groups\/mcgregorlakeassociation\/\" data-type=\"URL\" data-id=\"https:\/\/www.facebook.com\/groups\/mcgregorlakeassociation\/\" target=\"_blank\"><span class=\"has-inline-color has-vivid-cyan-blue-color\">page Facebook<\/span><\/a><\/strong><a rel=\"noreferrer noopener\" href=\"https:\/\/www.facebook.com\/groups\/mcgregorlakeassociation\/\" target=\"_blank\"><strong><span class=\"has-inline-color has-vivid-cyan-blue-color\"><\/span><\/strong><\/a>. Si vous n'\u00eates pas membre de notre page Facebook, veuillez nous envoyer une demande via notre page Facebook<em>.<\/em><\/p>\n\n\n\n<h4><strong>AVEZ-VOUS DES ARTICLES \u00c0 ACHETER, VENDRE OU \u00c9CHANGER?<\/strong><\/h4>\n\n\n\n<p>\u00c9tant donn\u00e9 que la page principale de l'Association du lac McGregor sur Facebook ne doit pas \u00eatre utilis\u00e9e \u00e0 des fins commerciales, un groupe Facebook distinct a \u00e9t\u00e9 cr\u00e9\u00e9 o\u00f9 vous pouvez afficher des produits ou services pour acheter, vendre ou \u00e9changer avec d'autres qui habitent au, ou pr\u00e8s du, lac: <a href=\"https:\/\/www.facebook.com\/groups\/LacMcgregorLake\/\" target=\"_blank\" rel=\"noreferrer noopener\"><strong><span class=\"has-inline-color has-vivid-cyan-blue-color\">Groupe d'achat et de vente du lac McGregor<\/span><\/strong><\/a>. Ceci est un groupe ferm\u00e9. Pour visualiser ou afficher des articles, vous devez avoir un compte Facebook et envoyer une demande d'adh\u00e9sion au groupe. C'est une excellente fa\u00e7on d'\u00e9pargner aux gens un long tour de voiture pour acheter quelque chose dont quelqu'un d'autre n'a plus besoin ... et qui, esp\u00e9rons-le, aidera l'environnement en m\u00eame temps.<\/p>\n\n\n\n<h4><strong>PARTAGEZ VOS PHOTOS!<\/strong><\/h4>\n\n\n\n<p>Vous avez pris de bonnes photos de notre lac? Vous pouvez nous les faire parvenir, en haute r\u00e9solution, par courriel \u00e0 <a rel=\"noreferrer noopener\" href=\"mailto:lacmcgregorlake@gmail.com\" target=\"_blank\"><strong><span class=\"has-inline-color has-vivid-cyan-blue-color\">lacmcgregorlake@gmail.com<\/span><\/strong><\/a>. Veuillez noter qu'en envoyant ces photos, vous acceptez qu'elles soient partag\u00e9es sur le site Internet de l'Association du lac McGregor. Votre nom sera attribu\u00e9 \u00e0 votre photo (initiale du pr\u00e9nom, nom de famille complet). Vous pouvez \u00e9galement les soumettre \u00e0 notre <strong><a rel=\"noreferrer noopener\" href=\"https:\/\/www.facebook.com\/groups\/mcgregorlakeassociation\/\" data-type=\"URL\" data-id=\"https:\/\/www.facebook.com\/groups\/mcgregorlakeassociation\/\" target=\"_blank\"><span class=\"has-inline-color has-vivid-cyan-blue-color\">page de Facebook<\/span><\/a><\/strong><a rel=\"noreferrer noopener\" href=\"https:\/\/www.facebook.com\/groups\/mcgregorlakeassociation\/\" target=\"_blank\"><strong><span class=\"has-inline-color has-vivid-cyan-blue-color\"><\/span><\/strong><\/a> (\u00c0 noter : <em>Vous devez avoir un compte Facebook et \u00eatre membre du groupe Facebook de l'Association du lac McGregor pour publier sur cette page<\/em>).<\/p>\n\n\n\n<p><em>Mise \u00e0 jour : janvier 2022<\/em><\/p>","protected":false},"excerpt":{"rendered":"<p>Events (Note: Specific dates are added on the &#8216;Announcements &amp; Annual Events&#8216; page, each year, once confirmed.) January Time to renew your annual membership! Like to cross-country ski &amp;\/or go snowshoeing? Check out Nakkertok Val-des-Monts a few minutes from the lake for great trails maintained by volunteers. February Great time for skating, skiing, snowshoeing, snowmobiling [&hellip;]<\/p>","protected":false},"author":2,"featured_media":1619,"parent":0,"menu_order":0,"comment_status":"closed","ping_status":"closed","template":"","meta":[],"_links":{"self":[{"href":"https:\/\/lacmcgregorlake.ca\/fr\/wp-json\/wp\/v2\/pages\/1573"}],"collection":[{"href":"https:\/\/lacmcgregorlake.ca\/fr\/wp-json\/wp\/v2\/pages"}],"about":[{"href":"https:\/\/lacmcgregorlake.ca\/fr\/wp-json\/wp\/v2\/types\/page"}],"author":[{"embeddable":true,"href":"https:\/\/lacmcgregorlake.ca\/fr\/wp-json\/wp\/v2\/users\/2"}],"replies":[{"embeddable":true,"href":"https:\/\/lacmcgregorlake.ca\/fr\/wp-json\/wp\/v2\/comments?post=1573"}],"version-history":[{"count":141,"href":"https:\/\/lacmcgregorlake.ca\/fr\/wp-json\/wp\/v2\/pages\/1573\/revisions"}],"predecessor-version":[{"id":2968,"href":"https:\/\/lacmcgregorlake.ca\/fr\/wp-json\/wp\/v2\/pages\/1573\/revisions\/2968"}],"wp:featuredmedia":[{"embeddable":true,"href":"https:\/\/lacmcgregorlake.ca\/fr\/wp-json\/wp\/v2\/media\/1619"}],"wp:attachment":[{"href":"https:\/\/lacmcgregorlake.ca\/fr\/wp-json\/wp\/v2\/media?parent=1573"}],"curies":[{"name":"wp","href":"https:\/\/api.w.org\/{rel}","templated":true}]}}