{"id":1587,"date":"2022-01-15T01:28:59","date_gmt":"2022-01-15T01:28:59","guid":{"rendered":"https:\/\/lacmcgregorlake.ca\/?page_id=1587"},"modified":"2024-09-16T15:36:12","modified_gmt":"2024-09-16T15:36:12","slug":"update-on-the-federal-of-lakes-of-val-des-monts","status":"publish","type":"page","link":"https:\/\/lacmcgregorlake.ca\/fr\/update-on-the-federal-of-lakes-of-val-des-monts\/","title":{"rendered":"Mise \u00e0 jour de la F\u00e9d\u00e9ration des lacs de Val-des-Monts"},"content":{"rendered":"<p>Le 29 septembre 2020, le pr\u00e9sident nouvellement \u00e9lu de la F\u00e9d\u00e9ration, Brian Davidson, a envoy\u00e9 un message annon\u00e7ant le nouveau conseil d'administration et le r\u00f4le de la F\u00e9d\u00e9ration. Ce nouveau r\u00f4le s'est d\u00e9velopp\u00e9 \u00e0 partir du retrait du financement de la Municipalit\u00e9 de Val-des-Monts. Cela a \u00e9t\u00e9 expliqu\u00e9 dans un message envoy\u00e9 aux membres en juin 2020 qui indiquait, en partie :<\/p>\n\n\n\n<blockquote class=\"wp-block-quote\"><p><em>La Municipalit\u00e9 a mis fin \u00e0 son protocole d\u2019entente avec la F\u00e9d\u00e9ration qui prendra fin le 30 septembre 2020. Cons\u00e9quemment, la F\u00e9d\u00e9ration ne pourra plus retenir les services de sa Consultante-Experte et contreviendra \u00e0 son mandat tel que d\u00e9fini par son statut et ses r\u00e8glements g\u00e9n\u00e9raux. Les d\u00e9missions massives au sein du CA de la F\u00e9d\u00e9ration, effectives le 30 septembre, obligeront les Associations membres \u00e0 s\u2019interroger sur l\u2019avenir de la F\u00e9d\u00e9ration. Dans les prochaines semaines, vous recevrez le Rapport Annuel 2019, le rapport Financier 2019, ainsi qu\u2019une invitation pour des mises en candidature afin de former un nouveau CA. Il appartiendra au nouveau conseil d\u2019effectuer la consultation pour d\u00e9terminer la nouvelle orientation de la F\u00e9d\u00e9ration.<br><\/em><\/p><\/blockquote>\n\n\n\n<p>La F\u00e9d\u00e9ration a aussi partag\u00e9 ces documents.<\/p>\n\n\n\n<ul><li><span class=\"has-inline-color has-black-color\">Letter from the Mayor \u2013 Lettre du maire 20-05-18<\/span> (disponible en fran\u00e7ais seulement)<\/li><li><span class=\"has-inline-color has-black-color\">R\u00e9ponse de la F\u00e9d\u00e9ration (FR)<\/span><span class=\"has-inline-color has-vivid-cyan-blue-color\"> \/ <\/span><span class=\"has-inline-color has-black-color\">Federation\u2019s response (EN)<\/span><span class=\"has-inline-color has-vivid-cyan-blue-color\"> <\/span><\/li><li><span class=\"has-inline-color has-black-color\">Minutes of the June 9 meeting \u2013 Compte-rendu du 9 juin 2020<\/span> (disponible en fran\u00e7ais seulement)<\/li><\/ul>\n\n\n\n<p><\/p>","protected":false},"excerpt":{"rendered":"<p>On September 29, 2020, the newly elected President of the Federation Brian Davidson sent a message announcing the newly elected Board and Role of the Federation. This new role developed from the withdrawal of funding from the Municipality of Val-des-Monts. This was explained in a message sent to members in June 2020 which stated, in [&hellip;]<\/p>","protected":false},"author":2,"featured_media":0,"parent":0,"menu_order":0,"comment_status":"closed","ping_status":"closed","template":"","meta":[],"_links":{"self":[{"href":"https:\/\/lacmcgregorlake.ca\/fr\/wp-json\/wp\/v2\/pages\/1587"}],"collection":[{"href":"https:\/\/lacmcgregorlake.ca\/fr\/wp-json\/wp\/v2\/pages"}],"about":[{"href":"https:\/\/lacmcgregorlake.ca\/fr\/wp-json\/wp\/v2\/types\/page"}],"author":[{"embeddable":true,"href":"https:\/\/lacmcgregorlake.ca\/fr\/wp-json\/wp\/v2\/users\/2"}],"replies":[{"embeddable":true,"href":"https:\/\/lacmcgregorlake.ca\/fr\/wp-json\/wp\/v2\/comments?post=1587"}],"version-history":[{"count":6,"href":"https:\/\/lacmcgregorlake.ca\/fr\/wp-json\/wp\/v2\/pages\/1587\/revisions"}],"predecessor-version":[{"id":2649,"href":"https:\/\/lacmcgregorlake.ca\/fr\/wp-json\/wp\/v2\/pages\/1587\/revisions\/2649"}],"wp:attachment":[{"href":"https:\/\/lacmcgregorlake.ca\/fr\/wp-json\/wp\/v2\/media?parent=1587"}],"curies":[{"name":"wp","href":"https:\/\/api.w.org\/{rel}","templated":true}]}}