{"id":1592,"date":"2022-01-15T01:37:10","date_gmt":"2022-01-15T01:37:10","guid":{"rendered":"https:\/\/lacmcgregorlake.ca\/?page_id=1592"},"modified":"2022-01-15T01:37:10","modified_gmt":"2022-01-15T01:37:10","slug":"municipalitys-draft-urban-development-plan","status":"publish","type":"page","link":"https:\/\/lacmcgregorlake.ca\/fr\/municipalitys-draft-urban-development-plan\/","title":{"rendered":"Projet de plan d'urbanisme de la municipalit\u00e9"},"content":{"rendered":"<p>L'association a soumis un m\u00e9moire \u00e0 la municipalit\u00e9 de Val-des-Monts sur son projet de plan d'urbanisme (PDU) - vous pouvez le lire ici : <strong><a href=\"https:\/\/lacmcgregorlake.ca\/wp-content\/uploads\/2021\/08\/Soumission-de-ALM-sur-le-projet-de-plan-durbanisme-de-VDM-Aou\u0302t-2021.pdf\"><span class=\"has-inline-color has-vivid-cyan-blue-color\">Soumission de ALM sur le projet de plan d'urbanisme de VDM - Aou\u0302t 2021<\/span><\/a>.<\/strong><\/p>","protected":false},"excerpt":{"rendered":"<p>The Association has submitted a brief to the Municipality of Val-des-Monts on its draft Urban Development Plan (UDP) \u2013 you can read it here: MLA Submission on VDM\u2019s Draft Urban Development Plan \u2013 Aug 2021.<\/p>","protected":false},"author":2,"featured_media":0,"parent":0,"menu_order":0,"comment_status":"closed","ping_status":"closed","template":"","meta":[],"_links":{"self":[{"href":"https:\/\/lacmcgregorlake.ca\/fr\/wp-json\/wp\/v2\/pages\/1592"}],"collection":[{"href":"https:\/\/lacmcgregorlake.ca\/fr\/wp-json\/wp\/v2\/pages"}],"about":[{"href":"https:\/\/lacmcgregorlake.ca\/fr\/wp-json\/wp\/v2\/types\/page"}],"author":[{"embeddable":true,"href":"https:\/\/lacmcgregorlake.ca\/fr\/wp-json\/wp\/v2\/users\/2"}],"replies":[{"embeddable":true,"href":"https:\/\/lacmcgregorlake.ca\/fr\/wp-json\/wp\/v2\/comments?post=1592"}],"version-history":[{"count":1,"href":"https:\/\/lacmcgregorlake.ca\/fr\/wp-json\/wp\/v2\/pages\/1592\/revisions"}],"predecessor-version":[{"id":1593,"href":"https:\/\/lacmcgregorlake.ca\/fr\/wp-json\/wp\/v2\/pages\/1592\/revisions\/1593"}],"wp:attachment":[{"href":"https:\/\/lacmcgregorlake.ca\/fr\/wp-json\/wp\/v2\/media?parent=1592"}],"curies":[{"name":"wp","href":"https:\/\/api.w.org\/{rel}","templated":true}]}}