{"id":1731,"date":"2022-06-11T22:30:36","date_gmt":"2022-06-11T22:30:36","guid":{"rendered":"https:\/\/lacmcgregorlake.ca\/?page_id=1731"},"modified":"2024-05-15T18:57:07","modified_gmt":"2024-05-15T18:57:07","slug":"2022-aga-agm-documents","status":"publish","type":"page","link":"https:\/\/lacmcgregorlake.ca\/fr\/association\/annual-general-meetings-agm\/2022-aga-agm-documents\/","title":{"rendered":"2022 Documents de l'AGA"},"content":{"rendered":"<p><\/p>\n\n\n\n<p><\/p>\n\n\n\n<p>Les membres sont encourag\u00e9s \u00e0 imprimer ou \u00e0 utiliser des versions \u00e9lectroniques de ces documents suivants, car un nombre limit\u00e9 d'exemplaires seront disponibles sur place.<\/p>\n\n\n\n<ul><li><a href=\"https:\/\/lacmcgregorlake.ca\/wp-content\/uploads\/2022\/06\/Ordre-du-jour-AGA-2022-AGM-AGENDA-2022.pdf\" data-type=\"URL\" data-id=\"https:\/\/lacmcgregorlake.ca\/wp-content\/uploads\/2022\/06\/Ordre-du-jour-AGA-2022-AGM-AGENDA-2022.pdf\" target=\"_blank\" rel=\"noreferrer noopener\"><strong><span class=\"has-inline-color has-vivid-cyan-blue-color\">Ordre du jour de l\u2019AGA \u2013 2022 \u2013 AGM Agenda (EN|FR)<\/span><\/strong><\/a><\/li><li><a rel=\"noreferrer noopener\" href=\"https:\/\/lacmcgregorlake.ca\/wp-content\/uploads\/2022\/07\/AGA-ALM-Proce\u0300s-verbal-14-Aou\u0302t-2021.pdf\" data-type=\"URL\" data-id=\"https:\/\/lacmcgregorlake.ca\/wp-content\/uploads\/2022\/07\/AGA-ALM-Proce\u0300s-verbal-14-Aou\u0302t-2021.pdf\" target=\"_blank\"><span class=\"has-inline-color has-vivid-cyan-blue-color\"><strong>Proc\u00e8s-verbal de l&#8217;AGA 2021 (FR)<\/strong><\/span><\/a><\/li><li><a rel=\"noreferrer noopener\" href=\"https:\/\/lacmcgregorlake.ca\/wp-content\/uploads\/2022\/07\/MLA-AGM-Minutes-of-Meeting-August-14-2021.pdf\" data-type=\"URL\" data-id=\"https:\/\/lacmcgregorlake.ca\/wp-content\/uploads\/2022\/07\/MLA-AGM-Minutes-of-Meeting-August-14-2021.pdf\" target=\"_blank\"><strong><span class=\"has-inline-color has-vivid-cyan-blue-color\">Minutes AGM 2021 (EN)<\/span><\/strong><\/a><\/li><li><a rel=\"noreferrer noopener\" href=\"https:\/\/lacmcgregorlake.ca\/wp-content\/uploads\/2022\/07\/E\u0301tats-financiers-ALM-financial-statement-2022-MLA.pdf\" data-type=\"URL\" data-id=\"https:\/\/lacmcgregorlake.ca\/wp-content\/uploads\/2022\/07\/E\u0301tats-financiers-ALM-financial-statement-2022-MLA.pdf\" target=\"_blank\"><span class=\"has-inline-color has-vivid-cyan-blue-color\"><strong>\u00c9tats-financiers ALM &#8211; Financial Statement MLA 2022<\/strong><\/span><\/a><strong><a rel=\"noreferrer noopener\" href=\"https:\/\/lacmcgregorlake.ca\/wp-content\/uploads\/2022\/07\/E\u0301tats-financiers-ALM-financial-statement-2022-MLA.pdf\" data-type=\"URL\" data-id=\"https:\/\/lacmcgregorlake.ca\/wp-content\/uploads\/2022\/07\/E\u0301tats-financiers-ALM-financial-statement-2022-MLA.pdf\" target=\"_blank\"><span class=\"has-inline-color has-vivid-cyan-blue-color\"> <\/span><\/a><\/strong><a rel=\"noreferrer noopener\" href=\"https:\/\/lacmcgregorlake.ca\/wp-content\/uploads\/2022\/07\/E\u0301tats-financiers-ALM-financial-statement-2022-MLA.pdf\" data-type=\"URL\" data-id=\"https:\/\/lacmcgregorlake.ca\/wp-content\/uploads\/2022\/07\/E\u0301tats-financiers-ALM-financial-statement-2022-MLA.pdf\" target=\"_blank\"><span class=\"has-inline-color has-vivid-cyan-blue-color\"><strong>(EN<\/strong><\/span><\/a><a href=\"https:\/\/lacmcgregorlake.ca\/wp-content\/uploads\/2022\/06\/Ordre-du-jour-AGA-2022-AGM-AGENDA-2022.pdf\" data-type=\"URL\" data-id=\"https:\/\/lacmcgregorlake.ca\/wp-content\/uploads\/2022\/06\/Ordre-du-jour-AGA-2022-AGM-AGENDA-2022.pdf\"><span class=\"has-inline-color has-vivid-cyan-blue-color\"><strong>|FR)<\/strong><\/span><\/a><\/li><\/ul>\n\n\n\n<p>Nous aimerions profiter de cette occasion pour inviter toutes personnes int\u00e9ress\u00e9es \u00e0 devenir membre b\u00e9n\u00e9vole du Conseil \u00e0 contacter Bob Kerr \u00e0&nbsp;&nbsp;<a rel=\"noreferrer noopener\" href=\"mailto:lacmcgregorlake@gmail.com\" target=\"_blank\"><span class=\"has-inline-color has-vivid-cyan-blue-color\"><strong>lacmcgregorlake@gmail.com<\/strong><\/span><\/a>.<\/p>\n\n\n\n<p>Seuls les membres en r\u00e8gle peuvent voter \u00e0 l'AGA. Si vous n'avez pas encore pay\u00e9 votre cotisation pour 2022, veuillez le faire \u00e0 <a href=\"https:\/\/lacmcgregorlake.ca\/fr\/become-a-member\/\"><strong><span class=\"has-inline-color has-vivid-cyan-blue-color\">lien<\/span><\/strong><\/a>.  <\/p>\n\n\n\n<h2>Proc\u00e8s-verbal de l'AGA 2022<\/h2>\n\n\n\n<ul><li><strong><a rel=\"noreferrer noopener\" href=\"https:\/\/lacmcgregorlake.ca\/wp-content\/uploads\/2022\/09\/Proce\u0300s-verbal-de-lAGA-FR-16-juillet-2022.pdf\" data-type=\"URL\" data-id=\"https:\/\/lacmcgregorlake.ca\/wp-content\/uploads\/2022\/09\/Proce\u0300s-verbal-de-lAGA-FR-16-juillet-2022.pdf\" target=\"_blank\"><span class=\"has-inline-color has-vivid-cyan-blue-color\">FR \u2013 Proc\u00e8s-verbal de l\u2019AGA 2022<\/span><\/a><\/strong><\/li><li><strong><a rel=\"noreferrer noopener\" href=\"https:\/\/lacmcgregorlake.ca\/wp-content\/uploads\/2022\/09\/MLA-AGM-Minutes-EN-July-16-2022.pdf\" data-type=\"URL\" data-id=\"https:\/\/lacmcgregorlake.ca\/wp-content\/uploads\/2022\/09\/MLA-AGM-Minutes-EN-July-16-2022.pdf\" target=\"_blank\"><span class=\"has-inline-color has-vivid-cyan-blue-color\">EN \u2013 2022 AGM Minutes<\/span><\/a><\/strong><\/li><li><strong><a href=\"https:\/\/lacmcgregorlake.ca\/wp-content\/uploads\/2023\/01\/ALM_Merci-Hydro-QC-140622F-1.pdf\"><span style=\"color:#0698e5\" class=\"has-inline-color\">Lettre du 14 juin 2022 de l'ALM \u00e0 Hydro Qu\u00e9bec<\/span><\/a><\/strong><\/li><li><strong><a href=\"https:\/\/lacmcgregorlake.ca\/wp-content\/uploads\/2023\/01\/MLA_Hydro-QC_110822F.pdf\"><span class=\"has-inline-color has-vivid-cyan-blue-color\">Lettre du 11 ao\u00fbt 2022 de l'ALM \u00e0 Hydro Qu\u00e9bec<\/span><\/a><\/strong><\/li><li><strong><a href=\"https:\/\/lacmcgregorlake.ca\/wp-content\/uploads\/2023\/01\/HydroQC-Lettre-260822F.pdf\"><span class=\"has-inline-color has-vivid-cyan-blue-color\">R\u00e9ponse de Hydro Qu\u00e9bec du 26 ao\u00fbt 2022<\/span><\/a><\/strong><\/li><\/ul>\n\n\n\n<p><\/p>","protected":false},"excerpt":{"rendered":"<p>Members are encouraged to print or use electronic versions of the following documents as only a limited number of copies will be made available at the meeting. Ordre du jour de l\u2019AGA \u2013 2022 \u2013 AGM Agenda (EN|FR) Proc\u00e8s-verbal de l&#8217;AGA 2021 (FR) Minutes AGM 2021 (EN) \u00c9tats-financiers ALM &#8211; Financial Statement MLA 2022 (EN|FR) [&hellip;]<\/p>","protected":false},"author":2,"featured_media":1733,"parent":1737,"menu_order":3,"comment_status":"closed","ping_status":"closed","template":"","meta":[],"_links":{"self":[{"href":"https:\/\/lacmcgregorlake.ca\/fr\/wp-json\/wp\/v2\/pages\/1731"}],"collection":[{"href":"https:\/\/lacmcgregorlake.ca\/fr\/wp-json\/wp\/v2\/pages"}],"about":[{"href":"https:\/\/lacmcgregorlake.ca\/fr\/wp-json\/wp\/v2\/types\/page"}],"author":[{"embeddable":true,"href":"https:\/\/lacmcgregorlake.ca\/fr\/wp-json\/wp\/v2\/users\/2"}],"replies":[{"embeddable":true,"href":"https:\/\/lacmcgregorlake.ca\/fr\/wp-json\/wp\/v2\/comments?post=1731"}],"version-history":[{"count":28,"href":"https:\/\/lacmcgregorlake.ca\/fr\/wp-json\/wp\/v2\/pages\/1731\/revisions"}],"predecessor-version":[{"id":2302,"href":"https:\/\/lacmcgregorlake.ca\/fr\/wp-json\/wp\/v2\/pages\/1731\/revisions\/2302"}],"up":[{"embeddable":true,"href":"https:\/\/lacmcgregorlake.ca\/fr\/wp-json\/wp\/v2\/pages\/1737"}],"wp:featuredmedia":[{"embeddable":true,"href":"https:\/\/lacmcgregorlake.ca\/fr\/wp-json\/wp\/v2\/media\/1733"}],"wp:attachment":[{"href":"https:\/\/lacmcgregorlake.ca\/fr\/wp-json\/wp\/v2\/media?parent=1731"}],"curies":[{"name":"wp","href":"https:\/\/api.w.org\/{rel}","templated":true}]}}