{"id":1737,"date":"2022-06-14T00:20:13","date_gmt":"2022-06-14T00:20:13","guid":{"rendered":"https:\/\/lacmcgregorlake.ca\/?page_id=1737"},"modified":"2026-03-30T14:51:18","modified_gmt":"2026-03-30T14:51:18","slug":"annual-general-meetings-agm","status":"publish","type":"page","link":"https:\/\/lacmcgregorlake.ca\/fr\/association\/annual-general-meetings-agm\/","title":{"rendered":"Documents AGA"},"content":{"rendered":"<p>Vous trouverez ici les liens vers les assembl\u00e9es g\u00e9n\u00e9rales annuelles de l'Association du lac McGregor de l'ann\u00e9e en cours et des ann\u00e9es pr\u00e9c\u00e9dentes. Il suffit de cliquer sur le lien correspondant ci-dessous pour acc\u00e9der aux documents de l'AGA.<meta charset=\"utf-8\"><\/p>\n\n\n\n<ul><li><strong><strong><a href=\"https:\/\/lacmcgregorlake.ca\/fr\/aga-2026\/\"><strong><span style=\"color:#3f92dd\" class=\"has-inline-color\">AGA<\/span><\/strong><\/a><\/strong><span class=\"has-inline-color has-black-color\"><a href=\"https:\/\/lacmcgregorlake.ca\/fr\/aga-2026\/\"> <strong><span class=\"has-inline-color has-vivid-cyan-blue-color\">|<\/span><\/strong> <strong><span class=\"has-inline-color has-vivid-cyan-blue-color\">AGA 2026<\/span><\/strong><\/a><\/span><\/strong><\/li><\/ul>\n\n\n\n<ul><li><strong><strong><a href=\"https:\/\/lacmcgregorlake.ca\/fr\/aga-2025\/\"><span class=\"has-inline-color has-vivid-cyan-blue-color\">AGA <strong>|<\/strong> AGA 2025<\/span><\/a><\/strong><\/strong><\/li><\/ul>\n\n\n\n<ul><li><strong><a href=\"https:\/\/lacmcgregorlake.ca\/fr\/association\/annual-general-meetings-agm\/2024-aga-agm-documents\/\"><span class=\"has-inline-color has-vivid-cyan-blue-color\">AGA <strong>|<\/strong> AGA 2024<\/span><\/a><\/strong><\/li><\/ul>\n\n\n\n<ul><li><strong><a href=\"https:\/\/lacmcgregorlake.ca\/fr\/association\/2023-aga-agm-documents\/\"><span class=\"has-inline-color has-vivid-cyan-blue-color\">AGA <strong>|<\/strong> AGA 2023<\/span><\/a><\/strong><\/li><\/ul>\n\n\n\n<ul><li><strong><a href=\"https:\/\/lacmcgregorlake.ca\/fr\/association\/annual-general-meetings-agm\/2022-aga-agm-documents\/\"><span class=\"has-inline-color has-vivid-cyan-blue-color\">AGA <strong>|<\/strong> AGA 2022<\/span><\/a><\/strong><\/li><\/ul>\n\n\n\n<ul><li><a href=\"https:\/\/lacmcgregorlake.ca\/fr\/association\/2021-aga-agm-documents\/\" data-type=\"page\" data-id=\"1429\"><strong><span class=\"has-inline-color has-vivid-cyan-blue-color\">AGM | AGA 2021<\/span><\/strong><\/a><\/li><\/ul>\n\n\n\n<ul><li><a href=\"https:\/\/lacmcgregorlake.ca\/fr\/association\/aga-agm-2020\/\" data-type=\"page\" data-id=\"1298\"><strong><span class=\"has-inline-color has-vivid-cyan-blue-color\">AGM | AGA 2020<\/span><\/strong><\/a><\/li><\/ul>\n\n\n\n<ul><li><a href=\"https:\/\/lacmcgregorlake.ca\/fr\/association\/proces-verbal-de-laga-2019-agm-minutes\/\" data-type=\"page\" data-id=\"1186\"><strong><span class=\"has-inline-color has-vivid-cyan-blue-color\">AGM | AGA 2019<\/span><\/strong><\/a><\/li><\/ul>\n\n\n\n<ul><li><a href=\"https:\/\/lacmcgregorlake.ca\/fr\/association\/proces-verbal-de-laga-2018-agm-minutes\/\" data-type=\"page\" data-id=\"1182\"><strong><span class=\"has-inline-color has-vivid-cyan-blue-color\">AGM | AGA 2018<\/span><\/strong><\/a><\/li><\/ul>\n\n\n\n<ul><li><a href=\"https:\/\/lacmcgregorlake.ca\/fr\/association\/2017-agm-minutes\/\" data-type=\"page\" data-id=\"373\"><strong><span class=\"has-inline-color has-vivid-cyan-blue-color\">AGM | AGA 2017<\/span><\/strong><\/a><\/li><\/ul>\n\n\n\n<ul><li><a href=\"https:\/\/lacmcgregorlake.ca\/fr\/association\/association-documents\/\" data-type=\"page\" data-id=\"235\"><strong><span class=\"has-inline-color has-vivid-cyan-blue-color\">AGM | AGA 2016<\/span><\/strong><\/a><\/li><\/ul>\n\n\n\n<p><\/p>","protected":false},"excerpt":{"rendered":"<p>You will find here the links to current and past year Annual General Meetings of the McGregor Lake Association. Simply click on the relevant link below to access the AGM documents. AGM | AGA 2026 AGM | AGA 2025 AGM | AGA 2024 AGM | AGA 2023 AGM | AGA 2022 AGM | AGA 2021 [&hellip;]<\/p>","protected":false},"author":2,"featured_media":1738,"parent":187,"menu_order":0,"comment_status":"closed","ping_status":"closed","template":"","meta":[],"_links":{"self":[{"href":"https:\/\/lacmcgregorlake.ca\/fr\/wp-json\/wp\/v2\/pages\/1737"}],"collection":[{"href":"https:\/\/lacmcgregorlake.ca\/fr\/wp-json\/wp\/v2\/pages"}],"about":[{"href":"https:\/\/lacmcgregorlake.ca\/fr\/wp-json\/wp\/v2\/types\/page"}],"author":[{"embeddable":true,"href":"https:\/\/lacmcgregorlake.ca\/fr\/wp-json\/wp\/v2\/users\/2"}],"replies":[{"embeddable":true,"href":"https:\/\/lacmcgregorlake.ca\/fr\/wp-json\/wp\/v2\/comments?post=1737"}],"version-history":[{"count":27,"href":"https:\/\/lacmcgregorlake.ca\/fr\/wp-json\/wp\/v2\/pages\/1737\/revisions"}],"predecessor-version":[{"id":2945,"href":"https:\/\/lacmcgregorlake.ca\/fr\/wp-json\/wp\/v2\/pages\/1737\/revisions\/2945"}],"up":[{"embeddable":true,"href":"https:\/\/lacmcgregorlake.ca\/fr\/wp-json\/wp\/v2\/pages\/187"}],"wp:featuredmedia":[{"embeddable":true,"href":"https:\/\/lacmcgregorlake.ca\/fr\/wp-json\/wp\/v2\/media\/1738"}],"wp:attachment":[{"href":"https:\/\/lacmcgregorlake.ca\/fr\/wp-json\/wp\/v2\/media?parent=1737"}],"curies":[{"name":"wp","href":"https:\/\/api.w.org\/{rel}","templated":true}]}}