{"id":187,"date":"2018-01-03T18:56:47","date_gmt":"2018-01-03T18:56:47","guid":{"rendered":"http:\/\/mcgregorlake.piceadesigns.com\/?page_id=187"},"modified":"2026-03-14T20:29:54","modified_gmt":"2026-03-14T20:29:54","slug":"association","status":"publish","type":"page","link":"https:\/\/lacmcgregorlake.ca\/fr\/association\/","title":{"rendered":"Mandat de l'Association"},"content":{"rendered":"<div align=\"left\">\n<p><a href=\"https:\/\/lacmcgregorlake.ca\/wp-content\/uploads\/2023\/06\/20230615_Top-10-lacMcGregor-FR_8-5x11-v3.pdf\"><strong><span style=\"color: #0000ff;\">Venez d\u00e9<\/span><span style=\"color: #0000ff;\">couvrir nos <\/span><span style=\"color: #ff0000;\">Top 10 Activit\u00e9s!\u00a0\u00a0 \u00a0<\/span><\/strong><\/a><strong><span style=\"color: #0000ff;\">Et devenez<\/span> <span style=\"color: #ff0000;\"><a style=\"color: #ff0000;\" href=\"https:\/\/lacmcgregorlake.ca\/fr\/become-a-member\/\">membre<\/a>!<\/span><\/strong><\/p>\n<p><a href=\"https:\/\/lacmcgregorlake.ca\/wp-content\/uploads\/2023\/06\/20230615_Top-10-lacMcGregor-FR_8-5x11-v3.pdf\"><img loading=\"lazy\" class=\"\" src=\"https:\/\/lacmcgregorlake.ca\/wp-content\/uploads\/2023\/06\/image_6487327.jpg\" width=\"287\" height=\"340\" \/><\/a><\/p>\n<p><strong>L'Association du lac McGregor<\/strong> agit au nom des r\u00e9sidents du lac McGregor. Notre mandat est : \"<em>De promouvoir et encourager l'int\u00e9r\u00eat pour la protection du lac McGregor et son environnement, y compris le bassin versant concern\u00e9, pour le b\u00e9n\u00e9fice continu des membres et de leurs propri\u00e9t\u00e9s, de collaborer avec les organisations et les autorit\u00e9s gouvernementales et les organismes qui partagent un objectif similaire \u00e0 l'am\u00e9lioration de ladite zone; promouvoir de meilleures relations et la compr\u00e9hension entre les r\u00e9sidents et les propri\u00e9taires de ladite zone et g\u00e9n\u00e9ralement de promouvoir les int\u00e9r\u00eats communs de ses membres<\/em>.&#8221;<\/p>\n<p>Nous sommes actifs sur des enjeux tels que :<\/p>\n<p>- Pr\u00e9occupations environnementales<br \/>\n- Qualit\u00e9 de l'eau<br \/>\n- Algues bleu-vert<br \/>\n- R\u00e8glements portant sur les fosses septiques<br \/>\n- R\u00e9duire ou \u00e9liminer les dommages caus\u00e9s au littoral<br \/>\n- Construction et d\u00e9veloppement au lac<br \/>\n- Promouvoir les bonnes pratiques nautiques<br \/>\n- Phosphates dans l'eau<\/p>\n<p>Nous faisons du lobbying en votre nom :<\/p>\n<p>\u2013 rencontre avec le maire de VDM pour identifier vos pr\u00e9occupations li\u00e9es au lac<br \/>\n- nous sommes membre du conseil d'administration de la F\u00e9d\u00e9ration des lacs de VDM pour promouvoir nos enjeux aupr\u00e8s de la municipalit\u00e9<br \/>\n- nous apportons un soutien au syst\u00e8me de tarifs et de surveillance de la rampe de mise \u00e0 l'eau \u00e0 la plage Pelissier<\/p>\n<p>Nous organisons des \u00e9v\u00e9nements tels que :<\/p>\n<p>&#8211; <span style=\"color: #3f92dd;\"><strong><a style=\"color: #3f92dd;\" href=\"https:\/\/lacmcgregorlake.ca\/fr\/association\/annual-general-meetings-agm\/\">Notre Assembl\u00e9e g\u00e9n\u00e9rale annuelle (AGA)<\/a><\/strong><\/span><br \/>\n- Surveillance des huards<br \/>\n- Jeux annuels et pique-nique<br \/>\n- Analyses de la qualit\u00e9 de l'eau p\u00e9riodiques<br \/>\n- Placement de quelques marqueurs de zones de hauts-fonds sur le lac<\/p>\n<p>Nous fournissons des renseignements sur des enjeux d'int\u00e9r\u00eat \u00e0 nos membres, tels que :<\/p>\n<p>- R\u00e8glement sur la navigation de plaisance<br \/>\n- Nouvelles de la municipalit\u00e9 d'int\u00e9r\u00eat aux r\u00e9sidents du lac McGregor<br \/>\n- R\u00e8glements septiques et astuces<\/p>\n<p>Pour la <strong>liste actuelle des membres du conseil d'administration<\/strong> de l'Association du lac McGregor, cliquez <a href=\"https:\/\/lacmcgregorlake.ca\/fr\/board-members\/\"><span style=\"color: #ff0000;\"><strong><span style=\"color: #008000;\">ici<\/span><\/strong><\/span><\/a>.<\/p>\n<p>Les documents pour les <strong data-start=\"22\" data-end=\"56\">Assembl\u00e9es g\u00e9n\u00e9rales annuelles (AGA)<\/strong> se trouvent <span style=\"color: #008000;\"><strong><a style=\"color: #008000;\" href=\"https:\/\/lacmcgregorlake.ca\/fr\/association\/annual-general-meetings-agm\/\">ici<\/a><\/strong><\/span>.<\/p>\n<p>Vous pouvez cliquer sur ces liens pour lire le r\u00e8glement r\u00e9gissant l\u2019Association <a href=\"https:\/\/lacmcgregorlake.ca\/wp-content\/uploads\/2024\/08\/2024-Bylaws-French.pdf\"><span style=\"color: #008000;\"><strong>R\u00e8glements de l'association 2024<\/strong><\/span><\/a> et les <a href=\"http:\/\/lacmcgregorlake.ca\/wp-content\/uploads\/2018\/11\/Articles-of-Continuance-001.jpg.pdf\"><strong><span style=\"color: #008000;\">Statuts de prorogation (disponible en anglais seulement)<\/span><\/strong><\/a>.<\/p>\n<p><em>Pour les autres documents relatifs \u00e0 l'Association, veuillez consulter le menu principal ci-dessous.<\/em><\/p>\n<\/div>","protected":false},"excerpt":{"rendered":"<p>Find out more on our Top 10 Actions!\u00a0\u00a0 \u00a0And become a Member! The McGregor Lake Association acts on behalf of the residents of McGregor Lake. Our mandate is: &#8220;To promote and encourage interest in the protection of McGregor Lake and its surrounding environment, including the relevant watershed, for the continued benefit of the members and [&hellip;]<\/p>","protected":false},"author":2,"featured_media":1169,"parent":0,"menu_order":0,"comment_status":"closed","ping_status":"closed","template":"","meta":[],"_links":{"self":[{"href":"https:\/\/lacmcgregorlake.ca\/fr\/wp-json\/wp\/v2\/pages\/187"}],"collection":[{"href":"https:\/\/lacmcgregorlake.ca\/fr\/wp-json\/wp\/v2\/pages"}],"about":[{"href":"https:\/\/lacmcgregorlake.ca\/fr\/wp-json\/wp\/v2\/types\/page"}],"author":[{"embeddable":true,"href":"https:\/\/lacmcgregorlake.ca\/fr\/wp-json\/wp\/v2\/users\/2"}],"replies":[{"embeddable":true,"href":"https:\/\/lacmcgregorlake.ca\/fr\/wp-json\/wp\/v2\/comments?post=187"}],"version-history":[{"count":67,"href":"https:\/\/lacmcgregorlake.ca\/fr\/wp-json\/wp\/v2\/pages\/187\/revisions"}],"predecessor-version":[{"id":2915,"href":"https:\/\/lacmcgregorlake.ca\/fr\/wp-json\/wp\/v2\/pages\/187\/revisions\/2915"}],"wp:featuredmedia":[{"embeddable":true,"href":"https:\/\/lacmcgregorlake.ca\/fr\/wp-json\/wp\/v2\/media\/1169"}],"wp:attachment":[{"href":"https:\/\/lacmcgregorlake.ca\/fr\/wp-json\/wp\/v2\/media?parent=187"}],"curies":[{"name":"wp","href":"https:\/\/api.w.org\/{rel}","templated":true}]}}