{"id":205,"date":"2018-01-03T19:25:26","date_gmt":"2018-01-03T19:25:26","guid":{"rendered":"http:\/\/mcgregorlake.piceadesigns.com\/?page_id=205"},"modified":"2021-09-04T17:51:58","modified_gmt":"2021-09-04T17:51:58","slug":"our-lake-2","status":"publish","type":"page","link":"https:\/\/lacmcgregorlake.ca\/fr\/our-lake-2\/","title":{"rendered":"Notre lac"},"content":{"rendered":"<h2 style=\"text-align: center;\">~Lac McGregor~<\/h2>\n<h3>Premiers colons<\/h3>\n<p>Il semblerait que le premier r\u00e9sident \u00e0 s'\u00e9tablir, en 1825, sur la rive nord du lac McGregor, \u00e9tait M. Michel Jolicoeur, un anc\u00eatre de Marion Crouch et de Debbie Milling qui r\u00e9side toujours au lac.<\/p>\n<p>Comme il n'y avait pas de routes pour se rendre au lac \u00e0 ce moment-l\u00e0, Michel Jolicoeur est venu par l'eau, via la rivi\u00e8re Blanche. Au cours des ann\u00e9es suivantes, d'autres familles se sont \u00e9tablies autour du lac McGregor et du village de Perkins (alors appel\u00e9 la colonie de Blanche).<\/p>\n<p>La fille de Michel Jolicoeur et de Josephte Sabourin, Eliza Jolicoeur (1839-1923), \u00e9pousa L\u00e9opold Marcelais (1843-1926) qui devint le premier maire de la municipalit\u00e9 de Perkins en 1909. Leur fille, Donalda, \u00e9tait un membre actif de l'Association du lac McGregor pendant de nombreuses ann\u00e9es.<\/p>\n<p>Parmi les autres premiers colons qui ont achet\u00e9 des parcelles de terre autour du lac McGregor dans les ann\u00e9es 1840-1870, il y avait Edward Barnes (1847), Jean-Baptiste Courville (1852), J.A. Perkins (1853), John Pearson (1861), Alexandre Chambers (1865), Fran\u00e7ois Labrecque (1869), Jean Martin (1872), Isaac Lamoureux (1873) et John Miller (1879).<\/p>\n<p>En d\u00e9cembre 1877, la section \u00abQu\u00e9bec, Montr\u00e9al, Ottawa chemin de fer occidental\u00bb entre Hull et Montr\u00e9al fut mise en service. La gare situ\u00e9e pr\u00e8s de \u00abEast Templeton\u00bb a attir\u00e9 de nombreux entrepreneurs, notamment dans le domaine minier, ainsi que des p\u00eacheurs amateurs du Canada et des \u00c9tats-Unis, dont certains ont d\u00e9cid\u00e9 de devenir r\u00e9sidents permanents du lac McGregor.<\/p>\n<p>Cette information historique sur le lac McGregor provient de la brochure \u00abLe lac McGregor - Quelques commencements\u00bb r\u00e9dig\u00e9e par L.P. Pigeon OMI, en juillet 1999. Une version PDF du livret est disponible <strong><span style=\"color: #008000;\"><a style=\"color: #008000;\" href=\"http:\/\/lacmcgregorlake.ca\/wp-content\/uploads\/2018\/05\/histoiredulac2.pdf\">ici<\/a><\/span><\/strong> et comprend plusieurs cartes, avec les noms des r\u00e9sidents, remontant aux premiers colons.<\/p>\n<p>Cette merveilleuse trouvaille, une photo de l'h\u00f4tel Grande Vue \u00e0 Perkins dat\u00e9e de 1932, a \u00e9t\u00e9 aimablement fournie par Terry McManus. Si vous avez d'autres photos des d\u00e9buts de Perkins &amp; du lac McGregor, veuillez les envoyer \u00e0 l'adresse suivante <strong><a href=\"mailto:lacmcgregorlake@gmail.com\"><span style=\"color: #008000;\">lacmcgregorlake@gmail.com<\/span><\/a><\/strong> afin que nous puissions les ajouter au site web pour que tous puissent en profiter !<\/p>\n<p><a href=\"https:\/\/lacmcgregorlake.ca\/wp-content\/uploads\/2021\/09\/Hotel-Perkins-1932-Terry-McManus-e1630777469218.jpeg\"><img loading=\"lazy\" class=\"size-full wp-image-1490 aligncenter\" src=\"https:\/\/lacmcgregorlake.ca\/wp-content\/uploads\/2021\/09\/Hotel-Perkins-1932-Terry-McManus-e1630777469218.jpeg\" alt=\"\" width=\"609\" height=\"387\" srcset=\"https:\/\/lacmcgregorlake.ca\/wp-content\/uploads\/2021\/09\/Hotel-Perkins-1932-Terry-McManus-e1630777469218.jpeg 609w, https:\/\/lacmcgregorlake.ca\/wp-content\/uploads\/2021\/09\/Hotel-Perkins-1932-Terry-McManus-e1630777469218-300x191.jpeg 300w, https:\/\/lacmcgregorlake.ca\/wp-content\/uploads\/2021\/09\/Hotel-Perkins-1932-Terry-McManus-e1630777469218-16x10.jpeg 16w\" sizes=\"(max-width: 609px) 100vw, 609px\" \/><\/a><\/p>\n<h3>Quelques faits sur le lac McGregor<\/h3>\n<p>Superficie : 1,345 Acres \/ 544,3 Hectares<br \/>\nAltitude : 465 pieds \/ 141,7 m\u00e8tres<br \/>\nProfondeur maximale : 137 pieds \/ 41.75 m\u00e8tres<br \/>\nLongueur maximale : 8,2 miles \/ 8,37 kilom\u00e8tres<br \/>\nLargeur maximale : 1,4 milles \/ 2,25 kilom\u00e8tres<\/p>\n<p>Cliquez <strong><span style=\"color: #008000;\"><a style=\"color: #008000;\" href=\"https:\/\/lacmcgregorlake.ca\/fr\/water-quality\/\">ici<\/a><\/span><\/strong> pour les derniers r\u00e9sultats des analyses de la qualit\u00e9 de l'eau et <strong><span style=\"color: #008000;\"><a style=\"color: #008000;\" href=\"https:\/\/lacmcgregorlake.ca\/fr\/useful-information\/\">ici<\/a><\/span><\/strong> pour de bonnes pratiques pour la s\u00e9curit\u00e9 nautique sur le lac McGregor, ainsi que des informations sur les heures d'ouverture de la rampe publique de mise \u00e0 l'eau des embarcations au parc \u00e9cologique P\u00e9lissier.<\/p>\n<p>Distance d'Ottawa-Gatineau (Pont McDonald-Cartier) (Autoroute 50E et QC-266 O) : 33,2 km<\/p>\n<h3>Carte du lac McGregor<\/h3>\n<figure id=\"attachment_1133\" aria-describedby=\"caption-attachment-1133\" style=\"width: 743px\" class=\"wp-caption aligncenter\"><a href=\"http:\/\/lacmcgregorlake.ca\/wp-content\/uploads\/2019\/06\/Lac-McGregor-Lake.png\"><img loading=\"lazy\" class=\"wp-image-1133 size-full\" src=\"http:\/\/lacmcgregorlake.ca\/wp-content\/uploads\/2019\/06\/Lac-McGregor-Lake.png\" alt=\"\" width=\"743\" height=\"507\" srcset=\"https:\/\/lacmcgregorlake.ca\/wp-content\/uploads\/2019\/06\/Lac-McGregor-Lake.png 743w, https:\/\/lacmcgregorlake.ca\/wp-content\/uploads\/2019\/06\/Lac-McGregor-Lake-300x205.png 300w\" sizes=\"(max-width: 743px) 100vw, 743px\" \/><\/a><figcaption id=\"caption-attachment-1133\" class=\"wp-caption-text\">Source : http:\/\/atlas.gc.ca\/toporama\/en\/index.html<\/figcaption><\/figure>\n<p>Cliquez <a href=\"https:\/\/www.google.ca\/maps\/place\/Lac+McGregor\/@45.5408967,-75.8257786,11z\/data=!4m22!1m16!4m15!1m6!1m2!1s0x4cce04ef378d5b75:0x65413ee880a6912f!2sMacdonald-Cartier+Bridge,+Gatineau,+QC+J8X!2m2!1d-75.7061301!2d45.4378967!1m6!1m2!1s0x4cce22275b72fa2d:0x2d403cb3e210bd6d!2sLac+McGregor,+Val-des-Monts,+QC!2m2!1d-75.6519726!2d45.6440688!3e0!3m4!1s0x4cce22275b72fa2d:0x2d403cb3e210bd6d!8m2!3d45.6440688!4d-75.6519726\"><strong><span style=\"color: #008000;\">ici<\/span><\/strong><\/a> pour obtenir l'itin\u00e9raire vers le lac McGregor <div id=\"wpgmza_map\" class=\"wpgmza_map\" data-settings='{\"id\":\"1\",\"map_title\":\"My first map\",\"map_width\":\"100\",\"map_height\":\"400\",\"map_start_lat\":\"45.544892\",\"map_start_lng\":\"-75.625892\",\"map_start_location\":\"45.54489160399776,-75.62589167500846\",\"map_start_zoom\":\"10\",\"default_marker\":\"0\",\"type\":\"1\",\"alignment\":\"1\",\"directions_enabled\":\"1\",\"styling_enabled\":\"0\",\"styling_json\":\"\",\"active\":\"0\",\"kml\":\"\",\"bicycle\":\"0\",\"traffic\":\"0\",\"dbox\":\"1\",\"dbox_width\":\"100\",\"listmarkers\":\"0\",\"listmarkers_advanced\":\"0\",\"filterbycat\":\"0\",\"ugm_enabled\":\"0\",\"ugm_category_enabled\":\"0\",\"fusion\":\"\",\"map_width_type\":\"\\\\%\",\"map_height_type\":\"px\",\"mass_marker_support\":\"1\",\"ugm_access\":\"0\",\"order_markers_by\":\"1\",\"order_markers_choice\":\"2\",\"show_user_location\":\"0\",\"default_to\":\"\",\"other_settings\":{\"store_locator_enabled\":2,\"store_locator_distance\":2,\"store_locator_default_radius\":\"10\",\"store_locator_not_found_message\":\"No results found in this location. Please try again.\",\"store_locator_bounce\":1,\"store_locator_query_string\":\"ZIP \\\/ Address:\",\"store_locator_default_address\":\"\",\"wpgmza_store_locator_restrict\":\"\",\"map_max_zoom\":\"1\",\"transport_layer\":0,\"wpgmza_theme_data\":\"\",\"wpgmza_show_points_of_interest\":1}}' data-map-id='1' data-maps-engine='' data-shortcode-attributes='{\"id\":\"1\"}' style=\"display:block; overflow:auto; width:100%; height:400px; float:left;\"><\/div><\/p>","protected":false},"excerpt":{"rendered":"<p>~McGregor Lake~ First Settlers It appears that the first resident to settle, in 1825, on the northern shores of McGregor Lake was Mr. Michel Jolicoeur, an ancestor of Marion Crouch and Debbie Milling who is still a resident on the Lake. As there were no roads to the Lake at that time, Michel Jolicoeur came [&hellip;]<\/p>","protected":false},"author":2,"featured_media":1143,"parent":0,"menu_order":0,"comment_status":"closed","ping_status":"closed","template":"","meta":[],"_links":{"self":[{"href":"https:\/\/lacmcgregorlake.ca\/fr\/wp-json\/wp\/v2\/pages\/205"}],"collection":[{"href":"https:\/\/lacmcgregorlake.ca\/fr\/wp-json\/wp\/v2\/pages"}],"about":[{"href":"https:\/\/lacmcgregorlake.ca\/fr\/wp-json\/wp\/v2\/types\/page"}],"author":[{"embeddable":true,"href":"https:\/\/lacmcgregorlake.ca\/fr\/wp-json\/wp\/v2\/users\/2"}],"replies":[{"embeddable":true,"href":"https:\/\/lacmcgregorlake.ca\/fr\/wp-json\/wp\/v2\/comments?post=205"}],"version-history":[{"count":22,"href":"https:\/\/lacmcgregorlake.ca\/fr\/wp-json\/wp\/v2\/pages\/205\/revisions"}],"predecessor-version":[{"id":1495,"href":"https:\/\/lacmcgregorlake.ca\/fr\/wp-json\/wp\/v2\/pages\/205\/revisions\/1495"}],"wp:featuredmedia":[{"embeddable":true,"href":"https:\/\/lacmcgregorlake.ca\/fr\/wp-json\/wp\/v2\/media\/1143"}],"wp:attachment":[{"href":"https:\/\/lacmcgregorlake.ca\/fr\/wp-json\/wp\/v2\/media?parent=205"}],"curies":[{"name":"wp","href":"https:\/\/api.w.org\/{rel}","templated":true}]}}