{"id":222,"date":"2018-01-03T20:15:24","date_gmt":"2018-01-03T20:15:24","guid":{"rendered":"http:\/\/mcgregorlake.piceadesigns.com\/?page_id=222"},"modified":"2024-08-13T12:45:11","modified_gmt":"2024-08-13T12:45:11","slug":"222-2","status":"publish","type":"page","link":"https:\/\/lacmcgregorlake.ca\/fr\/222-2\/","title":{"rendered":"Textes l\u00e9gislatifs applicables"},"content":{"rendered":"<h2 style=\"text-align: center;\"><span style=\"color: #00b3ff;\">Association du lac McGregor<\/span><\/h2>\n<h3 style=\"text-align: center;\">Textes l\u00e9gislatifs applicables<\/h3>\n<hr \/>\n<p>Les <em>Loi canadienne sur les organisations \u00e0 but non lucratif<\/em> est entr\u00e9e en vigueur le 17 Octobre 2011 et remplace la loi r\u00e9gissant pr\u00e9c\u00e9demment la Soci\u00e9t\u00e9 (Association du lac McGregor), soit la <em>Loi sur les corporations canadiennes<\/em>. En vertu de cette loi, la soci\u00e9t\u00e9 est appel\u00e9e Association du lac McGregor Lake Association. Il y a un minimum de 12 et un maximum de 18 administrateurs. La d\u00e9claration d'intention de la Soci\u00e9t\u00e9 est :<\/p>\n<blockquote>\n<p style=\"padding-left: 60px;\"><span style=\"color: #00b3ff;\">De promouvoir et encourager l'int\u00e9r\u00eat pour la protection du lac McGregor et son environnement, y compris le bassin versant concern\u00e9, pour le b\u00e9n\u00e9fice continue des membres et de leurs propri\u00e9t\u00e9s, de collaborer avec les organisations et les autorit\u00e9s gouvernementales et les organismes qui partagent un objectif similaire \u00e0 l'am\u00e9lioration de ladite zone; promouvoir de meilleures relations et la compr\u00e9hension entre les r\u00e9sidents et les propri\u00e9taires de ladite zone et g\u00e9n\u00e9ralement de promouvoir les int\u00e9r\u00eats communs de ses membres.<\/span><\/p>\n<\/blockquote>\n<p>Voici les <a href=\"https:\/\/lacmcgregorlake.ca\/wp-content\/uploads\/2024\/08\/2024-Bylaws-French.pdf\"><strong><span style=\"color: #008000;\">R\u00e8glements de 2024<\/span><\/strong><\/a>, ainsi que les proc\u00e8s-verbaux de l'\u00a0<a href=\"http:\/\/lacmcgregorlake.ca\/wp-content\/uploads\/2018\/05\/Articles-of-Continuance-001.jpg.pdf\"><span style=\"color: #008000;\"><strong>statuts de prorogation<\/strong><\/span><\/a> (disponibles qu'en anglais) de l'Association du lac McGregor.<\/p>","protected":false},"excerpt":{"rendered":"<p>McGregor Lake Association Governing Legislation The Canada Not-for-profit Corporations Act came into force on October 17, 2011 and replaces the legislation, entitled the Canada Corporations Act, previously governing the Corporation (McGregor Lake Association).\u00a0 Under this Act, the Corporation is known as the Association du lac McGregor Lake Association. There are a minimum of 12 and [&hellip;]<\/p>","protected":false},"author":2,"featured_media":651,"parent":0,"menu_order":0,"comment_status":"closed","ping_status":"closed","template":"","meta":[],"_links":{"self":[{"href":"https:\/\/lacmcgregorlake.ca\/fr\/wp-json\/wp\/v2\/pages\/222"}],"collection":[{"href":"https:\/\/lacmcgregorlake.ca\/fr\/wp-json\/wp\/v2\/pages"}],"about":[{"href":"https:\/\/lacmcgregorlake.ca\/fr\/wp-json\/wp\/v2\/types\/page"}],"author":[{"embeddable":true,"href":"https:\/\/lacmcgregorlake.ca\/fr\/wp-json\/wp\/v2\/users\/2"}],"replies":[{"embeddable":true,"href":"https:\/\/lacmcgregorlake.ca\/fr\/wp-json\/wp\/v2\/comments?post=222"}],"version-history":[{"count":9,"href":"https:\/\/lacmcgregorlake.ca\/fr\/wp-json\/wp\/v2\/pages\/222\/revisions"}],"predecessor-version":[{"id":2645,"href":"https:\/\/lacmcgregorlake.ca\/fr\/wp-json\/wp\/v2\/pages\/222\/revisions\/2645"}],"wp:featuredmedia":[{"embeddable":true,"href":"https:\/\/lacmcgregorlake.ca\/fr\/wp-json\/wp\/v2\/media\/651"}],"wp:attachment":[{"href":"https:\/\/lacmcgregorlake.ca\/fr\/wp-json\/wp\/v2\/media?parent=222"}],"curies":[{"name":"wp","href":"https:\/\/api.w.org\/{rel}","templated":true}]}}