{"id":2222,"date":"2023-05-25T13:39:52","date_gmt":"2023-05-25T13:39:52","guid":{"rendered":"https:\/\/lacmcgregorlake.ca\/?page_id=2222"},"modified":"2024-05-15T18:56:09","modified_gmt":"2024-05-15T18:56:09","slug":"2023-aga-agm-documents","status":"publish","type":"page","link":"https:\/\/lacmcgregorlake.ca\/fr\/association\/annual-general-meetings-agm\/2023-aga-agm-documents\/","title":{"rendered":"Documents 2023 AGM"},"content":{"rendered":"<p><strong><span class=\"has-inline-color has-vivid-red-color\"><\/span><\/strong><span class=\"has-inline-color has-vivid-cyan-blue-color\"><\/span><\/p>\n\n\n\n<p><strong>L'Assembl\u00e9e annuelle g\u00e9n\u00e9rale aura lieu le samedi 10 juin 2023 de 10 h \u00e0 midi \u00e0 la salle JA Perkins, 17 chemin du Manoir dans la salle sup\u00e9rieure.<\/strong> <\/p>\n\n\n\n<p><\/p>\n\n\n\n<p>Les membres sont encourag\u00e9s \u00e0 imprimer ou \u00e0 utiliser des versions \u00e9lectroniques de ces documents suivants, car un nombre limit\u00e9 d'exemplaires seront disponibles sur place.<\/p>\n\n\n\n<ul><li><a href=\"https:\/\/lacmcgregorlake.ca\/wp-content\/uploads\/2023\/05\/Agenda-AGM-AGA-2023.pdf\"><span class=\"has-inline-color has-vivid-cyan-blue-color\"><strong>Order du jour &#8211; Agenda 2023<\/strong><\/span><\/a><\/li><li><strong><a rel=\"noreferrer noopener\" href=\"https:\/\/lacmcgregorlake.ca\/wp-content\/uploads\/2022\/09\/Proce\u0300s-verbal-de-lAGA-FR-16-juillet-2022.pdf\" data-type=\"URL\" data-id=\"https:\/\/lacmcgregorlake.ca\/wp-content\/uploads\/2022\/09\/Proce\u0300s-verbal-de-lAGA-FR-16-juillet-2022.pdf\" target=\"_blank\"><span class=\"has-inline-color has-vivid-cyan-blue-color\">FR \u2013 Proc\u00e8s-verbal de l\u2019AGA 2022<\/span><\/a><\/strong><\/li><li><strong><a rel=\"noreferrer noopener\" href=\"https:\/\/lacmcgregorlake.ca\/wp-content\/uploads\/2022\/09\/MLA-AGM-Minutes-EN-July-16-2022.pdf\" data-type=\"URL\" data-id=\"https:\/\/lacmcgregorlake.ca\/wp-content\/uploads\/2022\/09\/MLA-AGM-Minutes-EN-July-16-2022.pdf\" target=\"_blank\"><span class=\"has-inline-color has-vivid-cyan-blue-color\">EN \u2013 2022 AGM Minutes<\/span><\/a><\/strong><\/li><li><strong><a href=\"https:\/\/docs.google.com\/spreadsheets\/d\/1tE4mviqgvAq7W-wus2_zYUk7JV31DcYahrN1ZHD3dw0\/edit#gid=2085089612\"><span class=\"has-inline-color has-vivid-cyan-blue-color\">\u00c9tats financiers 2022 \/ Financial Statement 2022<\/span><\/a><\/strong><\/li><\/ul>\n\n\n\n<p>Nous aimerions profiter de cette occasion pour inviter toutes personnes int\u00e9ress\u00e9es \u00e0 devenir membre b\u00e9n\u00e9vole du Conseil \u00e0 contacter Bob Kerr \u00e0&nbsp;&nbsp;<a rel=\"noreferrer noopener\" href=\"mailto:lacmcgregorlake@gmail.com\" target=\"_blank\"><span class=\"has-inline-color has-vivid-cyan-blue-color\"><strong>lacmcgregorlake@gmail.com<\/strong><\/span><\/a>.<\/p>\n\n\n\n<p>Seuls les membres en r\u00e8gle peuvent voter \u00e0 l'AGA. Si vous n'avez pas encore pay\u00e9 votre cotisation pour 2022, veuillez le faire \u00e0 <a href=\"https:\/\/lacmcgregorlake.ca\/fr\/become-a-member\/\"><strong><span class=\"has-inline-color has-vivid-cyan-blue-color\">lien<\/span><\/strong><\/a>.  <\/p>\n\n\n\n<h2>Proc\u00e8s-verbal de l'AGA 2022<\/h2>\n\n\n\n<ul><li><strong><a rel=\"noreferrer noopener\" href=\"https:\/\/lacmcgregorlake.ca\/wp-content\/uploads\/2022\/09\/Proce\u0300s-verbal-de-lAGA-FR-16-juillet-2022.pdf\" data-type=\"URL\" data-id=\"https:\/\/lacmcgregorlake.ca\/wp-content\/uploads\/2022\/09\/Proce\u0300s-verbal-de-lAGA-FR-16-juillet-2022.pdf\" target=\"_blank\"><span class=\"has-inline-color has-vivid-cyan-blue-color\">FR \u2013 Proc\u00e8s-verbal de l\u2019AGA 2022<\/span><\/a><\/strong><\/li><li><strong><a rel=\"noreferrer noopener\" href=\"https:\/\/lacmcgregorlake.ca\/wp-content\/uploads\/2022\/09\/MLA-AGM-Minutes-EN-July-16-2022.pdf\" data-type=\"URL\" data-id=\"https:\/\/lacmcgregorlake.ca\/wp-content\/uploads\/2022\/09\/MLA-AGM-Minutes-EN-July-16-2022.pdf\" target=\"_blank\"><span class=\"has-inline-color has-vivid-cyan-blue-color\">EN \u2013 2022 AGM Minutes<\/span><\/a><\/strong><\/li><li><strong><a href=\"https:\/\/lacmcgregorlake.ca\/wp-content\/uploads\/2023\/01\/ALM_Merci-Hydro-QC-140622F-1.pdf\"><span style=\"color:#0698e5\" class=\"has-inline-color\">Lettre du 14 juin 2022 de l'ALM \u00e0 Hydro Qu\u00e9bec<\/span><\/a><\/strong><\/li><li><strong><a href=\"https:\/\/lacmcgregorlake.ca\/wp-content\/uploads\/2023\/01\/MLA_Hydro-QC_110822F.pdf\"><span class=\"has-inline-color has-vivid-cyan-blue-color\">Lettre du 11 ao\u00fbt 2022 de l'ALM \u00e0 Hydro Qu\u00e9bec<\/span><\/a><\/strong><\/li><li><strong><a href=\"https:\/\/lacmcgregorlake.ca\/wp-content\/uploads\/2023\/01\/HydroQC-Lettre-260822F.pdf\"><span class=\"has-inline-color has-vivid-cyan-blue-color\">R\u00e9ponse de Hydro Qu\u00e9bec du 26 ao\u00fbt 2022<\/span><\/a><\/strong><\/li><\/ul>\n\n\n\n<p><\/p>","protected":false},"excerpt":{"rendered":"<p>The 2023 AGM of the McGregor Lake Association will be held on Saturday, June 10, 2023 from 10 am to noon in the Upper Level JA Perkins Hall, at 17 Chemin du Manoir. Members are encouraged to print or use electronic versions of the following documents as only a limited number of copies will be [&hellip;]<\/p>","protected":false},"author":4,"featured_media":0,"parent":1737,"menu_order":2,"comment_status":"closed","ping_status":"closed","template":"","meta":[],"_links":{"self":[{"href":"https:\/\/lacmcgregorlake.ca\/fr\/wp-json\/wp\/v2\/pages\/2222"}],"collection":[{"href":"https:\/\/lacmcgregorlake.ca\/fr\/wp-json\/wp\/v2\/pages"}],"about":[{"href":"https:\/\/lacmcgregorlake.ca\/fr\/wp-json\/wp\/v2\/types\/page"}],"author":[{"embeddable":true,"href":"https:\/\/lacmcgregorlake.ca\/fr\/wp-json\/wp\/v2\/users\/4"}],"replies":[{"embeddable":true,"href":"https:\/\/lacmcgregorlake.ca\/fr\/wp-json\/wp\/v2\/comments?post=2222"}],"version-history":[{"count":32,"href":"https:\/\/lacmcgregorlake.ca\/fr\/wp-json\/wp\/v2\/pages\/2222\/revisions"}],"predecessor-version":[{"id":2584,"href":"https:\/\/lacmcgregorlake.ca\/fr\/wp-json\/wp\/v2\/pages\/2222\/revisions\/2584"}],"up":[{"embeddable":true,"href":"https:\/\/lacmcgregorlake.ca\/fr\/wp-json\/wp\/v2\/pages\/1737"}],"wp:attachment":[{"href":"https:\/\/lacmcgregorlake.ca\/fr\/wp-json\/wp\/v2\/media?parent=2222"}],"curies":[{"name":"wp","href":"https:\/\/api.w.org\/{rel}","templated":true}]}}