{"id":2575,"date":"2024-05-15T18:46:01","date_gmt":"2024-05-15T18:46:01","guid":{"rendered":"https:\/\/lacmcgregorlake.ca\/?page_id=2575"},"modified":"2024-05-18T22:19:11","modified_gmt":"2024-05-18T22:19:11","slug":"2024-aga-agm-documents","status":"publish","type":"page","link":"https:\/\/lacmcgregorlake.ca\/fr\/association\/annual-general-meetings-agm\/2024-aga-agm-documents\/","title":{"rendered":"Documents AGA 2024"},"content":{"rendered":"<p><strong><span class=\"has-inline-color has-vivid-cyan-blue-color\">L'AGA 2024<\/span> aura lieu le samedi 8 juin 2024 de 10 h \u00e0 midi \u00e0 la salle JA Perkins, 17 chemin du Manoir dans la salle sup\u00e9rieure.<\/strong><\/p>\n\n\n\n<p>Les membres sont encourag\u00e9s \u00e0 imprimer ou \u00e0 utiliser des versions \u00e9lectroniques de ces documents suivants, car un nombre limit\u00e9 d'exemplaires seront disponibles sur place.<\/p>\n\n\n\n<p><strong><a href=\"https:\/\/lacmcgregorlake.ca\/wp-content\/uploads\/2024\/05\/2024-AGA-Ordre-du-jour_-MLA_AGM-Agenda-1.pdf\"><span class=\"has-inline-color has-vivid-red-color\">Ordre du jour \u2013 Agenda 2024 <\/span><\/a><\/strong><\/p>\n\n\n\n<p><a href=\"https:\/\/lacmcgregorlake.ca\/wp-content\/uploads\/2024\/05\/Draft-French-minutes-AGM-2023.pdf\"><strong><span class=\"has-inline-color has-vivid-red-color\">FR- Proc\u00e8s-verbal de l\u2019AGA 2023<\/span><\/strong><\/a><\/p>\n\n\n\n<p><strong><a href=\"https:\/\/lacmcgregorlake.ca\/wp-content\/uploads\/2024\/05\/Draft-English-minutes-AGM-2023-2.pdf\"><span class=\"has-inline-color has-vivid-red-color\">EN \u2013 2023 AGM Minutes<\/span><\/a><\/strong><\/p>\n\n\n\n<ul class=\"has-vivid-red-color has-text-color\"><li><strong><a href=\"https:\/\/lacmcgregorlake.ca\/wp-content\/uploads\/2024\/05\/2024-Ordinary-Resolution-English-Final-4.pdf\"><span class=\"has-inline-color has-vivid-red-color\">Ordinary Resolution<\/span><\/a><\/strong><span class=\"has-inline-color has-vivid-red-color\"> \/ <\/span><strong><a href=\"https:\/\/lacmcgregorlake.ca\/wp-content\/uploads\/2024\/05\/2024-Resolution-ordinaire.pdf\"><span class=\"has-inline-color has-vivid-red-color\">R\u00e9solution ordinaire<\/span><\/a><\/strong><\/li><\/ul>\n\n\n\n<ul><li><strong><a href=\"https:\/\/lacmcgregorlake.ca\/wp-content\/uploads\/2024\/05\/2024-Special-Resolution-English-Final.pdf\"><span class=\"has-inline-color has-vivid-red-color\">Special Resolution<\/span><\/a><span class=\"has-inline-color has-vivid-red-color\"> \/ <\/span><a href=\"https:\/\/lacmcgregorlake.ca\/wp-content\/uploads\/2024\/05\/2024-Resolution-extraordinaire.pdf\"><span class=\"has-inline-color has-vivid-red-color\">R\u00e9solution extraordinaire<\/span><\/a><\/strong><\/li><\/ul>\n\n\n\n<p><\/p>","protected":false},"excerpt":{"rendered":"<p>The 2024 AGM of the McGregor Lake Association will be held on Saturday, June 8, 2024 from 10 am to noon in the Upper Level JA Perkins Hall, at 17 Chemin du Manoir. Members are encouraged to print or use electronic versions of the following documents as only a limited number of copies will be [&hellip;]<\/p>","protected":false},"author":2,"featured_media":0,"parent":1737,"menu_order":1,"comment_status":"closed","ping_status":"closed","template":"","meta":[],"_links":{"self":[{"href":"https:\/\/lacmcgregorlake.ca\/fr\/wp-json\/wp\/v2\/pages\/2575"}],"collection":[{"href":"https:\/\/lacmcgregorlake.ca\/fr\/wp-json\/wp\/v2\/pages"}],"about":[{"href":"https:\/\/lacmcgregorlake.ca\/fr\/wp-json\/wp\/v2\/types\/page"}],"author":[{"embeddable":true,"href":"https:\/\/lacmcgregorlake.ca\/fr\/wp-json\/wp\/v2\/users\/2"}],"replies":[{"embeddable":true,"href":"https:\/\/lacmcgregorlake.ca\/fr\/wp-json\/wp\/v2\/comments?post=2575"}],"version-history":[{"count":10,"href":"https:\/\/lacmcgregorlake.ca\/fr\/wp-json\/wp\/v2\/pages\/2575\/revisions"}],"predecessor-version":[{"id":2605,"href":"https:\/\/lacmcgregorlake.ca\/fr\/wp-json\/wp\/v2\/pages\/2575\/revisions\/2605"}],"up":[{"embeddable":true,"href":"https:\/\/lacmcgregorlake.ca\/fr\/wp-json\/wp\/v2\/pages\/1737"}],"wp:attachment":[{"href":"https:\/\/lacmcgregorlake.ca\/fr\/wp-json\/wp\/v2\/media?parent=2575"}],"curies":[{"name":"wp","href":"https:\/\/api.w.org\/{rel}","templated":true}]}}