{"id":373,"date":"2018-02-11T22:54:14","date_gmt":"2018-02-11T22:54:14","guid":{"rendered":"http:\/\/mcgregorlake.piceadesigns.com\/?page_id=373"},"modified":"2018-11-07T21:47:51","modified_gmt":"2018-11-07T21:47:51","slug":"2017-agm-minutes","status":"publish","type":"page","link":"https:\/\/lacmcgregorlake.ca\/fr\/association\/2017-agm-minutes\/","title":{"rendered":"Proc\u00e8s-verbal de l\u2019AGA ~ 2017 ~ AGM Minutes"},"content":{"rendered":"<h2 style=\"text-align: center;\">Proc\u00e8s-verbal de l&#8217;Assembl\u00e9e g\u00e9n\u00e9rale annuelle (AGA) de l\u2019Association du Lac McGregor<\/h2>\n<h3 style=\"text-align: center;\">Le samedi 10 juin 2017<\/h3>\n<p><em>(English follows)<\/em><\/p>\n<p><strong>Pr\u00e9sents :<\/strong><br \/>\nPeter Barton, Mary Carman, Bob Kerr, William Metz, Debbie Milling, J. P. Sarault, Deena Ryan, Paul White, John Fripp (Honorary), Robert Lafleur, Elizabeth Logue, H\u00e9l\u00e8ne Valin.<\/p>\n<p><strong>Absents :<\/strong><br \/>\nGary Anka, Jennifer Garland, Karen George.<\/p>\n<p><strong>Invit\u00e9s :<\/strong> M. le Maire Jacques Laurin; Conseill\u00e8re, District 5 : Mireille Brazeau; Conseiller, District 3 : Claude Bergeron; et Ren\u00e9 Parent, Pr\u00e9sident, F\u00e9d\u00e9ration des lacs<br \/>\n_____________________________________________________<br \/>\n<em>L\u2019assembl\u00e9e ouvre \u00e0 10h10<\/em><br \/>\nPeter Barton ouvre la s\u00e9ance. Mary Carman mentionne qu\u2019il y a quorum avec une participation de plus de 10% des membres.<\/p>\n<p><strong>1. Approbation de l\u2019ordre du jour<\/strong><br \/>\nPropos\u00e9 par Robert Lafleur, second\u00e9 par Paul White. <em><strong>Approuv\u00e9<\/strong><\/em><\/p>\n<p><strong>2. Bienvenue et introduction<\/strong><br \/>\nPeter Barton d\u00e9bute l&#8217;Assembl\u00e9e en souhaitant la bienvenue au Maire Jacques Laurin, aux conseillers Mireille Brazeau et Claude Bergeron, et au Pr\u00e9sident de la F\u00e9d\u00e9ration des lacs Ren\u00e9 Parent.<\/p>\n<p><strong>3. Adoption du proc\u00e8s-verbal de 2016<\/strong><br \/>\nPropos\u00e9 par Deborah Wilson et second\u00e9 par Hania Grabowski. <em><strong>Approuv\u00e9<\/strong><\/em><\/p>\n<p><strong>4. Rapport du Pr\u00e9sident et questions d\u00e9coulant du proc\u00e8s-verbal de 2016<\/strong><br \/>\n&#8211; Peter Barton souligne que l\u2019Association a travaill\u00e9 aupr\u00e8s de la F\u00e9d\u00e9ration sur le Plan directeur de l\u2019eau et que Gary Anka s\u2019est impliqu\u00e9 dans les r\u00e9unions et les contrats \u00e0 la Municipalit\u00e9.<br \/>\n&#8211; Les d\u00e9veloppements autour du lac continuent d\u2019\u00eatre d\u2019int\u00e9r\u00eat particulier n\u00e9cessitant une attention continue.<br \/>\n&#8211; Des tests d\u2019\u00e9chantillonnage de l\u2019eau ont \u00e9t\u00e9 faits cet \u00e9t\u00e9 pour assurer un suivi quant \u00e0 la qualit\u00e9 de l\u2019eau.<\/p>\n<p><strong>5. R\u00e9sum\u00e9 de l\u2019\u00e9tude de la qualit\u00e9 de l\u2019eau du Lac McGregor<\/strong><br \/>\n&#8211; La F\u00e9d\u00e9ration a fait une \u00e9tude sur la qualit\u00e9 de l\u2019eau et un r\u00e9sum\u00e9 des r\u00e9sultats figurent sur le site Web de la F\u00e9d\u00e9ration. Il est essentiel que nous continuons de faire des v\u00e9rifications de l\u2019eau du lac en raison des impacts directs sur la v\u00e9g\u00e9tation et le bassin versant.<\/p>\n<p><strong>6. \u00c9tats financiers<\/strong><br \/>\n&#8211; Mary pr\u00e9sente le rapport financier (annex\u00e9 au proc\u00e8s-verbal). L\u2019Association est en meilleure position que l\u2019an dernier. Il y a pr\u00e9sentement 174 membres ce qui repr\u00e9sente une augmentation par rapport \u00e0 l\u2019an dernier gr\u00e2ce dans une large mesure \u00e0 la campagne cibl\u00e9e de recrutement de porte-\u00e0-porte fait par JP Sarault qui renfermait aussi une trousse d\u2019information et des formulaires d\u2019adh\u00e9sion. Mary fait remarquer une erreur dans le relev\u00e9 d\u00e9coulant en une diff\u00e9rence de 124,45$ qui est en plus dans la banque. Elle sollicite aussi l\u2019autorit\u00e9 de revoir les dossiers financiers ant\u00e9rieurs pour fins de valeur historique et que soient d\u00e9truits les autres de plus de 7 ans. Le Maire recommande que soit consult\u00e9e la compagnie d\u2019assurance de la Municipalit\u00e9 qui pourrait offrir des taux concurrentiels.<\/p>\n<p><em>Premi\u00e8re motion pour approuver le rapport financier avec une diff\u00e9rence de 124,45$.<\/em><br \/>\n&#8211; Propos\u00e9 par Robert Lafleur et second\u00e9 par Paul White que le rapport soit approuv\u00e9 tel que pr\u00e9sent\u00e9. Motion vot\u00e9e \u00e0 l\u2019unanimit\u00e9. <em><strong>Premi\u00e8re motion approuv\u00e9e.<\/strong><\/em><\/p>\n<p><em>Deuxi\u00e8me motion pour donner l\u2019autorit\u00e9 de revoir les rapports financiers pour leur valeur historique et de d\u00e9truire les rapports de plus de 7 ans.<\/em><br \/>\n&#8211; Propos\u00e9 par Elizabeth Logue and second\u00e9 par Roseanne Emard que la motion soit accept\u00e9e tel que pr\u00e9sent\u00e9e. Motion vot\u00e9e \u00e0 l\u2019unanimit\u00e9. <em><strong>Deuxi\u00e8me motion approuv\u00e9e.<\/strong><\/em><\/p>\n<p><strong>7. Rapport des comit\u00e9s.<\/strong><br \/>\n&#8211; <em>Site Web<\/em> : nous continuons de faire des r\u00e9visions, des ajouts et la traduction de documents sur le site qui fournit une bonne source de renseignements sur les activit\u00e9s courantes et les \u00e9v\u00e9nements ainsi que sur la qualit\u00e9 de l\u2019eau et les nouveaux r\u00e8glements, etc.<br \/>\n&#8211; <em>Facebook<\/em> : Mary Carman est la mod\u00e9ratrice. Les membres peuvent lui envoyer une demande et peuvent ensuite poster des items. Tous doivent respecter les r\u00e8gles et il est bon de se souvenir qu\u2019il ne s\u2019agit pas d\u2019un endroit pour vendre des articles.<br \/>\n&#8211; <em>Adh\u00e9sion<\/em> : l\u2019Association comptait 174 membres en 2016, ce qui repr\u00e9sente une augmentation de 30 membres par rapport \u00e0 l\u2019ann\u00e9e pr\u00e9c\u00e9dente.<br \/>\n&#8211; <em>R\u00e9gate\/pique-nique<\/em> : la date cette ann\u00e9e sera le 22 juillet (\u00e0 confirmer). Nous regardons l\u2019option de possiblement remettre en sous-traitance la vente des chiens chauds cette ann\u00e9e.<\/p>\n<p><strong>8. Mise en candidature et \u00e9lection des Administrateurs<\/strong><br \/>\n&#8211; Mary Carman voudrait demeurer sur le Comit\u00e9 ex\u00e9cutif mais voudrait quitter son poste de Tr\u00e9sori\u00e8re. Il n\u2019y a aucune nouvelle nomination au Comit\u00e9 de direction.<br \/>\n&#8211; La confirmation des membres actuels du Comit\u00e9 de direction est propos\u00e9e par Deborah Morrison et second\u00e9e par by David Younger. <em><strong>Nomination accept\u00e9e<\/strong><\/em><\/p>\n<p><strong>9. Nouveaux items<\/strong><br \/>\n&#8211; Deena Ryan mentionne que soit consid\u00e9r\u00e9e des petite rencontres sociaux de quartier comme moyen de rencontrer les voisins et discuter de questions touchant le lac, et faire valoir les avantages de devenir membres. Tous ceux et celles int\u00e9ress\u00e9s \u00e0 participer dans de telles rencontres pourraient la contacter.<br \/>\n&#8211; Dave Younger tient \u00e0 remercier les membres du Comit\u00e9 de direction pour leur travail acharn\u00e9.<\/p>\n<p><strong>10. Mot du Maire de Val-des-Monts, des Conseillers et du Pr\u00e9sident de la FLDVDM<\/strong><br \/>\n&#8211; Le Maire mentionne que la municipalit\u00e9 peut avoir un contr\u00f4le sur la rampe de mise \u00e0 l\u2019eau qui est sur le terrain de la municipalit\u00e9 mais n\u2019a aucun contr\u00f4le sur les bateaux une fois sur le lac. Il mentionne aussi que l\u2019id\u00e9e d\u2019une marina n\u2019ira pas de l\u2019avant, \u00e9tant donn\u00e9 que le terrain a \u00e9t\u00e9 vendu \u00e0 un particulier dans l\u2019intention d\u2019y construire une maison. Il rappelle aussi que la Municipalit\u00e9 surveille de pr\u00e8s certains contracteurs et surveille de m\u00eame toute construction aux abords du lac. On demande \u00e0 ce que la Municipalit\u00e9 puisse rencontrer les d\u00e9veloppeurs pour partager les inqui\u00e9tudes environnementales, la qualit\u00e9 de l\u2019eau et les r\u00e9sultats du PDE afin de les conscientiser quant \u00e0 certaines pratiques inacceptables telles que tout d\u00e9truire en vue de la vente ou la construction. Suite \u00e0 une demande \u00e0 savoir si les anciens terrains seront exempts des nouveaux r\u00e8glements du Plan de mise en \u0153uvre, le Maire a dit que cela serait probablement le cas.<br \/>\n&#8211; <em>Nouvelle \u00e9cole :<\/em> Le maire mentionne que le d\u00e9but de la construction de la nouvelle \u00e9cole est planifi\u00e9 pour juillet 2017. De m\u00eame, le pont sur Zurenski sera reconstruit et des travaux de r\u00e9fection de la route ont \u00e9t\u00e9 retard\u00e9s en raison des niveaux de l\u2019eau.<\/p>\n<p>&#8211; Claude Bergeron d\u00e9crit sa participation comme Pr\u00e9sident du PDE et mentionne la bonne collaboration avec la F\u00e9d\u00e9ration. Apr\u00e8s avoir recueilli toutes les informations pour l\u2019\u00e9tude, le groupe de l\u2019ABV des 7 en fait pr\u00e9sentement la r\u00e9vision. Le Comit\u00e9 sera alors en mesure de d\u00e9terminer les mesures \u00e0 faire en premier et les co\u00fbts associ\u00e9s. Il y aura des consultations publiques pour permettre ensuite au Comit\u00e9 de commencer \u00e0 examiner les r\u00e9sultats et faire des recommandations \u00e0 la Municipalit\u00e9. Le Maire pr\u00e9cise qu\u2019il \u00e9tait important d\u2019inclure certains aspects qui ne faisaient pas partie de l\u2019\u00e9tude initiale de la F\u00e9d\u00e9ration tels que les carri\u00e8res, les sabli\u00e8res, les activit\u00e9s de castors, etc. Il mentionne que les autres municipalit\u00e9s s\u2019int\u00e9ressent \u00e0 notre travail. \u00c0 la question \u00e0 savoir si l\u2019\u00e9tude pourra fournir assez de renseignements pour permettre de conna\u00eetre le niveau de pression que peuvent supporter les lacs, le Maire souligne que la capacit\u00e9 sera \u00e9valu\u00e9e et que lorsque le Plan sera adopt\u00e9, la Municipalit\u00e9 se penchera sur la mise en vigueur de zonages sp\u00e9cifiques pour qu\u2019il n\u2019y ait pas d\u2019endroits de haute densit\u00e9. On s\u2019inqui\u00e8te en ce qui a trait \u00e0 ce qu\u2019un particulier aurait achet\u00e9 un terrain dans le but de diviser et vendre des lots. La Municipalit\u00e9 rassure l\u2019Association que des avis de consultation publiques seront annonc\u00e9es \u00e0 l\u2019avance.<\/p>\n<p>&#8211; Ren\u00e9 Parent a fourni plusieurs mises \u00e0 jour sur les travaux de la F\u00e9d\u00e9ration. M\u00e9lanie Renaud a quitt\u00e9 la F\u00e9d\u00e9ration pour entreprendre de nouveaux int\u00e9r\u00eats et Stephanie Milot est la nouvelle Consultante. De plus, deux nouveaux membres se sont joints au Comit\u00e9 de Direction, soit Paul Boucher and Elise Amyot.<br \/>\n&#8211; Un total de 15 lacs seront \u00e0 l\u2019\u00e9tude cet \u00e9t\u00e9 et certains endroits sur le lac McGregor feront l\u2019objet d\u2019un suivi. Les moules z\u00e9br\u00e9es sont une pr\u00e9occupation dans les lacs qui ont un acc\u00e8s au public. Une subvention a \u00e9t\u00e9 demand\u00e9e aupr\u00e8s de la Municipalit\u00e9 de Val-des-Monts pour commencer une \u00e9tude.<br \/>\n&#8211; <em>J\u2019adopte un cours d\u2019eau<\/em> est un programme \u00e9ducationnel int\u00e9gr\u00e9 qui introduit les \u00e9tudiants \u00e0 une m\u00e9thodologie de l\u2019analyse de l\u2019eau qui fournit des donn\u00e9es pouvant servir pour \u00e9valuer la qualit\u00e9 de l\u2019eau. La F\u00e9d\u00e9ration souhaite commencer \u00e0 pr\u00e9senter ce programme cet \u00e9t\u00e9 aux groupes int\u00e9ress\u00e9s dans la r\u00e9gion.<br \/>\n&#8211; Le projet de la distribution des arbres a une fois de plus \u00e9t\u00e9 un succ\u00e8s cet \u00e9t\u00e9 alors que 1700 arbres ont \u00e9t\u00e9 distribu\u00e9s.<br \/>\n&#8211; On s\u2019int\u00e9resse au lavage de bateaux et note que les gardiens font une inspection visuelle. De nouvelles activit\u00e9s sont la cr\u00e9ation de plusieurs sous-comit\u00e9s pour se pencher sur le financement, les activit\u00e9s de sensibilisation, la communication et les membres. Il est pr\u00e9vu tenir des rencontres publiques pour discuter des pr\u00e9occupations et des solutions possibles.<\/p>\n<p><strong>11. Fin de la s\u00e9ance<\/strong><br \/>\n&#8211; Peter remercie le Maire, les Conseillers et le Pr\u00e9sident de la F\u00e9d\u00e9ration pour leur participation.<br \/>\n&#8211; Propos\u00e9 par Dave Cauldfeild et second\u00e9 par Mary Carman que l\u2019Assembl\u00e9e annuelle soit ajourn\u00e9 \u00e0 12h. <em><strong>Approuv\u00e9<\/strong><\/em><\/p>\n<p><em> La prochaine assembl\u00e9e g\u00e9n\u00e9rale aura lieu le 9 juin 2018.<\/em><\/p>\n<p><em>Veuillez cliquer <strong><span style=\"color: #008000;\"><a style=\"color: #008000;\" href=\"http:\/\/lacmcgregorlake.ca\/fr\/association\/association-documents\/\">su<\/a><\/span><\/strong><\/em><em><strong><span style=\"color: #008000;\">r ce lien<\/span><\/strong> pour le proc\u00e8s-verbal de l&#8217;AGA 2016.<\/em><\/p>\n<h3 style=\"text-align: center;\"><span style=\"color: #008000;\">***************************<\/span><\/h3>\n<h2 style=\"text-align: center;\">2017 McGregor Lake Association Annual General Meeting Minutes<\/h2>\n<h3 style=\"text-align: center;\">Saturday, June 10, 2017<\/h3>\n<p><em>(le fran\u00e7ais suit)<\/em><\/p>\n<p><strong>Board of Directors Present:<\/strong><br \/>\nPeter Barton, Mary Carman, Bob Kerr, William Metz, Debbie Milling, J. P. Sarault, Deena Ryan, Paul White, John Fripp (Honorary), Robert Lafleur, Elizabeth Logue, H\u00e9l\u00e8ne Valin.<\/p>\n<p><strong>Board of Directors Absent:<\/strong><br \/>\nGary Anka, Jennifer Garland, Karen George.<\/p>\n<p><strong>Guest Attendees:<\/strong> Mayor Jacques Laurin, Counsellor District 5: Mireille Brazeau, Counsellor District 3: Claude Bergeron, and Ren\u00e9 Parent, President of the F\u00e9d\u00e9ration des lacs de Val-des-Monts<br \/>\n_____________________________________________________<br \/>\n<em>Meeting opened at 10:10 am<\/em><br \/>\nMeeting is called to order by Peter Barton. Mary Carman notes that quorum is achieved (10% of membership).<\/p>\n<p><strong>1.Approval of Agenda<\/strong><\/p>\n<p>Moved by Robert Lafleur, seconded by Paul White that the Agenda be approved. <em><strong>Approved<\/strong><\/em><\/p>\n<p><strong>2. Welcome and Introductions<\/strong><\/p>\n<p>Peter Barton opened the meeting by welcoming Mayor Jacques Laurin and Councillors Mireille Brazeau, Claude Bergeron and the F\u00e9d\u00e9ration des lacs President Ren\u00e9 Parent.<\/p>\n<p><strong>3. Approval of 2015 AGM Minutes<\/strong><\/p>\n<p>Moved by Deborah Wilson, seconded by Hania Grabowski that the minutes be approved. <em><strong>Approved<\/strong><\/em><\/p>\n<p><strong>4. Report from the President and Business Arising from 2016 AGM<\/strong><\/p>\n<p>&#8211; Peter Barton noted that MLA worked with the Federation on the PDE and that Gary Anka was involved with meetings and contracts with the Municipality.<br \/>\n&#8211; Development around the lake is an ongoing point of interest that requires attention.<br \/>\n&#8211; Water testing was done this summer to ensure ongoing tracking of water quality.<\/p>\n<p><strong>5. Summary of the Water Quality Study of McGregor Lake<\/strong><\/p>\n<p>The Federation has done a study of the Water Quality and the summary appears on the Association website as well as on the Federation website. It is critical that water testing continue as it has a direct impact on the vegetation and Watershed.<\/p>\n<p><strong>6. Financial Report<\/strong><\/p>\n<p>Mary reports on the financial report (annexed to the minutes). The MLA is in better shape than last year. Currently, there are 174 members, up from last year due in large part to the targeted campaign last year and the door to door delivery of an information package and registration form done by JP Sarault. Mary notes an entry error in the report resulting in a $124.45 amount reported more in the bank. She also recommends that authority be given to review all financial records for any historical value and destroy reports older than 7 years. The Mayor recommends that the Association look at the municipal insurance company which would be less expensive.<\/p>\n<p><em>First motion to approve the financial report with a $124.45 discrepancy.<\/em><br \/>\nMoved by Robert Lafleur and seconded by Paul White that the report be accepted as presented. Motion was voted: All in favour. <em><strong>First motion approved.<\/strong><\/em><\/p>\n<p><em>Second Motion to give authority for a review of financial reports for historical value and destruction of reports older than 7 years.<\/em><br \/>\nMoved by Elizabeth Logue and seconded by Roseanne Emard that the motion be accepted as presented. Motion was voted: All in favour. <em><strong>Second motion approved.<\/strong><\/em><\/p>\n<p><strong>7. Report from Committee Chairs<\/strong><\/p>\n<p>&#8211; <em>site Web<\/em>: there is ongoing review, posting and translation of information on the website which provides a good place for information concerning activities and events as well as reports on water quality, new regulations, etc.<br \/>\n&#8211; <em>Facebook<\/em>: Mary Carman is the moderator. Members need to send a request to join and can then post items of interest. There are rules on posting and a reminder that it is not a forum to sell items.<br \/>\n&#8211; <em>Membership:<\/em> there were 174 members in 2016, which represents an increase of 30 over the previous year.<br \/>\n&#8211; <em>Regatta:<\/em> July 22 date to be confirmed. We are looking into the possibility of sub-contracting the sale of hot dogs.<\/p>\n<p><strong>8. Nominations and Election of Officers<\/strong><\/p>\n<p>&#8211; Mary Carman wishes to remain on the Board but would like to step down as Treasurer. There are no new nominations to the Board.<br \/>\n&#8211; Confirmation of current board members by Deborah Morrison and seconded by David Younger. <em><strong>Nomination accepted<\/strong><\/em><\/p>\n<p><strong>9. New Business<\/strong><br \/>\n&#8211; Deena Ryan mentions that consideration was raised that small local social get-togethers with neighbours would be a great way to socialize, discuss concerns and explain value of joining the Association to bring in new members. Anyone interested in hosting an event should get in touch with Deanna.<br \/>\n&#8211; Dave Younger extends a vote of thanks to all Board members for all their hard work.<\/p>\n<p><strong>10. Word from Mayor, Councillors and FDLVDM President<\/strong><br \/>\n&#8211; The Mayor mentions that VDM can control the ramp as it is their land, but has no control once boats are on the lake. He also indicates that the idea of a Marina will not go forward, as the lot was sold to an owner who will build one house. He says there are some contractors that are closely monitored, and also that the MVD monitors very closely all construction that touches on the lakes. VDM is asked whether they can meet developers to share environmental concerns, water quality and results of the PDE study to make them aware of certain unacceptable practices such as bulldozing areas for sale or construction. Asked whether old lots will be grandfathered from new Master Plan restrictions, the Mayor said that this would most likely be the case.<br \/>\n&#8211; <em>New school:<\/em> The Mayor mentions that construction for the new school is planned to begin in July 2017. As well, the bridge on Zurenski will be rebuilt and some road construction has been delayed because of the water levels.<\/p>\n<p>&#8211; Claude Bergeron outlines his participation as President of the PDE and mentions good collaboration with the Federation. After gathering all info, the report now being reviewed by ABV des 7 after which the Committee will determine what to do first and determine costs. There will be public consultations and then the Committee will begin to look at the results and make recommendations to VDM. The Mayor stresses that it was beneficial to include some areas that had not been part of the report from the Federation such as sand pits, quarries, beaver dams activity, etc. He mentions that other municipalities are interested in our work. Asked whether the study will give enough information to understand the amount of pressure lakes can take, the mayor answered that the capacity will be assessed and that once the Master Plan is adopted, VDM will look at applying specific zoning so that there are no high density areas. Concern is raised about one owner who bought land and is now preparing to divide the property and sell lots. Municipality assures MLA that advance notice will be sent about public consultations.<\/p>\n<p>&#8211; Rene Parent provided several updates on the Federation\u2019s work. M\u00e9lanie Renaud has left the Federation to pursue new interests, and Stephanie Milot is now the Coordinator. Also, two new members have joined the Board: Paul Boucher and Elise Amyot.<br \/>\n&#8211; This summer, 15 lakes will be studied and a few areas will be further assessed on McGregor Lake. Zebra mussels are of concern mainly on lakes with public access. A grant was requested from VDM to begin study.<br \/>\n&#8211; <em>J\u2019adopte un cours d\u2019eau<\/em> is an integrated educational program that introduced students to water analysis methodology that provides data that can be used to assess quality of the water. The Federation expects to begin introducing this program this summer to interested groups in the area.<br \/>\n&#8211; The tree distribution initiative was once again a success and 1700 trees were distributed.<br \/>\n&#8211; Boat washing is of interest and currently gate attendants provide visual inspection.<br \/>\n&#8211; New activities include the creation of several sub-committees to focus on funding; outreach activities; communication and membership. Public meetings to discuss preoccupations and possible solutions are planned.<\/p>\n<p><strong>11. Adjournment.<\/strong><br \/>\n&#8211; Peter thanks the Mayor, Councillors Mireille Brazeau and Claude Bergeron, and Ren\u00e9 Parent for their participation.<br \/>\n&#8211; Moved by Dave Cauldfield and seconded by Mary Carman that the AGM Meeting be adjourned at 12 noon. <em><strong>Approved<\/strong><\/em><\/p>\n<p><strong>Next AGM will be held June 9, 2018.<\/strong><em><br \/>\n<\/em><\/p>\n<p><em>Cliquez <span style=\"color: #008000;\"><strong><a style=\"color: #008000;\" href=\"http:\/\/lacmcgregorlake.ca\/fr\/association\/association-documents\/\">ici<\/a><\/strong><\/span> for the 2016 AGM Minutes.<\/em><\/p>\n<p style=\"text-align: center;\"><span style=\"color: #008000;\">\u00a0<\/span><\/p>\n<p>&nbsp;<\/p>","protected":false},"excerpt":{"rendered":"<p>Proc\u00e8s-verbal de l&#8217;Assembl\u00e9e g\u00e9n\u00e9rale annuelle (AGA) de l\u2019Association du Lac McGregor Le samedi 10 juin 2017 (English follows) Pr\u00e9sents : Peter Barton, Mary Carman, Bob Kerr, William Metz, Debbie Milling, J. P. Sarault, Deena Ryan, Paul White, John Fripp (Honorary), Robert Lafleur, Elizabeth Logue, H\u00e9l\u00e8ne Valin. Absents : Gary Anka, Jennifer Garland, Karen George. Invit\u00e9s [&hellip;]<\/p>","protected":false},"author":2,"featured_media":653,"parent":187,"menu_order":0,"comment_status":"closed","ping_status":"closed","template":"","meta":[],"_links":{"self":[{"href":"https:\/\/lacmcgregorlake.ca\/fr\/wp-json\/wp\/v2\/pages\/373"}],"collection":[{"href":"https:\/\/lacmcgregorlake.ca\/fr\/wp-json\/wp\/v2\/pages"}],"about":[{"href":"https:\/\/lacmcgregorlake.ca\/fr\/wp-json\/wp\/v2\/types\/page"}],"author":[{"embeddable":true,"href":"https:\/\/lacmcgregorlake.ca\/fr\/wp-json\/wp\/v2\/users\/2"}],"replies":[{"embeddable":true,"href":"https:\/\/lacmcgregorlake.ca\/fr\/wp-json\/wp\/v2\/comments?post=373"}],"version-history":[{"count":15,"href":"https:\/\/lacmcgregorlake.ca\/fr\/wp-json\/wp\/v2\/pages\/373\/revisions"}],"predecessor-version":[{"id":1052,"href":"https:\/\/lacmcgregorlake.ca\/fr\/wp-json\/wp\/v2\/pages\/373\/revisions\/1052"}],"up":[{"embeddable":true,"href":"https:\/\/lacmcgregorlake.ca\/fr\/wp-json\/wp\/v2\/pages\/187"}],"wp:featuredmedia":[{"embeddable":true,"href":"https:\/\/lacmcgregorlake.ca\/fr\/wp-json\/wp\/v2\/media\/653"}],"wp:attachment":[{"href":"https:\/\/lacmcgregorlake.ca\/fr\/wp-json\/wp\/v2\/media?parent=373"}],"curies":[{"name":"wp","href":"https:\/\/api.w.org\/{rel}","templated":true}]}}