{"id":408,"date":"2018-02-12T02:26:45","date_gmt":"2018-02-12T02:26:45","guid":{"rendered":"http:\/\/mcgregorlake.piceadesigns.com\/?page_id=408"},"modified":"2026-03-13T20:02:41","modified_gmt":"2026-03-13T20:02:41","slug":"become-a-member","status":"publish","type":"page","link":"https:\/\/lacmcgregorlake.ca\/fr\/become-a-member\/","title":{"rendered":"Devenir membre"},"content":{"rendered":"<h2><span id=\"nf-drawer-content\" style=\"color: #008000;\"><span class=\"nf-setting-groups\"><span class=\"nf-field-settings\"><span class=\"nf-field-sub-settings\"><i><b>Adh\u00e9sion \u00e0 l'Association du lac McGregor<br><\/b><\/i><\/span><\/span><\/span><\/span><\/h2>\n\n\n\n<p>Par votre adh\u00e9sion, vous aiderez \u00e0 soutenir les services et \u00e9v\u00e9nements de l'Association, y compris \u00e0 aider \u00e0 d\u00e9frayer les co\u00fbts li\u00e9s \u00e0 nos efforts pour ralentir la propagation de l'esp\u00e8ce envahissante, le myriophylle \u00e0 \u00e9pi, aux analyses annuelles de la qualit\u00e9 de l'eau, au placement de quelques marqueurs de haut-fond sur le lac, \u00e0 la r\u00e9gate annuelle, au partage de renseignements portant sur les r\u00e8glements relatifs \u00e0 l'environnement, \u00e0 la navigation de plaisance et aux fosses septiques avec les r\u00e9sidents du lac, ainsi qu'\u00e0 la d\u00e9fense des int\u00e9r\u00eats des r\u00e9sidents du lac quant aux enjeux environmentaux aupr\u00e8s de la municipalit\u00e9 de Val-des-Monts.<\/p>\n\n\n\n<p><strong>Les frais de cotisation sont 60$.<\/strong> Cela comprend une plaque pour votre quai (si vous n'en avez pas) et un autocollant pour l'ann\u00e9e en cours.<\/p>\n\n\n\n<p><span style=\"color: #0000ff;\"><strong>Veuillez noter que l'adh\u00e9sion \u00e0 l'Association ne donne pas acc\u00e8s au lac via la rampe de mise \u00e0 l'eau P\u00e9lissier. Communiquez avec la municipalit\u00e9 de Val-des-Monts pour toute question concernant l'acc\u00e8s au lac.<\/strong><\/span><\/p>\n\n\n\n<h4><span style=\"color: #000000;\">Il n'a jamais \u00e9t\u00e9 plus facile de payer votre cotisation annuelle \u00e0 l'Association. Vous pouvez choisir de payer via Interact, PayPal ou par ch\u00e8que.<\/span><\/h4>\n\n\n\n<h4><span style=\"color: #000000;\"><strong>Paiement par Virement Interac : <\/strong>Facile. Rapide. S\u00e9curitaire. Envoyer \u00e0 <\/span><strong><a href=\"mailto:lacmcgregorlake@gmail.com\"><span style=\"color: #ff0000;\">lacmcgregorlake@gmail.com<\/span><\/a>.&nbsp; <\/strong><span style=\"color: #000000;\">Dans la<\/span> <span style=\"color: #000000;\">section Notes, identifier votre nom complet et \/ ou l'adresse de votre r\u00e9sidence.<\/span><\/h4>\n\n\n\n<form action=\"https:\/\/www.paypal.com\/cgi-bin\/webscr\" method=\"post\" target=\"_top\" data-trp-original-action=\"https:\/\/www.paypal.com\/cgi-bin\/webscr\"><input type=\"hidden\" name=\"trp-form-language\" value=\"fr\"\/><\/form>\n\n\n\n<p><\/p>\n\n\n\n<h4 class=\"has-black-color has-text-color\"><span style=\"color: #000000;\"><strong>Paiement par PayPal :<\/strong><\/span><\/h4>\n\n\n\n<form action=\"https:\/\/www.paypal.com\/cgi-bin\/webscr\" method=\"post\" target=\"_top\" data-trp-original-action=\"https:\/\/www.paypal.com\/cgi-bin\/webscr\"><input type=\"hidden\" name=\"trp-form-language\" value=\"fr\"\/><\/form>\n\n<script src=\"https:\/\/www.paypal.com\/sdk\/js?client-id=BAAwzis0kZ9Y81MaPa2fIRsaAgfwEOburoc87Jz0BzQNGLudd3GG9dHrhKLxMys0tXlxEO3AFGGKT35PZo&amp;components=hosted-buttons&amp;disable-funding=venmo&amp;currency=CAD\"><\/script>\n<div id=\"paypal-container-AYLTJPS7NV97E\"><\/div>\n<script>\n  paypal.HostedButtons({\n    hostedButtonId: \"AYLTJPS7NV97E\",\n  }).render(\"#paypal-container-AYLTJPS7NV97E\")\n<\/script>\n\n\n\n<p><\/p>\n\n\n\n<h4><span style=\"color: #000000;\"><strong>Paiement par ch\u00e8que :<\/strong><\/span><\/h4>\n\n\n\n<p>Vous pouvez \u00e9galement choisir de payer votre adh\u00e9sion par ch\u00e8que.<\/p>\n\n\n\n<p>Si le paiement est effectu\u00e9 par ch\u00e8que, veuillez remplir le\u00a0<a href=\"https:\/\/lacmcgregorlake.ca\/wp-content\/uploads\/2025\/05\/Formulaire-dadhe\u0301sion-a\u0300-lALM-MLA-Membership-form-2025.pdf\" data-type=\"URL\"><strong><span style=\"color: #008000;\">Formulaire d&#8217;adhe\u0301sion a\u0300 l&#8217;ALM-MLA Membership form<\/span><\/strong><\/a> et postez-le avec votre ch\u00e8que (\u00e0 l'ordre de l' <strong>Association du lac McGregor<\/strong>), \u00e0: l'Association du lac McGregor, C.P. 82022, Succ. Gr\u00e9ber, Gatineau (QC) J8T 8B6<\/p>\n\n\n\n<p>Si vous souhaitez vous impliquer davantage dans l'Association ou vous porter b\u00e9n\u00e9vole pour des \u00e9v\u00e9nements tels que la r\u00e9gate ou l'\u00e9chantillonnage de la qualit\u00e9 de l'eau, vous pouvez envoyer un courriel \u00e0&nbsp;<a href=\"mailto:lacmcgregorlake@gmail.com\"><strong><span style=\"color: #008000;\">lacmcgregorlake@gmail.com<\/span><\/strong><\/a>. Si vous d\u00e9sirez plus d'informations sur le mandat de l'Association, veuillez visiter la <a href=\"https:\/\/lacmcgregorlake.ca\/fr\/association\/\"><strong><span style=\"color: #008000;\">page de l'Association<\/span><\/strong><\/a>.<\/p>\n\n\n\n<p><em><span style=\"color: #ff0000;\"><strong>Votre Association appr\u00e9cie votre appui et encouragement!<\/strong><\/span><\/em><\/p>","protected":false},"excerpt":{"rendered":"<p>McGregor Lake Association (MLA) Membership Through your membership, you help support the Association&#8217;s services and events, such as efforts to slow the spread of the invasive species Eurasian Watermilfoil, the annual water quality testing, the placement of some shoal makers on the lake, the annual regatta, information sharing with lake residents of environmental, boating and [&hellip;]<\/p>","protected":false},"author":2,"featured_media":784,"parent":0,"menu_order":0,"comment_status":"closed","ping_status":"closed","template":"","meta":[],"_links":{"self":[{"href":"https:\/\/lacmcgregorlake.ca\/fr\/wp-json\/wp\/v2\/pages\/408"}],"collection":[{"href":"https:\/\/lacmcgregorlake.ca\/fr\/wp-json\/wp\/v2\/pages"}],"about":[{"href":"https:\/\/lacmcgregorlake.ca\/fr\/wp-json\/wp\/v2\/types\/page"}],"author":[{"embeddable":true,"href":"https:\/\/lacmcgregorlake.ca\/fr\/wp-json\/wp\/v2\/users\/2"}],"replies":[{"embeddable":true,"href":"https:\/\/lacmcgregorlake.ca\/fr\/wp-json\/wp\/v2\/comments?post=408"}],"version-history":[{"count":77,"href":"https:\/\/lacmcgregorlake.ca\/fr\/wp-json\/wp\/v2\/pages\/408\/revisions"}],"predecessor-version":[{"id":2908,"href":"https:\/\/lacmcgregorlake.ca\/fr\/wp-json\/wp\/v2\/pages\/408\/revisions\/2908"}],"wp:featuredmedia":[{"embeddable":true,"href":"https:\/\/lacmcgregorlake.ca\/fr\/wp-json\/wp\/v2\/media\/784"}],"wp:attachment":[{"href":"https:\/\/lacmcgregorlake.ca\/fr\/wp-json\/wp\/v2\/media?parent=408"}],"curies":[{"name":"wp","href":"https:\/\/api.w.org\/{rel}","templated":true}]}}