{"id":834,"date":"2018-05-29T19:31:57","date_gmt":"2018-05-29T19:31:57","guid":{"rendered":"http:\/\/lacmcgregorlake.ca\/?page_id=834"},"modified":"2022-11-23T20:31:50","modified_gmt":"2022-11-23T20:31:50","slug":"our-shop","status":"publish","type":"page","link":"https:\/\/lacmcgregorlake.ca\/fr\/our-shop\/","title":{"rendered":"Notre boutique"},"content":{"rendered":"<h1><strong>PORTEZ VOTRE FIERT\u00c9 DU LAC MCGREGOR<\/strong><\/h1>\n<h4><\/h4>\n<div id='gallery-1' class='gallery galleryid-834 gallery-columns-2 gallery-size-medium'><figure class='gallery-item'>\n\t\t\t<div class='gallery-icon landscape'>\n\t\t\t\t<a href='https:\/\/lacmcgregorlake.ca\/fr\/our-shop\/img_8409\/'><img width=\"300\" height=\"225\" src=\"https:\/\/lacmcgregorlake.ca\/wp-content\/uploads\/2019\/06\/IMG_8409-300x225.jpg\" class=\"attachment-medium size-medium\" alt=\"\" loading=\"lazy\" srcset=\"https:\/\/lacmcgregorlake.ca\/wp-content\/uploads\/2019\/06\/IMG_8409-300x225.jpg 300w, https:\/\/lacmcgregorlake.ca\/wp-content\/uploads\/2019\/06\/IMG_8409-768x576.jpg 768w, https:\/\/lacmcgregorlake.ca\/wp-content\/uploads\/2019\/06\/IMG_8409-1024x768.jpg 1024w, https:\/\/lacmcgregorlake.ca\/wp-content\/uploads\/2019\/06\/IMG_8409-600x450.jpg 600w, https:\/\/lacmcgregorlake.ca\/wp-content\/uploads\/2019\/06\/IMG_8409.jpg 1228w\" sizes=\"(max-width: 300px) 100vw, 300px\" \/><\/a>\n\t\t\t<\/div><\/figure><figure class='gallery-item'>\n\t\t\t<div class='gallery-icon landscape'>\n\t\t\t\t<a href='https:\/\/lacmcgregorlake.ca\/fr\/our-shop\/img_8410\/'><img width=\"300\" height=\"225\" src=\"https:\/\/lacmcgregorlake.ca\/wp-content\/uploads\/2019\/06\/IMG_8410-300x225.jpg\" class=\"attachment-medium size-medium\" alt=\"\" loading=\"lazy\" srcset=\"https:\/\/lacmcgregorlake.ca\/wp-content\/uploads\/2019\/06\/IMG_8410-300x225.jpg 300w, https:\/\/lacmcgregorlake.ca\/wp-content\/uploads\/2019\/06\/IMG_8410-768x576.jpg 768w, https:\/\/lacmcgregorlake.ca\/wp-content\/uploads\/2019\/06\/IMG_8410-1024x768.jpg 1024w, https:\/\/lacmcgregorlake.ca\/wp-content\/uploads\/2019\/06\/IMG_8410-600x450.jpg 600w, https:\/\/lacmcgregorlake.ca\/wp-content\/uploads\/2019\/06\/IMG_8410.jpg 2048w\" sizes=\"(max-width: 300px) 100vw, 300px\" \/><\/a>\n\t\t\t<\/div><\/figure><figure class='gallery-item'>\n\t\t\t<div class='gallery-icon portrait'>\n\t\t\t\t<a href='https:\/\/lacmcgregorlake.ca\/fr\/news-events\/33753512_1864588113604807_599991516613574656_n\/'><img width=\"187\" height=\"300\" src=\"https:\/\/lacmcgregorlake.ca\/wp-content\/uploads\/2018\/05\/33753512_1864588113604807_599991516613574656_n.jpg\" class=\"attachment-medium size-medium\" alt=\"\" loading=\"lazy\" \/><\/a>\n\t\t\t<\/div><\/figure>\n\t\t<\/div>\n\n<p><strong>Stocks disponibles !<\/strong><\/p>\n<p><strong>T-shirts pour jeunes 10 $ <em>(Veuillez noter que L convient aux femmes P et XL convient aux femmes M)<\/em><br \/>\n<\/strong><\/p>\n<ul>\n<li>T-shirts gris disponibles dans toutes les tailles pour jeunes<\/li>\n<li>T-shirts orange disponibles dans toutes les tailles pour jeunes<\/li>\n<li>T-shirts jaune en P, L et XL uniquement<\/li>\n<li><em>Des stocks plus anciens<\/em> (o\u00f9 figure le nom de l'Association McGregor Lake Association sous le huard) sont disponibles en bleu clair et bleu marin P, L et XL pour 5 $ chaque<\/li>\n<\/ul>\n<p><strong>T-shirts pour adultes 15 $<\/strong><\/p>\n<ul>\n<li>T-shirts gris disponibles dans toutes les tailles<\/li>\n<li>Bleu clair en L et XL uniquement<\/li>\n<li><em>Des stocks plus anciens<\/em> (o\u00f9 figure le nom de l'Association McGregor Lake Association sous le huard) sont disponibles en gris et bleu marin en P, XL, 2XL et 3XL pour 5 $ chaque<\/li>\n<\/ul>\n<p><strong>Sweatshirts DISPONIBILIT\u00c9 LIMIT\u00c9E maintenant 40 $<\/strong><\/p>\n<ul>\n<li>Gris disponible en P, XL, 2XL et 3XL<\/li>\n<li>Bleu marin disponible en M et 3XL<\/li>\n<\/ul>\n<p><strong>Chemises de golf en coton maintenant 15 $<\/strong><\/p>\n<ul>\n<li>Chemises de golf bleu clair disponibles dans toutes les tailles, y compris pour femmes P, M et hommes P-2XL<\/li>\n<\/ul>\n<p><strong>Chemises de golf DRI-FIT DISPONIBILIT\u00c9 LIMIT\u00c9E 35 $<\/strong><\/p>\n<ul>\n<li>Chemises bleu marin disponibles pour femmes P, M et hommes P et 2XL seulement<\/li>\n<\/ul>\n<p><strong>Accessoires<\/strong><\/p>\n<ul>\n<li>Casquette de baseball (blanc) 25 $<\/li>\n<li>Tuques 15 $<\/li>\n<li>Bouteilles d'eau 5 $<\/li>\n<\/ul>\n<p><strong><span style=\"color: #ff0000;\">R\u00c9DUCTION FAMILIALE<\/span> <\/strong><\/p>\n<ul>\n<li>Toute personne qui ach\u00e8te 5 articles ou plus obtient un rabais suppl\u00e9mentaire de 10% sur sa commande totale.<\/li>\n<\/ul>\n<p><strong>Pour passer une commande, veuillez envoyer un courriel \u00e0 <span style=\"color: #008000;\"><a style=\"color: #008000;\" href=\"mailto:mcgregorlakegear@gmail.com\">mcgregorlakegear@gmail.com<\/a><\/span> et nous organiserons un moment et un lieu mutuellement convenables pour la cueillette ou la livraison.<\/strong><\/p>\n<p><span style=\"color: #ff0000;\"><strong>Toute marchandise doit \u00eatre pay\u00e9e, lors de la livraison ou de la cuillette, en argent-comptant ou par ch\u00e8que payable \u00e0 l'Association du lac McGregor.<\/strong>.<\/span><\/p>\n<p><strong><span style=\"color: #ff0000;\">\u00a0<\/span><\/strong><\/p>","protected":false},"excerpt":{"rendered":"<p>WEAR YOUR MCGREGOR LAKE PRIDE Available stock! Youth T-Shirts $10 (Note: Youth LG suits women\u2019s SM &amp; Youth XL suits women\u2019s M) Grey t-shirts available in all youth sizes Orange t-shirts available in all youth sizes Yellow t-shirts available in SM, LG, &amp; XL only Older inventory (with Association McGregor Lake Association text below the [&hellip;]<\/p>","protected":false},"author":2,"featured_media":0,"parent":0,"menu_order":0,"comment_status":"closed","ping_status":"closed","template":"","meta":[],"_links":{"self":[{"href":"https:\/\/lacmcgregorlake.ca\/fr\/wp-json\/wp\/v2\/pages\/834"}],"collection":[{"href":"https:\/\/lacmcgregorlake.ca\/fr\/wp-json\/wp\/v2\/pages"}],"about":[{"href":"https:\/\/lacmcgregorlake.ca\/fr\/wp-json\/wp\/v2\/types\/page"}],"author":[{"embeddable":true,"href":"https:\/\/lacmcgregorlake.ca\/fr\/wp-json\/wp\/v2\/users\/2"}],"replies":[{"embeddable":true,"href":"https:\/\/lacmcgregorlake.ca\/fr\/wp-json\/wp\/v2\/comments?post=834"}],"version-history":[{"count":36,"href":"https:\/\/lacmcgregorlake.ca\/fr\/wp-json\/wp\/v2\/pages\/834\/revisions"}],"predecessor-version":[{"id":1986,"href":"https:\/\/lacmcgregorlake.ca\/fr\/wp-json\/wp\/v2\/pages\/834\/revisions\/1986"}],"wp:attachment":[{"href":"https:\/\/lacmcgregorlake.ca\/fr\/wp-json\/wp\/v2\/media?parent=834"}],"curies":[{"name":"wp","href":"https:\/\/api.w.org\/{rel}","templated":true}]}}