{"id":906,"date":"2018-06-09T22:16:22","date_gmt":"2018-06-09T22:16:22","guid":{"rendered":"http:\/\/lacmcgregorlake.ca\/?page_id=906"},"modified":"2023-07-10T01:44:16","modified_gmt":"2023-07-10T01:44:16","slug":"mla-response-to-water-management-master-plan-consultations","status":"publish","type":"page","link":"https:\/\/lacmcgregorlake.ca\/fr\/mla-response-to-water-management-master-plan-consultations\/","title":{"rendered":"Consultations sur la gestion de l'eau"},"content":{"rendered":"<h2 style=\"text-align: center;\"><span style=\"color: #008000;\"><strong>CONSULTATIONS PUBLIQUES 2022 PORTANT SUR LES PLANS D'EAU DE VAL-DES-MONTS<\/strong><\/span><\/h2>\n<p>La municipalit\u00e9 de Val-des-Monts a lanc\u00e9 le 19 juillet 2022 une consultation citoyenne sur ses plans d'eau.<\/p>\n<p>Cette consultation s'est faite de plusieurs fa\u00e7ons. Les r\u00e9sidents de VDM ont pu remplir un sondage en ligne, une consultation publique a eu lieu et, \u00e0 la suite d'une demande des membres de pr\u00e9senter des commentaires, l'Association a pr\u00e9sent\u00e9 <span style=\"font-size: revert; color: initial;\">le document suivant (<\/span><a style=\"font-size: revert;\" href=\"https:\/\/lacmcgregorlake.ca\/wp-content\/uploads\/2022\/08\/MLA-Issues-paper-for-VDM-Consultation-on-Water-Bodies-2022.pdf\"><span style=\"color: #0000ff;\"><strong>MLA Issues paper for VDM Consultation on Water Bodies 2022<\/strong><\/span><\/a><span style=\"font-size: revert; color: initial;\"> | <\/span><a style=\"font-size: revert;\" href=\"https:\/\/lacmcgregorlake.ca\/wp-content\/uploads\/2022\/08\/Document-danalyse-de-lALM-Consulation-de-VDM-sur-les-plans-deau-2022.pdf\"><span style=\"color: #0000ff;\"><strong>Document d&#8217;analyse de l&#8217;ALM &#8211; Consulation de VDM sur les plans d&#8217;eau 2022<\/strong><\/span><\/a><span style=\"font-size: revert; color: initial;\">) sur les questions cl\u00e9s concernant la s\u00e9curit\u00e9 et les impacts environnementaux.<\/span><\/p>\n<p>Un rapport r\u00e9sumant les r\u00e9sultats de cette campagne de consultation a \u00e9t\u00e9 publi\u00e9 \u00e0 la fin de l'automne 2022. Le<strong><span style=\"color: #0000ff;\"> <a style=\"color: #0000ff;\" href=\"https:\/\/valdesmonts-site.s3.ca-central-1.amazonaws.com\/wp-content\/uploads\/2022\/11\/1.5-soutien-1-rapport-consultation-8-novembre-2022-v.finale-plans-eau.pdf\">rapport<\/a><\/span><\/strong> (disponible en fran\u00e7ais) a fourni des recommandations g\u00e9n\u00e9rales et a r\u00e9f\u00e9renc\u00e9 et annex\u00e9 la soumission de l'Association. Le Conseil a pr\u00e9par\u00e9 une r\u00e9ponse \u00e0 ces recommandations puisque le rapport est destin\u00e9 \u00e0 guider les \u00e9lus dans leur prise de d\u00e9cision concernant l'utilisation des plans d'eau et leur protection. La<strong><span style=\"color: #0000ff;\"> <a style=\"color: #0000ff;\" href=\"https:\/\/lacmcgregorlake.ca\/wp-content\/uploads\/2023\/02\/Reponse-au-rapport-sur-la-consultation-citoyenne-de-VDM-sur-les-plans-deau_ALM_Fev2023F.pdf\">r\u00e9ponse<\/a><\/span><\/strong> a \u00e9t\u00e9 envoy\u00e9e \u00e0 la Municipalit\u00e9 le 24 f\u00e9vrier 2023 et ajout\u00e9e sur leur site web.<\/p>\n<h2><strong>Consultations ant\u00e9rieures :<\/strong><\/h2>\n<h2 style=\"text-align: center;\"><span style=\"color: #008000;\">CONSULTATIONS PUBLIQUES PORTANT SUR LE PLAN DIRECTEUR DE L'EAU DE LA MUNICIPALIT\u00c9 DE VAL-DES-MONTS<\/span><\/h2>\n<p>La Municipalit\u00e9 a tenu des cpnsultations publiques sur le Plan directeur de l'eau de la rivi\u00e8re Blanche ouest \u00e0 l'\u00e9t\u00e9 2017. Pr\u00e9alablement \u00e0 l'\u00e9laboration du Plan directeur de l'eau, une \u00e9tude de caract\u00e9risation a \u00e9t\u00e9 effectu\u00e9e par la F\u00e9d\u00e9ration des lacs de Val-des-Monts. Une synth\u00e8se de cette \u00e9tude, et cahiers annexes pour chaque lac du bassin versant qui a \u00e9t\u00e9 caract\u00e9ris\u00e9, est maintenant disponible \u00e0 ce <a href=\"https:\/\/valdesmonts-site.s3.ca-central-1.amazonaws.com\/wp-content\/uploads\/2022\/03\/pdebassin-versionpreliminaire-1.pdf\"><strong><span style=\"color: #008000;\">lien<\/span><\/strong><\/a>En 2018, le Conseil d'administration de l'Association du lac McGregor a examin\u00e9 le rapport et a soumis cette D\u00e9claration<strong>:<\/strong><\/p>\n<h2><\/h2>\n<h2 style=\"text-align: center;\"><span style=\"color: #008000;\">D\u00c9CLARATION DE L'ASSOCIATION DU LAC MCGREGOR PORTANT SUR LE PLAN DIRECTEUR DE L'EAU<\/span><\/h2>\n<p>L'Association, au nom de nos membres, est heureuse d'avoir l'occasion de contribuer \u00e0 cette consultation publique sur le Plan directeur pour l'eau (PDE) du bassin versant de la rivi\u00e8re Blanche Ouest;<\/p>\n<p>L'Association soutient la rigueur scientifique et les travaux men\u00e9s pour appuyer le rapport d'\u00e9tude de caract\u00e9risation et les annexes, ainsi que le travail suppl\u00e9mentaire r\u00e9alis\u00e9 par des acteurs comme la F\u00e9d\u00e9ration des lacs du Val des Monts au cours de la derni\u00e8re d\u00e9cennie, qui nous am\u00e8ne \u00e0 cette importante consultation; et<\/p>\n<p>L'Association appuie \u00e0 la fois la n\u00e9cessit\u00e9 d'un PDE et est d'accord avec la liste des activit\u00e9s ayant une incidence sur le bassin versant telle que pr\u00e9sent\u00e9e dans le document de consultation publique. En fournissant des commentaires \u00e0 cette r\u00e9union de consultation, l'Association se concentrera sur deux des activit\u00e9s touchant le bassin versant, \u00e0 savoir les secteurs r\u00e9sidentiel et vill\u00e9giature qui, \u00e0 leur tour, ont un impact direct sur la faune, la flore et les habitats fauniques.<\/p>\n<p><strong>Secteur r\u00e9sidentiel<\/strong><br \/>\nL'Association reconna\u00eet les d\u00e9fis inh\u00e9rents \u00e0 la croissance et au d\u00e9veloppement rapides de Val des Monts et soutient la municipalit\u00e9 dans ses efforts de d\u00e9veloppement et de planification visant \u00e0 g\u00e9rer ces probl\u00e8mes dans un environnement complexe afin d'assurer la protection et la pr\u00e9servation de ses ressources en eau d\u00e8s maintenant et dans le futur.<\/p>\n<p>Malgr\u00e9 ces efforts, des pr\u00e9occupations persistent concernant les impacts n\u00e9gatifs potentiels du d\u00e9veloppement au-del\u00e0 du secteur riverain o\u00f9 l'acc\u00e8s au lac est assur\u00e9. Il y a des exemples d'am\u00e9nagement qui d\u00e9montrent des impacts n\u00e9gatifs et potentiellement d\u00e9sastreux sur la qualit\u00e9 de l'eau du lac, le littoral et la faune. Il y a d'autres exemples plus positifs o\u00f9 l'acc\u00e8s au lac pour les embarcations non motoris\u00e9es et les possibilit\u00e9s de profiter du lac sont fournis avec un impact minimal sur la qualit\u00e9 de l'eau, le littoral ou la faune.<\/p>\n<p>L'Association maintient que ce dernier mod\u00e8le (tel qu'il existe dans le d\u00e9veloppement de Deauville) devrait \u00eatre adopt\u00e9 comme mod\u00e8le d'utilisation du lac et d'acc\u00e8s par la municipalit\u00e9.<\/p>\n<p>Avec l'adoption d'un tel mod\u00e8le respectant notre engagement commun pour un bassin versant sain, le prochain \u00e9l\u00e9ment essentiel est un financement municipal ad\u00e9quat pour le suivi et l'application de ces accords, r\u00e8gles et r\u00e8glements ainsi qu'une action rapide et ferme \u00e0 la r\u00e9ception de l'\u00e9crit (courriel ou lettre) plaintes des citoyens.<\/p>\n<p><strong>Secteur de la vill\u00e8giature<\/strong><br \/>\nL'Association valorise et respecte l'exp\u00e9rience consultative positive et les r\u00e9sultats li\u00e9s au parc P\u00e9lissier. Cette initiative a permis de r\u00e9duire les visites de bateaux dangereuses et excessives, tout en offrant un acc\u00e8s raisonnable aux r\u00e9sidents qui ne font pas partie du lac. N\u00e9anmoins, l'existence de rampes de mise \u00e0 l'eau priv\u00e9es demeure une pr\u00e9occupation non r\u00e9glement\u00e9e et croissante, en particulier lorsque des consid\u00e9rations mon\u00e9taires en \u00e9change de l'acc\u00e8s sont pr\u00e9sentes.<\/p>\n<p>Reconnaissant l'engagement d\u00e9clar\u00e9 de la Municipalit\u00e9 envers un bassin versant sain, la Municipalit\u00e9 devrait revoir les options pour limiter l'utilisation commerciale des rampes priv\u00e9es, communiquer avec les r\u00e9sidents des lacs sur les risques et les enjeux juridiques d'une telle utilisation et assurer un financement municipal ad\u00e9quat pour l'application de la rampe de mise \u00e0 l'eau du parc P\u00e9lissier et des rampes d'acc\u00e8s priv\u00e9es.<\/p>\n<p>En terminant, l'Association tient \u00e0 remercier la municipalit\u00e9 de l'occasion de participer \u00e0 cette r\u00e9union. Une soumission \u00e9crite sera d\u00e9pos\u00e9e au plus tard le 28 juin.<\/p>\n<p><em>L'association du lac McGregor Lake Association<\/em><br \/>\n<em>7 juin 2018<\/em><\/p>","protected":false},"excerpt":{"rendered":"<p>2022 PUBLIC CONSULTATIONS ON VAL-DES-MONTS WATER BODIES The Municipality of Val-des-Monts launched citizen consultations on its water bodies on July 19, 2022. This consultation was conducted n several parts. VDM residents were provided an opportunity to respond to an Online Survey, a public consultation meeting was held and, following a request for input from members, [&hellip;]<\/p>","protected":false},"author":2,"featured_media":0,"parent":0,"menu_order":0,"comment_status":"closed","ping_status":"closed","template":"","meta":[],"_links":{"self":[{"href":"https:\/\/lacmcgregorlake.ca\/fr\/wp-json\/wp\/v2\/pages\/906"}],"collection":[{"href":"https:\/\/lacmcgregorlake.ca\/fr\/wp-json\/wp\/v2\/pages"}],"about":[{"href":"https:\/\/lacmcgregorlake.ca\/fr\/wp-json\/wp\/v2\/types\/page"}],"author":[{"embeddable":true,"href":"https:\/\/lacmcgregorlake.ca\/fr\/wp-json\/wp\/v2\/users\/2"}],"replies":[{"embeddable":true,"href":"https:\/\/lacmcgregorlake.ca\/fr\/wp-json\/wp\/v2\/comments?post=906"}],"version-history":[{"count":29,"href":"https:\/\/lacmcgregorlake.ca\/fr\/wp-json\/wp\/v2\/pages\/906\/revisions"}],"predecessor-version":[{"id":2303,"href":"https:\/\/lacmcgregorlake.ca\/fr\/wp-json\/wp\/v2\/pages\/906\/revisions\/2303"}],"wp:attachment":[{"href":"https:\/\/lacmcgregorlake.ca\/fr\/wp-json\/wp\/v2\/media?parent=906"}],"curies":[{"name":"wp","href":"https:\/\/api.w.org\/{rel}","templated":true}]}}