{"id":93,"date":"2018-01-02T22:00:03","date_gmt":"2018-01-02T22:00:03","guid":{"rendered":"http:\/\/mcgregorlake.piceadesigns.com\/?page_id=93"},"modified":"2023-01-02T23:03:58","modified_gmt":"2023-01-02T23:03:58","slug":"our-environment","status":"publish","type":"page","link":"https:\/\/lacmcgregorlake.ca\/fr\/our-environment\/","title":{"rendered":"Notre environnement"},"content":{"rendered":"<h2 style=\"text-align: center;\">Quelques conseils pour assurer la sant\u00e9 de notre lac<\/h2>\n<div align=\"left\">\n<p>Le lac est beaucoup plus qu'un bassin d'eau. C'est une entit\u00e9 vivante, qui respire et tout le monde doit se pr\u00e9occuper de sa survie. Afin d'assurer sa conservation voici une liste d'habitudes \u00e0 mettre en pratique.<\/p>\n<p><strong><span style=\"color: #339966;\">V\u00c9RIFIEZ VOS SYST\u00c8MES SEPTIQUES ET ASSUREZ-VOUS QU'ILS RESPECTENT LES NORMES DE SANT\u00c9 ET DE S\u00c9CURIT\u00c9 :<\/span><\/strong> Les \u00e9gouts sont porteurs de bact\u00e9ries et de virus; un syst\u00e8me septique inad\u00e9quat ou d\u00e9fectueux menace la sant\u00e9 de chacun.<\/p>\n<p><strong><span style=\"color: #339966;\">CONSTRUISEZ UN QUAI QUI PERMET LE FLOT NORMAL DE L'EAU :<\/span><\/strong> toute obstruction au mouvement des eaux favorise l'\u00e9rosion et l'accumulation de s\u00e9diments.<\/p>\n<p><strong><span style=\"color: #339966;\">UTILISEZ LES D\u00c9TERGENTS SANS PHOSPHATES \u00c0 LA MAISON\/AU CHALET :<\/span><\/strong> Les phosphates ne se d\u00e9composent pas et ne font que s'accumuler en exc\u00e8s dans le cycle \u00e9cologique.<\/p>\n<p><strong><span style=\"color: #339966;\">SIGNALEZ AUX AUTORIT\u00c9S RESPONSABLES TOUT PROBL\u00c8ME DE POLLUTION DES EAUX DE NOTRE LAC.<\/span><\/strong><\/p>\n<p><strong><span style=\"color: #ff0000;\">NE VOUS LAVEZ PAS DANS LE LAC :<\/span> <\/strong>y compris vos cheveux, votre chien ou vos enfants. Ne jamais d\u00e9verser les eaux us\u00e9es de la lessive dans le lac. Les d\u00e9tergents, les savons et les shampooings favorisent la croissance d'algues qui desoxyg\u00e8nent l'eau et tuent la faune marine.<\/p>\n<p><strong><span style=\"color: #ff0000;\">NE COUPEZ PAS D'ARBRES ET N'ALT\u00c9REZ PAS LE RIVAGE EN BORDURE DU LAC :<\/span><\/strong> ceci cr\u00e9e l'\u00e9rosion du sol\/rivage. Le manque de rivage naturel r\u00e9duit la qualit\u00e9 de l'eau, augmente les algues et tue les poissons. Les 10 premiers m\u00e8tres pr\u00e9serv\u00e9s \u00e0 l'\u00e9tat naturel sont essentiels \u00e0 la survie du lac. Plantez-y donc des arbustes.<\/p>\n<p><strong><span style=\"color: #ff0000;\">NE FAITES PAS DE REMPLISSAGE DE SABLE, GRAVIER, OU TERRE :<\/span><\/strong> ils sont porteurs de bact\u00e9ries et de compos\u00e9s chimiques pouvant alt\u00e9rer les m\u00e9canismes de survie naturels du lac.<\/p>\n<p><strong><span style=\"color: #ff0000;\">\u00c9VITEZ LES D\u00c9VERSEMENTS D'ESSENCE OU D'HUILE LORSQUE VOUS REMPLISSEZ VOTRE R\u00c9SERVOIRE :<\/span><\/strong> un galon d'huile peut couvrir une superficie de 4 acres d'eau et ne dispara\u00eetra jamais du lac. Faites l\u2019entretien de vos moteurs et le plein d'essence hors du lac en utilisant des entonnoirs et en \u00e9vitant les d\u00e9bordements.<\/p>\n<p><span style=\"color: #ff0000;\"><strong>N'UTILISEZ PAS D'ENGRAIS OU DE PESTICIDES \u00c0 MOINS DE 100 M\u00c8TRES DU LAC :<\/strong> <\/span>Les engrais dilu\u00e9s par la pluie peuvent ruisseler dans le lac engendrant la croissance des algues qui r\u00e9duisent l'oxyg\u00e8ne et tuent les poissons. Les pesticides peuvent empoisonner le lac.<\/p>\n<p><span style=\"color: #ff0000;\"><strong>NE VIDEZ PAS DE LA PEINTURE, DE L'HUILE OU D'AUTRES SUBSTANCES TOXIQUES DANS LES \u00c9GOUTS :<\/strong> <\/span>puisqu'elles pourraient s'infiltrer dans le lac.<\/p>\n<p><span style=\"color: #ff0000;\"><strong>NE JETEZ PAS DE D\u00c9CHETS EN BORDURE DU LAC.<\/strong><\/span><\/p>\n<\/div>\n<p><span style=\"color: #ff0000;\"><strong>NE JETEZ PAS DE M\u00c9GOTS DE CIGARETTE DANS LE LAC.<\/strong><\/span><\/p>\n<p><span style=\"color: #ff0000;\"><strong>NE JETEZ PAS DE FEUILLES MORTES OU DU GAZON DANS LE LAC.<\/strong><\/span><\/p>\n<p>&nbsp;<\/p>","protected":false},"excerpt":{"rendered":"<p>Some Tips to Keep our Lake Healthy The lake is much more than just a basin of water. It&#8217;s a living, breathing thing and needs everyone&#8217;s help to stay alive. Here are some tips to ensure McGregor Lake&#8217;s preservation. DO CHECK YOUR SEPTIC SYSTEM AND ENSURE IT MEETS HEALTH AND SAEFTY STANDARDS: Sewage carries bacteria [&hellip;]<\/p>","protected":false},"author":2,"featured_media":1689,"parent":0,"menu_order":0,"comment_status":"closed","ping_status":"closed","template":"","meta":[],"_links":{"self":[{"href":"https:\/\/lacmcgregorlake.ca\/fr\/wp-json\/wp\/v2\/pages\/93"}],"collection":[{"href":"https:\/\/lacmcgregorlake.ca\/fr\/wp-json\/wp\/v2\/pages"}],"about":[{"href":"https:\/\/lacmcgregorlake.ca\/fr\/wp-json\/wp\/v2\/types\/page"}],"author":[{"embeddable":true,"href":"https:\/\/lacmcgregorlake.ca\/fr\/wp-json\/wp\/v2\/users\/2"}],"replies":[{"embeddable":true,"href":"https:\/\/lacmcgregorlake.ca\/fr\/wp-json\/wp\/v2\/comments?post=93"}],"version-history":[{"count":6,"href":"https:\/\/lacmcgregorlake.ca\/fr\/wp-json\/wp\/v2\/pages\/93\/revisions"}],"predecessor-version":[{"id":1977,"href":"https:\/\/lacmcgregorlake.ca\/fr\/wp-json\/wp\/v2\/pages\/93\/revisions\/1977"}],"wp:featuredmedia":[{"embeddable":true,"href":"https:\/\/lacmcgregorlake.ca\/fr\/wp-json\/wp\/v2\/media\/1689"}],"wp:attachment":[{"href":"https:\/\/lacmcgregorlake.ca\/fr\/wp-json\/wp\/v2\/media?parent=93"}],"curies":[{"name":"wp","href":"https:\/\/api.w.org\/{rel}","templated":true}]}}